{"id":46807,"date":"2024-01-19T08:55:02","date_gmt":"2024-01-19T07:55:02","guid":{"rendered":"https:\/\/www.raschvin.com\/produkt\/becker-cremant-de-alsace-extra-brut-nature-eco-75-cl\/"},"modified":"2024-01-19T08:55:02","modified_gmt":"2024-01-19T07:55:02","slug":"becker-cremant-de-alsace-extra-brut-nature-eco-75-cl","status":"publish","type":"product","link":"https:\/\/www.raschvin.com\/en\/product\/becker-cremant-de-alsace-extra-brut-nature-eco-75-cl\/","title":{"rendered":"Becker Cr\u00e9mant de Alsace Extra Brut Nature &#8211; ECO 75 cl."},"content":{"rendered":"<p>Blend of different terroirs from the Ribeauvill\u00e9 region using grape varieties: Chardonnay \u2013 Pinot Blanc \u2013 Auxerrois \u2013 Pinot Noir. Harvest at high maturity for a more mature expression of the grape varieties. Natural reduction (lactic acid bacteria) of the acid in the base wine.<\/p>\n<p>A rare sparkling natural wine.<\/p>\n<p>From the end of the 19th century, sparkling wines were produced in Alsace according to the traditional method. However, this tradition, which was less alive in the first half of this century, was maintained until the recognition of the Cr\u00e9mant d&#8217;Alsace Appellation d&#8217;Origine Contr\u00f4l\u00e9e by decree of 24 August 1976.<\/p>\n<p>Cr\u00e9mant d&#8217;Alsace&#8217;s original personality and impeccable quality, guaranteed by production rules of exemplary rigour, have been very successful, naturally in Alsace, but also in other French regions and with our European neighbours.<\/p>\n","protected":false},"excerpt":{"rendered":"<p>Organic French Sparkling Wine<\/p>\n","protected":false},"featured_media":46824,"template":"","meta":{"_acf_changed":false,"rs_blank_template":"","rs_page_bg_color":"","slide_template_v7":""},"product_brand":[],"product_cat":[2782,2777],"product_tag":[],"class_list":{"0":"post-46807","1":"product","2":"type-product","3":"status-publish","4":"has-post-thumbnail","6":"product_cat-cremant-en","7":"product_cat-sparkling","8":"pa_drue-chardonnay-en","9":"pa_drue-pinot-auxerrois-en","10":"pa_drue-pinot-blanc-en","11":"pa_drue-pinot-noir-en","12":"pa_land-france","13":"pa_naturlig-vin-organic-wine","14":"pa_oekologisk-yes-en","15":"pa_procent-12-5-en","16":"pa_producent-becker-en","17":"pa_region-alsace-en","18":"pa_serveringstemperatur-8-10-en","19":"pa_volume-75-en","21":"first","22":"instock","23":"taxable","24":"shipping-taxable","25":"purchasable","26":"product-type-simple"},"bundled_by":[],"bundle_stock_status":"instock","bundle_stock_quantity":null,"bundle_virtual":false,"bundle_layout":"","bundle_add_to_cart_form_location":"","bundle_editable_in_cart":false,"bundle_sold_individually_context":"","bundle_item_grouping":"","bundle_min_size":"","bundle_max_size":"","bundle_price":[],"bundled_items":[],"bundle_sell_ids":[],"acf":[],"_links":{"self":[{"href":"https:\/\/www.raschvin.com\/en\/wp-json\/wp\/v2\/product\/46807","targetHints":{"allow":["GET"]}}],"collection":[{"href":"https:\/\/www.raschvin.com\/en\/wp-json\/wp\/v2\/product"}],"about":[{"href":"https:\/\/www.raschvin.com\/en\/wp-json\/wp\/v2\/types\/product"}],"wp:featuredmedia":[{"embeddable":true,"href":"https:\/\/www.raschvin.com\/en\/wp-json\/wp\/v2\/media\/46824"}],"wp:attachment":[{"href":"https:\/\/www.raschvin.com\/en\/wp-json\/wp\/v2\/media?parent=46807"}],"wp:term":[{"taxonomy":"product_brand","embeddable":true,"href":"https:\/\/www.raschvin.com\/en\/wp-json\/wp\/v2\/product_brand?post=46807"},{"taxonomy":"product_cat","embeddable":true,"href":"https:\/\/www.raschvin.com\/en\/wp-json\/wp\/v2\/product_cat?post=46807"},{"taxonomy":"product_tag","embeddable":true,"href":"https:\/\/www.raschvin.com\/en\/wp-json\/wp\/v2\/product_tag?post=46807"}],"curies":[{"name":"wp","href":"https:\/\/api.w.org\/{rel}","templated":true}]}}