{"id":45141,"date":"2025-04-24T15:42:20","date_gmt":"2025-04-24T13:42:20","guid":{"rendered":"https:\/\/www.raschvin.com\/produkt\/albert-sounit-cremant-de-bourgogne-cuvee-prestige-demi-sec-75-cl\/"},"modified":"2023-11-24T11:24:20","modified_gmt":"2023-11-24T10:24:20","slug":"albert-sounit-cremant-de-bourgogne-cuvee-prestige-demi-sec-75-cl","status":"publish","type":"product","link":"https:\/\/www.raschvin.com\/en\/product\/albert-sounit-cremant-de-bourgogne-cuvee-prestige-demi-sec-75-cl\/","title":{"rendered":"Albert Sounit Cr\u00e9mant de Bourgogne \u2013 Cuv\u00e9e Prestige Demi Sec 75 cl."},"content":{"rendered":"<p>Burgundy<br \/>\nThe wines from the communes of Rully, Mercurey, Givry and Montagny have previously stood in the shadow of the better-known appellations from C\u00f4te de Beaune and C\u00f4te de Nuits; &#8211; but that is precisely why there are particularly good purchases to be made from here. In many blind tastings, the quality has proven to be on par with even great wines from the C\u00f4te d&#8217;Or, &#8211; and the price is in a much more sympathetic range! The town of Rully, together with Nuits-St.-Georges, was the first in 1822 to produce Cr\u00e9mant using the M\u00e9thode Traditionelle \u2013 copied from the Champagne district.<\/p>\n<p>Domaine Albert Sounit<br \/>\nMaison Albert Sounit is located in the charming wine town of Rully in Burgundy. The winery has been Danish-owned since 1993. The house makes a wide range of Burgundy wines: Cr\u00e9mant de Bourgogne as well as white and red Burgundy from the C\u00f4te Chalonnaise. The house&#8217;s motto is quality above all else, and the grapes for all the house&#8217;s wines are harvested manually (by hand). Only the natural yeast of the grapes is used. The white and red wines are aged in French oak barrels, and bottling takes place without filtration. In 2005, Maison Albert Sounit took over the Domaine Bernollin vineyard in Montagny. The vineyard currently covers 12 ha. vineyards and a fully modernized cuverie. Since 2005, all of Sounit&#8217;s wines have been vinified at Domaine Bernollin \u2013 both grapes from own fields and purchased grapes.<\/p>\n<p>The house&#8217;s Cr\u00e9mant de Bourgogne Cuv\u00e9e Prestige Demi-Sec is made exclusively from grapes from Sounit&#8217;s own vineyard: Domaine Bernollin: approx. 65% Pinot Noir, 30% Chardonnay and 5% Aligot\u00e9. The grapes are harvested by hand and fermented with the grapes&#8217; own, natural yeast. The fine and persistent bubbles of the wine originate from the second fermentation, which took place in the bottle (M\u00e9thode Traditionelle) and the Cr\u00e9mant is aged on its lees for more than 24 months before disgorging (the process where the lees are removed from the Cr\u00e9mant). The law stipulates that Cr\u00e9mant de Bourgogne must age for at least 9 months before disgorging, and thanks to the almost 3 times longer aging time, Albert Sounit&#8217;s Cr\u00e9mant de Bourgogne Cuv\u00e9e Prestige has a very fine and persistent mousse. During disgorging (removal of sediment, dosage and insertion of stopper), a slightly higher dosage is added in Demi-Sec than in Brut.<\/p>\n<p>Vinification: M\u00e9thode Traditionelle &#8211; 24 months aging with lees before disgorging.<\/p>\n<p>Tasting notes: Fresh and fruity bouquet. The Pinot Noir lays a foundation of power and volume, the Chardonnay gives finesse and elegance and the Aligot\u00e9 adds a seductive freshness and crisp acidity.<\/p>\n<p>Recommended for: Dessert, Aperitif<\/p>\n","protected":false},"excerpt":{"rendered":"<p>Maison Albert Sounit \u2013 C\u00f4te Chalonnaise<\/p>\n","protected":false},"featured_media":87510,"template":"","meta":{"_acf_changed":false,"rs_blank_template":"","rs_page_bg_color":"","slide_template_v7":""},"product_brand":[],"product_cat":[2782,2777],"product_tag":[],"class_list":{"0":"post-45141","1":"product","2":"type-product","3":"status-publish","4":"has-post-thumbnail","6":"product_cat-cremant-en","7":"product_cat-sparkling","8":"pa_drue-chardonnay-en","9":"pa_drue-pinot-noir-en","10":"pa_drue-aligote-en","11":"pa_land-france","12":"pa_procent-12-5-en","13":"pa_producent-domaine-albert-sounit-en","14":"pa_region-bourgogne-en","15":"pa_serveringstemperatur-8-10-en","16":"pa_volume-75-en","18":"first","19":"instock","20":"taxable","21":"shipping-taxable","22":"purchasable","23":"product-type-simple"},"bundled_by":[],"bundle_stock_status":"instock","bundle_stock_quantity":null,"bundle_virtual":false,"bundle_layout":"","bundle_add_to_cart_form_location":"","bundle_editable_in_cart":false,"bundle_sold_individually_context":"","bundle_item_grouping":"","bundle_min_size":"","bundle_max_size":"","bundle_price":[],"bundled_items":[],"bundle_sell_ids":[],"acf":[],"_links":{"self":[{"href":"https:\/\/www.raschvin.com\/en\/wp-json\/wp\/v2\/product\/45141","targetHints":{"allow":["GET"]}}],"collection":[{"href":"https:\/\/www.raschvin.com\/en\/wp-json\/wp\/v2\/product"}],"about":[{"href":"https:\/\/www.raschvin.com\/en\/wp-json\/wp\/v2\/types\/product"}],"wp:featuredmedia":[{"embeddable":true,"href":"https:\/\/www.raschvin.com\/en\/wp-json\/wp\/v2\/media\/87510"}],"wp:attachment":[{"href":"https:\/\/www.raschvin.com\/en\/wp-json\/wp\/v2\/media?parent=45141"}],"wp:term":[{"taxonomy":"product_brand","embeddable":true,"href":"https:\/\/www.raschvin.com\/en\/wp-json\/wp\/v2\/product_brand?post=45141"},{"taxonomy":"product_cat","embeddable":true,"href":"https:\/\/www.raschvin.com\/en\/wp-json\/wp\/v2\/product_cat?post=45141"},{"taxonomy":"product_tag","embeddable":true,"href":"https:\/\/www.raschvin.com\/en\/wp-json\/wp\/v2\/product_tag?post=45141"}],"curies":[{"name":"wp","href":"https:\/\/api.w.org\/{rel}","templated":true}]}}