{"id":45124,"date":"2025-04-24T15:39:48","date_gmt":"2025-04-24T13:39:48","guid":{"rendered":"https:\/\/www.raschvin.com\/produkt\/albert-sounit-cremant-de-bourgogne-cuvee-prestige-brut-75-cl\/"},"modified":"2025-04-24T15:39:27","modified_gmt":"2025-04-24T13:39:27","slug":"albert-sounit-cremant-de-bourgogne-cuvee-prestige-brut-75-cl","status":"publish","type":"product","link":"https:\/\/www.raschvin.com\/en\/product\/albert-sounit-cremant-de-bourgogne-cuvee-prestige-brut-75-cl\/","title":{"rendered":"Albert Sounit Cr\u00e9mant de Bourgogne &#8211; Cuv\u00e9e Prestige Brut 75 cl."},"content":{"rendered":"<p>Albert Sounit&#8217;s Cuv\u00e9e Prestige breaks the sound barrier of what should be possible for a Cr\u00e9mant de Bourgogne!<br \/>\nAn incredibly elegant alternative to Champagne. Lots of apple core, citrus, and a hint of rye porridge. Clean and razor-sharp on the palate with a beautiful and dancing acid attack.<\/p>\n<p>A rather intense and well-developed fruit nose with lovely ripeness and crisp herbal spice. Beautiful craftsmanship with lots of finesse and remarkable detail. Rounded, crisp, and aromatic fruit with pronounced delicacy and immediate charm. Crafted in the style of Champagne.<\/p>\n<p>In this dry Cr\u00e9mant from Burgundy, Pinot Meunier is replaced with Aligot\u00e9. This gives an extra fresh dimension to the light and acidic fruits, delivering a concentrated and delicious flavor of light apples and citrus that blend wonderfully with the classic French sparkling style. We\u2019re on the dry side here, but thanks to the varied fruit expressions, it&#8217;s still full-bodied and pleasant.<\/p>\n<p>Vinbladet<br \/>\n91 Points<\/p>\n<p>Flaskehalsen<br \/>\n93 Points<\/p>\n<p>Double Gold Winner<\/p>\n<p>Cr\u00e9mant de Bourgogne Prestige Brut is an elegant Cr\u00e9mant full of seductive freshness with fine fruit notes, crisp acidity, and an incredibly delicate and persistent mousse. This fine Cr\u00e9mant has won gold medals at both the National Cr\u00e9mant and Bourg Aujourd\u2019hui competitions, and was a top scorer in tests by Politiken and Gastromand.<\/p>\n<p>From a Danish wine pioneer\u2019s winery in Burgundy<\/p>\n<p>Maison Albert Sounit is located in a more than 150-year-old wine estate in Rully, Burgundy, whose beautiful wine cellars were among the original sites for Cr\u00e9mant de Bourgogne production. The Danish wine pioneer Knud Kjellerup took over the company in 1993, and since then, together with his two partners and the estate\u2019s team, has worked tirelessly to set new standards for quality in the C\u00f4te Chalonnaise.<\/p>\n<p>How this Cr\u00e9mant is made<\/p>\n<p>The house&#8217;s Cr\u00e9mant de Bourgogne Cuv\u00e9e Prestige is made exclusively from grapes grown at Sounit\u2019s own estate, Domaine Bernollin, consisting of approximately 65% Pinot Noir, 30% Chardonnay, and 5% Aligot\u00e9. The grapes are hand-harvested and fermented using native yeasts. The wine\u2019s fine and persistent bubbles come from the second fermentation, which takes place in the bottle \u2013 M\u00e9thode Traditionnelle \u2013 and the Cr\u00e9mant is aged on the lees for more than 24 months before disgorgement, the process of removing the lees. The law requires Cr\u00e9mant de Bourgogne to age at least 9 months before disgorgement, and thanks to the nearly three times longer aging, Albert Sounit\u2019s Cr\u00e9mant de Bourgogne Cuv\u00e9e Prestige boasts a very fine and lasting mousse. At disgorgement, a small dosage (0.5%) is added.<\/p>\n","protected":false},"excerpt":{"rendered":"<p>Maison Albert Sounit \u2013 C\u00f4te Chalonnaise<\/p>\n","protected":false},"featured_media":87507,"template":"","meta":{"_acf_changed":false,"rs_blank_template":"","rs_page_bg_color":"","slide_template_v7":""},"product_brand":[],"product_cat":[2782,2777],"product_tag":[],"class_list":{"0":"post-45124","1":"product","2":"type-product","3":"status-publish","4":"has-post-thumbnail","6":"product_cat-cremant-en","7":"product_cat-sparkling","8":"pa_drue-chardonnay-en","9":"pa_drue-pinot-noir-en","10":"pa_drue-aligote-en","11":"pa_land-france","12":"pa_procent-12-5-en","13":"pa_producent-domaine-albert-sounit-en","14":"pa_region-bourgogne-en","15":"pa_serveringstemperatur-10-12-en-2","16":"pa_volume-75-en","18":"first","19":"instock","20":"taxable","21":"shipping-taxable","22":"purchasable","23":"product-type-simple"},"bundled_by":[],"bundle_stock_status":"instock","bundle_stock_quantity":null,"bundle_virtual":false,"bundle_layout":"","bundle_add_to_cart_form_location":"","bundle_editable_in_cart":false,"bundle_sold_individually_context":"","bundle_item_grouping":"","bundle_min_size":"","bundle_max_size":"","bundle_price":[],"bundled_items":[],"bundle_sell_ids":[],"acf":[],"_links":{"self":[{"href":"https:\/\/www.raschvin.com\/en\/wp-json\/wp\/v2\/product\/45124","targetHints":{"allow":["GET"]}}],"collection":[{"href":"https:\/\/www.raschvin.com\/en\/wp-json\/wp\/v2\/product"}],"about":[{"href":"https:\/\/www.raschvin.com\/en\/wp-json\/wp\/v2\/types\/product"}],"wp:featuredmedia":[{"embeddable":true,"href":"https:\/\/www.raschvin.com\/en\/wp-json\/wp\/v2\/media\/87507"}],"wp:attachment":[{"href":"https:\/\/www.raschvin.com\/en\/wp-json\/wp\/v2\/media?parent=45124"}],"wp:term":[{"taxonomy":"product_brand","embeddable":true,"href":"https:\/\/www.raschvin.com\/en\/wp-json\/wp\/v2\/product_brand?post=45124"},{"taxonomy":"product_cat","embeddable":true,"href":"https:\/\/www.raschvin.com\/en\/wp-json\/wp\/v2\/product_cat?post=45124"},{"taxonomy":"product_tag","embeddable":true,"href":"https:\/\/www.raschvin.com\/en\/wp-json\/wp\/v2\/product_tag?post=45124"}],"curies":[{"name":"wp","href":"https:\/\/api.w.org\/{rel}","templated":true}]}}