{"id":44294,"date":"2023-11-10T07:43:46","date_gmt":"2023-11-10T06:43:46","guid":{"rendered":"https:\/\/www.raschvin.com\/produkt\/frederiksdal-roed-sparkling-wine-75-cl-105\/"},"modified":"2023-11-10T07:43:46","modified_gmt":"2023-11-10T06:43:46","slug":"frederiksdal-roed-sparkling-wine-75-cl-105","status":"publish","type":"product","link":"https:\/\/www.raschvin.com\/en\/product\/frederiksdal-roed-sparkling-wine-75-cl-105\/","title":{"rendered":"Frederiksdal R\u00d8D Sparkling Wine 75 cl. 10,5%"},"content":{"rendered":"<p>Frederiksdal&#8217;s newest addition is Frederiksdal R\u00d8D \u2013 a sparkling wine! The wine is deep red, sparkling, juicy and full of sweetness.<\/p>\n<p>To emphasize the fresh taste of cherries and give the wine more sweetness, we have added our Frederiksdal 2015. The result is a fresh and mouth-watering sparkling, Semi-Sec.<\/p>\n<p>Frederiksdal R\u00d8D is produced on Stevn cherries from our own plantations with added pears from Lolland.<\/p>\n<p>The Stevnkirseb\u00e4rret, which we have at Frederiksdal Estates, is rich and highly concentrated. The cherry helps to give intensity and weight to our sparkling wine.<\/p>\n<p>Wine of pears is elegant and light. When you mix pears and cherries, you get the perfect combination of the lightness of the pears and the intensity of the cherry dish.<\/p>\n<p>Frederiksdal R\u00d8D is made from Stevnsb\u00e6r from our plantation J\u00f8rgensmark. It is a young plantation, so the berries from here give a fruity, and not too strong wine.<\/p>\n<p>The pears are pressed directly to produce as light and elegant a wine as possible.<\/p>\n<p>Pears and cherries ferment separately so that we can subsequently find the unique mixing ratio &#8211; fruit behaves differently year after year. In this version, the ratio is 60% cherries and 40% pears. After mixing, it has bubbles.<\/p>\n<p>ALSO TRY FREDERIKSDAL LIQUOR OR FREDERIKSDAL VERMOUTH, THEY FIT PERFECTLY AS PART OF COCKTAILS. FIND INSPIRATION FOR COCKTAIL RECIPES.<\/p>\n<p>SUITABLE FOR: FREDERIKSDAL RED IS PERFECT WITH STRAWBERRIES, RASPBERRIES, CHERRIES, CHEESECAKE WITH FRESH BERRIES OR FRUIT ON TOP, AS A WELCOME DRINK OR JUST AS A DELICIOUS GLASS OF WINE ON THE TERRACE. ENJOY THE COOLING!<\/p>\n<p>RATINGS: SILVER MEDAL INTERNATIONAL FOOD CONTEST, IFW AWARD 2018\u272d \u272d \u272d \u272d GASTRO\u272d \u272d \u272d \u272d \u272d NORTH JYSKE<\/p>\n","protected":false},"excerpt":{"rendered":"<p>Danish Quality Sparkling Wine<\/p>\n","protected":false},"featured_media":44341,"template":"","meta":{"_acf_changed":false,"rs_blank_template":"","rs_page_bg_color":"","slide_template_v7":""},"product_brand":[],"product_cat":[2778,2777],"product_tag":[],"class_list":{"0":"post-44294","1":"product","2":"type-product","3":"status-publish","4":"has-post-thumbnail","6":"product_cat-other","7":"product_cat-sparkling","8":"pa_land-denmark","9":"pa_procent-10-5-en","10":"pa_producent-frederiksdal-kirsebaervin-en","11":"pa_region-lolland-en","12":"pa_volume-75-en","14":"first","15":"instock","16":"sale","17":"taxable","18":"shipping-taxable","19":"purchasable","20":"product-type-simple"},"bundled_by":[],"bundle_stock_status":"instock","bundle_stock_quantity":null,"bundle_virtual":false,"bundle_layout":"","bundle_add_to_cart_form_location":"","bundle_editable_in_cart":false,"bundle_sold_individually_context":"","bundle_item_grouping":"","bundle_min_size":"","bundle_max_size":"","bundle_price":[],"bundled_items":[],"bundle_sell_ids":[],"acf":[],"_links":{"self":[{"href":"https:\/\/www.raschvin.com\/en\/wp-json\/wp\/v2\/product\/44294","targetHints":{"allow":["GET"]}}],"collection":[{"href":"https:\/\/www.raschvin.com\/en\/wp-json\/wp\/v2\/product"}],"about":[{"href":"https:\/\/www.raschvin.com\/en\/wp-json\/wp\/v2\/types\/product"}],"wp:featuredmedia":[{"embeddable":true,"href":"https:\/\/www.raschvin.com\/en\/wp-json\/wp\/v2\/media\/44341"}],"wp:attachment":[{"href":"https:\/\/www.raschvin.com\/en\/wp-json\/wp\/v2\/media?parent=44294"}],"wp:term":[{"taxonomy":"product_brand","embeddable":true,"href":"https:\/\/www.raschvin.com\/en\/wp-json\/wp\/v2\/product_brand?post=44294"},{"taxonomy":"product_cat","embeddable":true,"href":"https:\/\/www.raschvin.com\/en\/wp-json\/wp\/v2\/product_cat?post=44294"},{"taxonomy":"product_tag","embeddable":true,"href":"https:\/\/www.raschvin.com\/en\/wp-json\/wp\/v2\/product_tag?post=44294"}],"curies":[{"name":"wp","href":"https:\/\/api.w.org\/{rel}","templated":true}]}}