{"id":44201,"date":"2023-11-09T09:04:41","date_gmt":"2023-11-09T08:04:41","guid":{"rendered":"https:\/\/www.raschvin.com\/produkt\/broendum-kummenaquavit-35-cl-45\/"},"modified":"2023-11-09T09:04:41","modified_gmt":"2023-11-09T08:04:41","slug":"broendum-kummenaquavit-35-cl-45","status":"publish","type":"product","link":"https:\/\/www.raschvin.com\/en\/product\/broendum-kummenaquavit-35-cl-45\/","title":{"rendered":"Br\u00f8ndum Kummenaquavit 35 cl. 45%"},"content":{"rendered":"<p>The aquavit of the aquavits was produced for the first time in 1840. Br\u00f8ndum&#8217;s Kummenaquavit is a complex and powerful aquavit with a spicy taste of cumin, added a touch of cinnamon, which gives roundness to the full-bodied cumin.<\/p>\n<p>Good at:<br \/>\nFish &#8211; fatty, fish &#8211; lean, cheese &#8211; strong, cheese &#8211; mild<\/p>\n<p>About the manufacturer<\/p>\n<p>In 1840, Anthon Br\u00f8ndum founded his distillery in Snaregade in Copenhagen. Br\u00f8ndum&#8217;s Snaps have roots back to this year. In connection with the founding, Br\u00f8ndum Kummensnaps was launched, and it is thus the oldest still existing schnapps in Denmark. From 1840 to 1884, the distillery was in the hands of the Br\u00f8ndum family.<\/p>\n<p>Br\u00f8ndum Kummen Akvavit is one of the oldest akvavits in Denmark and contains flavors of caraway, star anise, cinnamon, orange etc. due to the high alcohol content and the spicy taste, the aquavit should be served chilled.<\/p>\n","protected":false},"excerpt":{"rendered":"<p>A. Br\u00f8ndum &#038; S\u00f8n A\/S &#8211; Danish Akvavit<\/p>\n","protected":false},"featured_media":44249,"template":"","meta":{"_acf_changed":false,"rs_blank_template":"","rs_page_bg_color":"","slide_template_v7":""},"product_brand":[],"product_cat":[991],"product_tag":[],"class_list":{"0":"post-44201","1":"product","2":"type-product","3":"status-publish","4":"has-post-thumbnail","6":"product_cat-akvavit-snaps-en","7":"pa_land-denmark","8":"pa_procent-45-en","9":"pa_producent-de-danske-spritfabrikker-en","10":"pa_volume-35-en","12":"first","13":"instock","14":"taxable","15":"shipping-taxable","16":"purchasable","17":"product-type-simple"},"bundled_by":[],"bundle_stock_status":"instock","bundle_stock_quantity":null,"bundle_virtual":false,"bundle_layout":"","bundle_add_to_cart_form_location":"","bundle_editable_in_cart":false,"bundle_sold_individually_context":"","bundle_item_grouping":"","bundle_min_size":"","bundle_max_size":"","bundle_price":[],"bundled_items":[],"bundle_sell_ids":[],"acf":[],"_links":{"self":[{"href":"https:\/\/www.raschvin.com\/en\/wp-json\/wp\/v2\/product\/44201","targetHints":{"allow":["GET"]}}],"collection":[{"href":"https:\/\/www.raschvin.com\/en\/wp-json\/wp\/v2\/product"}],"about":[{"href":"https:\/\/www.raschvin.com\/en\/wp-json\/wp\/v2\/types\/product"}],"wp:featuredmedia":[{"embeddable":true,"href":"https:\/\/www.raschvin.com\/en\/wp-json\/wp\/v2\/media\/44249"}],"wp:attachment":[{"href":"https:\/\/www.raschvin.com\/en\/wp-json\/wp\/v2\/media?parent=44201"}],"wp:term":[{"taxonomy":"product_brand","embeddable":true,"href":"https:\/\/www.raschvin.com\/en\/wp-json\/wp\/v2\/product_brand?post=44201"},{"taxonomy":"product_cat","embeddable":true,"href":"https:\/\/www.raschvin.com\/en\/wp-json\/wp\/v2\/product_cat?post=44201"},{"taxonomy":"product_tag","embeddable":true,"href":"https:\/\/www.raschvin.com\/en\/wp-json\/wp\/v2\/product_tag?post=44201"}],"curies":[{"name":"wp","href":"https:\/\/api.w.org\/{rel}","templated":true}]}}