{"id":43343,"date":"2025-10-23T18:50:46","date_gmt":"2025-10-23T16:50:46","guid":{"rendered":"https:\/\/www.raschvin.com\/produkt\/blossa-gloegg-rose-75-cl-10\/"},"modified":"2023-10-29T22:00:15","modified_gmt":"2023-10-29T21:00:15","slug":"blossa-gloegg-rose-75-cl-10","status":"publish","type":"product","link":"https:\/\/www.raschvin.com\/en\/product\/blossa-gloegg-rose-75-cl-10\/","title":{"rendered":"Blossa Gl\u00f6gg Ros\u00e9 75 cl. 10%"},"content":{"rendered":"<p>SPREAD THE CHRISTMAS SPIRIT IN THE WINTER SUN WITH THIS NEW PRODUCT FROM SWEDISH BLOSSA<\/p>\n<p>Blossa has produced an absolutely fantastic gl\u00f6gg that is fruitier in taste due to the addition of strawberries and cranberries. Mixed with the classic spices from blossa, you have here a fantastic gl\u00f6gg that can be enjoyed both hot and cold.<\/p>\n<p>Blossa Ros\u00e9 is a fresh addition to the Blossa gl\u00f6gg family with a drier and less sweet flavor profile compared to traditional Nordic gl\u00f6gg. The taste and aroma are of Blossa&#8217;s signature gl\u00f6gg spices including cloves, cardamom and ginger. On the palate it has notes of strawberry and cranberry. Blossa Ros\u00e9 can be enjoyed in the classic way and warm. It can also be enjoyed cold.<br \/>\nUse this gl\u00f6gg as a festive feature for the many Christmas lunches. Add any some sparkling wine and spirits\/sports water for a festive cocktail.<br \/>\n75 cl..<\/p>\n","protected":false},"excerpt":{"rendered":"<p>Swedish Ros\u00e9 Gl\u00f6gg<\/p>\n","protected":false},"featured_media":43360,"template":"","meta":{"_acf_changed":false,"rs_blank_template":"","rs_page_bg_color":"","slide_template_v7":""},"product_brand":[],"product_cat":[4462,4429,2789],"product_tag":[],"class_list":{"0":"post-43343","1":"product","2":"type-product","3":"status-publish","4":"has-post-thumbnail","6":"product_cat-christmas","7":"product_cat-mulled-wine","8":"product_cat-wine","9":"pa_land-sweden","10":"pa_procent-10-en","11":"pa_producent-anora-group-en","12":"pa_volume-75-en","14":"first","15":"instock","16":"taxable","17":"shipping-taxable","18":"purchasable","19":"product-type-simple"},"bundled_by":[],"bundle_stock_status":"instock","bundle_stock_quantity":null,"bundle_virtual":false,"bundle_layout":"","bundle_add_to_cart_form_location":"","bundle_editable_in_cart":false,"bundle_sold_individually_context":"","bundle_item_grouping":"","bundle_min_size":"","bundle_max_size":"","bundle_price":[],"bundled_items":[],"bundle_sell_ids":[],"acf":[],"_links":{"self":[{"href":"https:\/\/www.raschvin.com\/en\/wp-json\/wp\/v2\/product\/43343","targetHints":{"allow":["GET"]}}],"collection":[{"href":"https:\/\/www.raschvin.com\/en\/wp-json\/wp\/v2\/product"}],"about":[{"href":"https:\/\/www.raschvin.com\/en\/wp-json\/wp\/v2\/types\/product"}],"wp:featuredmedia":[{"embeddable":true,"href":"https:\/\/www.raschvin.com\/en\/wp-json\/wp\/v2\/media\/43360"}],"wp:attachment":[{"href":"https:\/\/www.raschvin.com\/en\/wp-json\/wp\/v2\/media?parent=43343"}],"wp:term":[{"taxonomy":"product_brand","embeddable":true,"href":"https:\/\/www.raschvin.com\/en\/wp-json\/wp\/v2\/product_brand?post=43343"},{"taxonomy":"product_cat","embeddable":true,"href":"https:\/\/www.raschvin.com\/en\/wp-json\/wp\/v2\/product_cat?post=43343"},{"taxonomy":"product_tag","embeddable":true,"href":"https:\/\/www.raschvin.com\/en\/wp-json\/wp\/v2\/product_tag?post=43343"}],"curies":[{"name":"wp","href":"https:\/\/api.w.org\/{rel}","templated":true}]}}