{"id":42355,"date":"2023-10-25T18:12:57","date_gmt":"2023-10-25T16:12:57","guid":{"rendered":"https:\/\/www.raschvin.com\/produkt\/tequila-tapatio-excelencia-gran-reserva-extra-anejo-100-cl-40\/"},"modified":"2023-10-25T18:12:57","modified_gmt":"2023-10-25T16:12:57","slug":"tequila-tapatio-excelencia-gran-reserva-extra-anejo-100-cl-40","status":"publish","type":"product","link":"https:\/\/www.raschvin.com\/en\/product\/tequila-tapatio-excelencia-gran-reserva-extra-anejo-100-cl-40\/","title":{"rendered":"Tequila Tapat\u00edo Excelencia Gran Reserva Extra A\u00f1ejo 100 cl. 40%"},"content":{"rendered":"<p>Tapat\u00edo Excelencia Gran Reserva is Tapat\u00edo&#8217;s oldest tequila. With its 4 years in first-fill casks of &#8220;deep charred&#8221; (charred) American oak, it is classified as an &#8220;extra a\u00f1ejo&#8221;, and during storage it has acquired great complexity, fullness and spicy cask notes, which of course are in perfect balance with the agave notes you will not want to be without in a tequila of 100% agave.<\/p>\n<p>Colour: Mahogany.<br \/>\nAroma: Very concentrated aroma of maple syrup, apple pie, cinnamon and caramel.<br \/>\nTasting notes: Dark and rich taste with chocolate cake, brown sugar, cloves and walnuts.<\/p>\n<p>Serving suggestion: Should be enjoyed neat, like a good cognac or whiskey.<\/p>\n<p>Tapatio is produced at La Alte\u00f1a in the highlands of Los Altos near the town of Arandas in Mexico. The distillery was founded by Don Felipe Camarena in 1937, some time after the family&#8217;s original distillery burned down during the Mexican Revolution. Today it is Carlos Camarena who can call himself the master distiller at La Alte\u00f1a, where he also produces famous brands such as Ocho, El Tesoro and Excellia.<\/p>\n<p>Tapatio is made from 100% agave which is baked in stone ovens before the juice is squeezed out of the fibres. The juice is fermented exclusively with naturally occurring yeast in vessels made of oak and pine before it is distilled in steel and copper kettles. Some varieties \u2013 reposado, a\u00f1ejo and extra a\u00f1ejo \u2013 age in American oak casks before bottling, while the blanco simply rests for a while in stainless steel tanks.<\/p>\n","protected":false},"excerpt":{"rendered":"<p>Hecho En Mexico &#8211; Los Altos<\/p>\n","protected":false},"featured_media":42369,"template":"","meta":{"_acf_changed":false,"rs_blank_template":"","rs_page_bg_color":"","slide_template_v7":""},"product_brand":[],"product_cat":[998,1004],"product_tag":[],"class_list":{"0":"post-42355","1":"product","2":"type-product","3":"status-publish","4":"has-post-thumbnail","6":"product_cat-liquor-en","7":"product_cat-tequila-mescal-en","8":"pa_champagne-type-extra-anejo-en-2","9":"pa_land-mexico-en","10":"pa_procent-40-en-2","11":"pa_producent-tapatio-en","12":"pa_region-los-altos-en","13":"pa_volume-100-en","15":"first","16":"instock","17":"taxable","18":"shipping-taxable","19":"purchasable","20":"product-type-simple"},"bundled_by":[],"bundle_stock_status":"instock","bundle_stock_quantity":null,"bundle_virtual":false,"bundle_layout":"","bundle_add_to_cart_form_location":"","bundle_editable_in_cart":false,"bundle_sold_individually_context":"","bundle_item_grouping":"","bundle_min_size":"","bundle_max_size":"","bundle_price":[],"bundled_items":[],"bundle_sell_ids":[],"acf":[],"_links":{"self":[{"href":"https:\/\/www.raschvin.com\/en\/wp-json\/wp\/v2\/product\/42355","targetHints":{"allow":["GET"]}}],"collection":[{"href":"https:\/\/www.raschvin.com\/en\/wp-json\/wp\/v2\/product"}],"about":[{"href":"https:\/\/www.raschvin.com\/en\/wp-json\/wp\/v2\/types\/product"}],"wp:featuredmedia":[{"embeddable":true,"href":"https:\/\/www.raschvin.com\/en\/wp-json\/wp\/v2\/media\/42369"}],"wp:attachment":[{"href":"https:\/\/www.raschvin.com\/en\/wp-json\/wp\/v2\/media?parent=42355"}],"wp:term":[{"taxonomy":"product_brand","embeddable":true,"href":"https:\/\/www.raschvin.com\/en\/wp-json\/wp\/v2\/product_brand?post=42355"},{"taxonomy":"product_cat","embeddable":true,"href":"https:\/\/www.raschvin.com\/en\/wp-json\/wp\/v2\/product_cat?post=42355"},{"taxonomy":"product_tag","embeddable":true,"href":"https:\/\/www.raschvin.com\/en\/wp-json\/wp\/v2\/product_tag?post=42355"}],"curies":[{"name":"wp","href":"https:\/\/api.w.org\/{rel}","templated":true}]}}