{"id":41468,"date":"2023-10-10T11:39:04","date_gmt":"2023-10-10T09:39:04","guid":{"rendered":"https:\/\/www.raschvin.com\/produkt\/hernoe-pink-btl-gin-eco-50-cl-42\/"},"modified":"2023-10-10T11:40:53","modified_gmt":"2023-10-10T09:40:53","slug":"hernoe-pink-btl-gin-eco-50-cl-42","status":"publish","type":"product","link":"https:\/\/www.raschvin.com\/en\/product\/hernoe-pink-btl-gin-eco-50-cl-42\/","title":{"rendered":"Hern\u00f6 Pink BTL Gin (ECO) 50 cl. 42%"},"content":{"rendered":"<p>This is not a cocktail.<br \/>\nPink Gin is a cocktail.<br \/>\nThis is a pink bottle of a gin.<\/p>\n<p>THIS IS A NO-BULLSHIT GIN<\/p>\n<p>Hern\u00f6 Pink BTL Gin is an organic London Dry Gin made without additives such as colour, artificial flavors or sugar. According to Hern\u00f6 Gin, gin should not be colored.<br \/>\nHern\u00f6 Pink BTL Gin is a fruity and floral gin with dominant juniper notes. It is distilled from 8 organic botanicals, including juniper berries, strawberries and rose petals.<br \/>\nIn the scent you will find plenty of juniper berries, crisp, green forest as well as fresh citrus, red fruits and a hint of spices. The taste starts floral and is followed by juicy juniper, red fruits and coriander. It is characterized by citrus with underlying spices and cassia bark. Strawberries linger with juniper and spicy notes in the soft, warm and long finish.<\/p>\n<p>AWARDS<br \/>\n\u2022 Masters 2020 | The Gin Masters | The Spirits Business 2020<br \/>\n400 kilometers north of Stockholm you will find the small gin distillery, Hern\u00f6 Gin, in the town of Dala. The distillery is the first dedicated gin distillery in Sweden and reportedly also the northernmost gin distillery in the world. Hern\u00f6 Gin was established in 2011 and on 1 December 2012 the first gin, Hern\u00f6 Dry Gin, was released. It all started with a passion for gin, and to this day Hern\u00f6 Gin is the most award-winning gin in Europe.<\/p>\n","protected":false},"excerpt":{"rendered":"<p>Handcrafted Scandinavian Organic Gin<\/p>\n","protected":false},"featured_media":41474,"template":"","meta":{"_acf_changed":false,"rs_blank_template":"","rs_page_bg_color":"","slide_template_v7":""},"product_brand":[],"product_cat":[4699,1000,998,4696],"product_tag":[],"class_list":{"0":"post-41468","1":"product","2":"type-product","3":"status-publish","4":"has-post-thumbnail","6":"product_cat-flavoured-gin-en","7":"product_cat-gin-en","8":"product_cat-liquor-en","9":"product_cat-rose-gin-en","10":"pa_land-sweden","11":"pa_oekologisk-ja-en","12":"pa_procent-42-en","13":"pa_producent-hernoe-destilleri-en","14":"pa_region-haernoesand-en","15":"pa_volume-50-en","17":"first","18":"instock","19":"sale","20":"taxable","21":"shipping-taxable","22":"purchasable","23":"product-type-simple"},"bundled_by":["117247"],"bundle_stock_status":"instock","bundle_stock_quantity":null,"bundle_virtual":false,"bundle_layout":"","bundle_add_to_cart_form_location":"","bundle_editable_in_cart":false,"bundle_sold_individually_context":"","bundle_item_grouping":"","bundle_min_size":"","bundle_max_size":"","bundle_price":[],"bundled_items":[],"bundle_sell_ids":[],"acf":[],"_links":{"self":[{"href":"https:\/\/www.raschvin.com\/en\/wp-json\/wp\/v2\/product\/41468","targetHints":{"allow":["GET"]}}],"collection":[{"href":"https:\/\/www.raschvin.com\/en\/wp-json\/wp\/v2\/product"}],"about":[{"href":"https:\/\/www.raschvin.com\/en\/wp-json\/wp\/v2\/types\/product"}],"wp:featuredmedia":[{"embeddable":true,"href":"https:\/\/www.raschvin.com\/en\/wp-json\/wp\/v2\/media\/41474"}],"wp:attachment":[{"href":"https:\/\/www.raschvin.com\/en\/wp-json\/wp\/v2\/media?parent=41468"}],"wp:term":[{"taxonomy":"product_brand","embeddable":true,"href":"https:\/\/www.raschvin.com\/en\/wp-json\/wp\/v2\/product_brand?post=41468"},{"taxonomy":"product_cat","embeddable":true,"href":"https:\/\/www.raschvin.com\/en\/wp-json\/wp\/v2\/product_cat?post=41468"},{"taxonomy":"product_tag","embeddable":true,"href":"https:\/\/www.raschvin.com\/en\/wp-json\/wp\/v2\/product_tag?post=41468"}],"curies":[{"name":"wp","href":"https:\/\/api.w.org\/{rel}","templated":true}]}}