{"id":41432,"date":"2023-10-10T11:11:22","date_gmt":"2023-10-10T09:11:22","guid":{"rendered":"https:\/\/www.raschvin.com\/produkt\/hernoe-dry-gin-eco-50-cl-405\/"},"modified":"2023-10-10T11:11:22","modified_gmt":"2023-10-10T09:11:22","slug":"hernoe-dry-gin-eco-50-cl-405","status":"publish","type":"product","link":"https:\/\/www.raschvin.com\/en\/product\/hernoe-dry-gin-eco-50-cl-405\/","title":{"rendered":"Hern\u00f6 Dry Gin (ECO) 50 cl. 40,5%"},"content":{"rendered":"<p>Hern\u00f6 Dry Gin is a top-reviewed gin that has become extremely famous and recognized. Crafted from natural and carefully selected organic botanicals, it is a round and smooth gin.<br \/>\nHern\u00f6 Dry Gin has a round aroma of juniper, fresh citrus and a floral complexity. The taste offers a rich and slightly oily texture, fresh, crisp, green and spicy notes of coriander and a soft sweetness combined with vanilla and cassia bark. The finish in Hern\u00f6 Gin is long with notes of citrus and juniper with a hint of black pepper.<\/p>\n<p>AWARDS<\/p>\n<p>\u2022 Gold | San Francisco World Spirits Competition 2020<br \/>\n\u2022 Double Gold | International Spirits Challenge 2020<br \/>\n\u2022 Gold | The Gin Masters | The Spirits Business 2020<br \/>\n\u2022 Gold | International Gin Producer | International Wine &#038; Spirit Competition 2017<br \/>\n\u2022 Gold | Gin &#038; Tonic | International Wine &#038; Spirit Competition 2016<\/p>\n<p>400 kilometers north of Stockholm you will find the small gin distillery, Hern\u00f6 Gin, in the town of Dala. The distillery is the first dedicated gin distillery in Sweden and reportedly also the northernmost gin distillery in the world. Hern\u00f6 Gin was established in 2011 and on 1 December 2012 the first gin, Hern\u00f6 Dry Gin, was released. It all started with a passion for gin, and to this day Hern\u00f6 Gin is the most award-winning gin in Europe.<\/p>\n","protected":false},"excerpt":{"rendered":"<p>Handcrafted Scandinavian Organic Gin<\/p>\n","protected":false},"featured_media":41447,"template":"","meta":{"_acf_changed":false,"rs_blank_template":"","rs_page_bg_color":"","slide_template_v7":""},"product_brand":[],"product_cat":[998,1000,4687],"product_tag":[],"class_list":{"0":"post-41432","1":"product","2":"type-product","3":"status-publish","4":"has-post-thumbnail","6":"product_cat-liquor-en","7":"product_cat-gin-en","8":"product_cat-london-dry-en","9":"pa_land-sweden","10":"pa_oekologisk-ja-en","11":"pa_procent-40-5-en","12":"pa_producent-hernoe-destilleri-en","13":"pa_region-haernoesand-en","14":"pa_volume-50-en","16":"first","17":"instock","18":"sale","19":"taxable","20":"shipping-taxable","21":"purchasable","22":"product-type-simple"},"bundled_by":[],"bundle_stock_status":"instock","bundle_stock_quantity":null,"bundle_virtual":false,"bundle_layout":"","bundle_add_to_cart_form_location":"","bundle_editable_in_cart":false,"bundle_sold_individually_context":"","bundle_item_grouping":"","bundle_min_size":"","bundle_max_size":"","bundle_price":[],"bundled_items":[],"bundle_sell_ids":[],"acf":[],"_links":{"self":[{"href":"https:\/\/www.raschvin.com\/en\/wp-json\/wp\/v2\/product\/41432","targetHints":{"allow":["GET"]}}],"collection":[{"href":"https:\/\/www.raschvin.com\/en\/wp-json\/wp\/v2\/product"}],"about":[{"href":"https:\/\/www.raschvin.com\/en\/wp-json\/wp\/v2\/types\/product"}],"wp:featuredmedia":[{"embeddable":true,"href":"https:\/\/www.raschvin.com\/en\/wp-json\/wp\/v2\/media\/41447"}],"wp:attachment":[{"href":"https:\/\/www.raschvin.com\/en\/wp-json\/wp\/v2\/media?parent=41432"}],"wp:term":[{"taxonomy":"product_brand","embeddable":true,"href":"https:\/\/www.raschvin.com\/en\/wp-json\/wp\/v2\/product_brand?post=41432"},{"taxonomy":"product_cat","embeddable":true,"href":"https:\/\/www.raschvin.com\/en\/wp-json\/wp\/v2\/product_cat?post=41432"},{"taxonomy":"product_tag","embeddable":true,"href":"https:\/\/www.raschvin.com\/en\/wp-json\/wp\/v2\/product_tag?post=41432"}],"curies":[{"name":"wp","href":"https:\/\/api.w.org\/{rel}","templated":true}]}}