{"id":41417,"date":"2023-10-10T10:56:56","date_gmt":"2023-10-10T08:56:56","guid":{"rendered":"https:\/\/www.raschvin.com\/produkt\/hernoe-navy-strength-gin-eco-50-cl-57\/"},"modified":"2023-10-10T10:56:56","modified_gmt":"2023-10-10T08:56:56","slug":"hernoe-navy-strength-gin-eco-50-cl-57","status":"publish","type":"product","link":"https:\/\/www.raschvin.com\/en\/product\/hernoe-navy-strength-gin-eco-50-cl-57\/","title":{"rendered":"Hern\u00f6 Navy Strength Gin (ECO) 50 cl. 57%"},"content":{"rendered":"<p>Hern\u00f6 Navy Strength Gin has a whopping 57% alcohol and is made from the same distilled gin Hern\u00f6 Swedish Excellence Gin. The difference in aroma and taste is very clear, and Hern\u00f6 Navy Strength Gin has an overall richer taste with strong juniper, coriander and citrus. Hern\u00f6 uses 8 different botanicals, all of which are organically registered. Hern\u00f6 Navy Strength Gin is highly praised by critics and has won several medals.<br \/>\nHern\u00f6 Navy Strength Gin has a bold juniper character with fragrant citrus, fresh and with notes of pepper. The taste is warm and strong, and offers spicy citrus and notes of spring flowers. The finish in Hern\u00f6 Navy Strength Gin is spiced with a mild warmth, a long and lingering but smooth finish.<\/p>\n<p>400 kilometers north of Stockholm you will find the small gin distillery, Hern\u00f6 Gin, in the town of Dala. The distillery is the first dedicated gin distillery in Sweden and reportedly also the northernmost gin distillery in the world. Hern\u00f6 Gin was established in 2011 and on 1 December 2012 the first gin, Hern\u00f6 Swedish Excellence Gin, was released.<br \/>\nIt all started with a passion for gin, and to this day Hern\u00f6 Gin is the most excellent gin in Europe.<\/p>\n","protected":false},"excerpt":{"rendered":"<p>Handcrafted Scandinavian Organic Gin<\/p>\n","protected":false},"featured_media":41426,"template":"","meta":{"_acf_changed":false,"rs_blank_template":"","rs_page_bg_color":"","slide_template_v7":""},"product_brand":[],"product_cat":[998,4693,1000],"product_tag":[],"class_list":{"0":"post-41417","1":"product","2":"type-product","3":"status-publish","4":"has-post-thumbnail","6":"product_cat-liquor-en","7":"product_cat-navy-en","8":"product_cat-gin-en","9":"pa_land-sweden","10":"pa_oekologisk-ja-en","11":"pa_procent-57-en","12":"pa_producent-hernoe-destilleri-en","13":"pa_region-haernoesand-en","14":"pa_volume-70-en-2","16":"first","17":"instock","18":"sale","19":"taxable","20":"shipping-taxable","21":"purchasable","22":"product-type-simple"},"bundled_by":[],"bundle_stock_status":"instock","bundle_stock_quantity":null,"bundle_virtual":false,"bundle_layout":"","bundle_add_to_cart_form_location":"","bundle_editable_in_cart":false,"bundle_sold_individually_context":"","bundle_item_grouping":"","bundle_min_size":"","bundle_max_size":"","bundle_price":[],"bundled_items":[],"bundle_sell_ids":[],"acf":[],"_links":{"self":[{"href":"https:\/\/www.raschvin.com\/en\/wp-json\/wp\/v2\/product\/41417","targetHints":{"allow":["GET"]}}],"collection":[{"href":"https:\/\/www.raschvin.com\/en\/wp-json\/wp\/v2\/product"}],"about":[{"href":"https:\/\/www.raschvin.com\/en\/wp-json\/wp\/v2\/types\/product"}],"wp:featuredmedia":[{"embeddable":true,"href":"https:\/\/www.raschvin.com\/en\/wp-json\/wp\/v2\/media\/41426"}],"wp:attachment":[{"href":"https:\/\/www.raschvin.com\/en\/wp-json\/wp\/v2\/media?parent=41417"}],"wp:term":[{"taxonomy":"product_brand","embeddable":true,"href":"https:\/\/www.raschvin.com\/en\/wp-json\/wp\/v2\/product_brand?post=41417"},{"taxonomy":"product_cat","embeddable":true,"href":"https:\/\/www.raschvin.com\/en\/wp-json\/wp\/v2\/product_cat?post=41417"},{"taxonomy":"product_tag","embeddable":true,"href":"https:\/\/www.raschvin.com\/en\/wp-json\/wp\/v2\/product_tag?post=41417"}],"curies":[{"name":"wp","href":"https:\/\/api.w.org\/{rel}","templated":true}]}}