{"id":41127,"date":"2023-09-28T08:39:14","date_gmt":"2023-09-28T06:39:14","guid":{"rendered":"https:\/\/www.raschvin.com\/produkt\/reserve-del-puech-cotes-du-rhone-2022-75-cl\/"},"modified":"2023-09-28T08:39:14","modified_gmt":"2023-09-28T06:39:14","slug":"reserve-del-puech-cotes-du-rhone-2022-75-cl","status":"publish","type":"product","link":"https:\/\/www.raschvin.com\/en\/product\/reserve-del-puech-cotes-du-rhone-2022-75-cl\/","title":{"rendered":"R\u00e9serve del Puech C\u00f4tes-du-Rh\u00f4ne 2022 75 cl."},"content":{"rendered":"<p>Here you can enjoy the rare combination of affordable but successful, easy-drinking Rh\u00f4ne wine; here is immediate, fruit-driven drinking pleasure with a nicely composed aroma profile without sharp edges.<\/p>\n<p>Even though it is young c\u00f4tes-du-rh\u00f4ne, R\u00e9serve del Puech stands out for its rounded acidity, which does not seem astringent and therefore makes the wine approachable already.<\/p>\n<p>The grape composition is completely classic for the southern part of the Rh\u00f4ne valley with 60% grenache, 30% syrah and 10% mourv\u00e8dre. The wine is conceived in a modern winery with efficient hardware in the form of a colonnade of stainless steel tanks, which has contributed by ensuring the fruity profile of the grapes without extracting unwanted tannins.<\/p>\n<p>The taste shows soft fullness combined with freshness with red and dark berry fruit, black olives and a sprinkling of spice in the direction of roasted rosemary.<\/p>\n<p>We recommend that the wine is oxygenated for an hour before it is served slightly below room temperature, 15-17\u00b0 seems ideal.<\/p>\n<p>You can follow the wine over the next few years, but it is already presenting itself well.<\/p>\n","protected":false},"excerpt":{"rendered":"<p>Maison Lavau &#8211; Vin de France<\/p>\n","protected":false},"featured_media":41109,"template":"","meta":{"_acf_changed":false,"rs_blank_template":"","rs_page_bg_color":"","slide_template_v7":""},"product_brand":[],"product_cat":[2789,2799],"product_tag":[],"class_list":{"0":"post-41127","1":"product","2":"type-product","3":"status-publish","4":"has-post-thumbnail","6":"product_cat-wine","7":"product_cat-red-wine","8":"pa_aargang-2022-en","9":"pa_drue-grenache-en","10":"pa_drue-mourvedre-en","11":"pa_drue-syrah-en","12":"pa_land-france","13":"pa_procent-13-5-en","14":"pa_producent-maison-lavau-en","15":"pa_serveringstemperatur-15-17-en","16":"pa_volume-75-en","18":"first","19":"instock","20":"taxable","21":"shipping-taxable","22":"purchasable","23":"product-type-simple"},"bundled_by":[],"bundle_stock_status":"instock","bundle_stock_quantity":null,"bundle_virtual":false,"bundle_layout":"","bundle_add_to_cart_form_location":"","bundle_editable_in_cart":false,"bundle_sold_individually_context":"","bundle_item_grouping":"","bundle_min_size":"","bundle_max_size":"","bundle_price":[],"bundled_items":[],"bundle_sell_ids":[],"acf":[],"_links":{"self":[{"href":"https:\/\/www.raschvin.com\/en\/wp-json\/wp\/v2\/product\/41127","targetHints":{"allow":["GET"]}}],"collection":[{"href":"https:\/\/www.raschvin.com\/en\/wp-json\/wp\/v2\/product"}],"about":[{"href":"https:\/\/www.raschvin.com\/en\/wp-json\/wp\/v2\/types\/product"}],"wp:featuredmedia":[{"embeddable":true,"href":"https:\/\/www.raschvin.com\/en\/wp-json\/wp\/v2\/media\/41109"}],"wp:attachment":[{"href":"https:\/\/www.raschvin.com\/en\/wp-json\/wp\/v2\/media?parent=41127"}],"wp:term":[{"taxonomy":"product_brand","embeddable":true,"href":"https:\/\/www.raschvin.com\/en\/wp-json\/wp\/v2\/product_brand?post=41127"},{"taxonomy":"product_cat","embeddable":true,"href":"https:\/\/www.raschvin.com\/en\/wp-json\/wp\/v2\/product_cat?post=41127"},{"taxonomy":"product_tag","embeddable":true,"href":"https:\/\/www.raschvin.com\/en\/wp-json\/wp\/v2\/product_tag?post=41127"}],"curies":[{"name":"wp","href":"https:\/\/api.w.org\/{rel}","templated":true}]}}