{"id":41038,"date":"2023-09-27T08:20:40","date_gmt":"2023-09-27T06:20:40","guid":{"rendered":"https:\/\/www.raschvin.com\/produkt\/moulin-a-vent-coeur-de-granit-75-cl\/"},"modified":"2026-02-04T14:47:33","modified_gmt":"2026-02-04T13:47:33","slug":"moulin-a-vent-coeur-de-granit-75-cl","status":"publish","type":"product","link":"https:\/\/www.raschvin.com\/en\/product\/moulin-a-vent-coeur-de-granit-75-cl\/","title":{"rendered":"Moulin-\u00e0-Vent Coeur de Granit 2021 75 cl."},"content":{"rendered":"<p>Moulin-\u00e0-Vent is rightfully one of the most famous and prestigious of the crus in Beaujolais, located side by side at the northern end of Beaujolais, a real estate stone&#8217;s throw south of M\u00e2con.<\/p>\n<p>The wines from Moulin-\u00e0-Vent are among the most structured but also among the most characterful.<br \/>\nThe grape is gamay, which is hand-harvested from old &#8216;bush vines&#8217; that stand on decomposed granite at an altitude of 250-350 metres.<\/p>\n<p>Ch\u00e2teau de Ch\u00e9nas is a well-functioning cooperative that today consists of just over 100 cooperative farmers.<\/p>\n<p>Smell and taste have dense forest berry aromas, as well as a spicy violet note. A fresh fruitiness keeps the wine in the juicy spectrum, while at the same time it leans towards a slightly stronger and more ambitious style than simpler, frivolous beaujolais, but without giving up the pleasure of drinking in the glass.<\/p>\n<p>When young, this is an excellent food wine with a wide range of light meat dishes, beef tartar, with a good p\u00e2t\u00e9 or p\u00e2t\u00e9 with baguettes and salad, with Wiener schnitzel or simply as a nice glass of wine early in the morning.<\/p>\n<p>We recommend a serving temperature of 13-17\u00b0.<\/p>\n<p>Ch\u00e2teau de Ch\u00e9na&#8217;s Moulin-\u00e0-Vent Coeur de Granit can be enjoyed now and around 5-7 years from vintage.<\/p>\n","protected":false},"excerpt":{"rendered":"<p>Ch\u00e2teau de Ch\u00e9nas 2021<\/p>\n","protected":false},"featured_media":41044,"template":"","meta":{"_acf_changed":false,"rs_blank_template":"","rs_page_bg_color":"","slide_template_v7":""},"product_brand":[],"product_cat":[2789,2799],"product_tag":[],"class_list":{"0":"post-41038","1":"product","2":"type-product","3":"status-publish","4":"has-post-thumbnail","6":"product_cat-wine","7":"product_cat-red-wine","8":"pa_aargang-2021-en","9":"pa_drue-gamay-en","10":"pa_land-france","11":"pa_procent-13-5-en","12":"pa_producent-chateau-de-chenas-en","13":"pa_region-beaujolais-en","14":"pa_serveringstemperatur-13-17-en","15":"pa_volume-75-en","17":"first","18":"instock","19":"taxable","20":"shipping-taxable","21":"purchasable","22":"product-type-simple"},"bundled_by":[],"bundle_stock_status":"instock","bundle_stock_quantity":null,"bundle_virtual":false,"bundle_layout":"","bundle_add_to_cart_form_location":"","bundle_editable_in_cart":false,"bundle_sold_individually_context":"","bundle_item_grouping":"","bundle_min_size":"","bundle_max_size":"","bundle_price":[],"bundled_items":[],"bundle_sell_ids":[],"acf":[],"_links":{"self":[{"href":"https:\/\/www.raschvin.com\/en\/wp-json\/wp\/v2\/product\/41038","targetHints":{"allow":["GET"]}}],"collection":[{"href":"https:\/\/www.raschvin.com\/en\/wp-json\/wp\/v2\/product"}],"about":[{"href":"https:\/\/www.raschvin.com\/en\/wp-json\/wp\/v2\/types\/product"}],"wp:featuredmedia":[{"embeddable":true,"href":"https:\/\/www.raschvin.com\/en\/wp-json\/wp\/v2\/media\/41044"}],"wp:attachment":[{"href":"https:\/\/www.raschvin.com\/en\/wp-json\/wp\/v2\/media?parent=41038"}],"wp:term":[{"taxonomy":"product_brand","embeddable":true,"href":"https:\/\/www.raschvin.com\/en\/wp-json\/wp\/v2\/product_brand?post=41038"},{"taxonomy":"product_cat","embeddable":true,"href":"https:\/\/www.raschvin.com\/en\/wp-json\/wp\/v2\/product_cat?post=41038"},{"taxonomy":"product_tag","embeddable":true,"href":"https:\/\/www.raschvin.com\/en\/wp-json\/wp\/v2\/product_tag?post=41038"}],"curies":[{"name":"wp","href":"https:\/\/api.w.org\/{rel}","templated":true}]}}