{"id":36440,"date":"2023-05-29T08:12:56","date_gmt":"2023-05-29T06:12:56","guid":{"rendered":"https:\/\/www.raschvin.com\/produkt\/les-allees-de-cantemerle-haut-medoc-2016-75-cl\/"},"modified":"2023-05-29T08:12:56","modified_gmt":"2023-05-29T06:12:56","slug":"les-allees-de-cantemerle-haut-medoc-2016-75-cl","status":"publish","type":"product","link":"https:\/\/www.raschvin.com\/en\/product\/les-allees-de-cantemerle-haut-medoc-2016-75-cl\/","title":{"rendered":"Les All\u00e9es de Cantemerle Haut-M\u00e9doc 2016 75 cl."},"content":{"rendered":"<p>Les All\u00e9es de Cantemerle is the 2nd wine for Ch\u00e2teau Cantemerle, Haut-M\u00e9doc 5th Cru Class\u00e9. The ch\u00e2teau is located at Macau, just south of Margaux on alluvial gravel deposits from the Garonne River.<\/p>\n<p>Over the past 25 years, the castle&#8217;s land holdings have, via huge investments, grown to its original size from the 1855 classification, namely 90 hectares. The winery and storage facilities are now also up to date, and as a result, the quality has greatly improved over the past 15 years.<br \/>\nThe wine consists almost exclusively of cabernet sauvignon with a little merlot added.<br \/>\nFermentation takes place in large wooden barrels with a total maceration of just under a month. The wine is then aged for 12 months in 20% new barriques.<br \/>\nAfter assemblage, the wine rests in large wooden barrels before bottling, which takes place without filtration, but only with a gentle clarification.<\/p>\n<p>The aroma and taste offer classic virtues such as blackcurrant, forest berries and slightly cask-derived aromas of coffee and vanilla.<br \/>\nThe gravelly, siliceous soil gives the wine an excellent elegance; it is not without reason that the M\u00e9doc peninsula is still the benchmark for cabernet sauvignon-dominated wines.<\/p>\n<p>Les All\u00e9s de Cantemerle can be enjoyed now and 5-10 years from now.<br \/>\nOver time, cigar box aromas will take the place of luscious blackcurrant fruit.<\/p>\n<p>We recommend a spacious &#8216;Bordeaux glass&#8217; and a serving temperature of 16-18\u00b0, preferably for a dish with lamb or beef and a cloud sauce with a splash of mulled wine in it.<\/p>\n","protected":false},"excerpt":{"rendered":"<p>Grand Vin de Bordeaux \u2013 France<\/p>\n","protected":false},"featured_media":36528,"template":"","meta":{"_acf_changed":false,"rs_blank_template":"","rs_page_bg_color":"","slide_template_v7":""},"product_brand":[],"product_cat":[2789,2799],"product_tag":[],"class_list":{"0":"post-36440","1":"product","2":"type-product","3":"status-publish","4":"has-post-thumbnail","6":"product_cat-wine","7":"product_cat-red-wine","8":"pa_aargang-2016-en","9":"pa_drue-cabernet-sauvignon-en","10":"pa_drue-merlot-en","11":"pa_land-france","12":"pa_procent-14-en","13":"pa_producent-chateau-cantemerle-en","14":"pa_region-bordeaux-en","15":"pa_serveringstemperatur-16-18-en","16":"pa_volume-75-en","18":"first","19":"instock","20":"taxable","21":"shipping-taxable","22":"purchasable","23":"product-type-simple"},"bundled_by":[],"bundle_stock_status":"instock","bundle_stock_quantity":null,"bundle_virtual":false,"bundle_layout":"","bundle_add_to_cart_form_location":"","bundle_editable_in_cart":false,"bundle_sold_individually_context":"","bundle_item_grouping":"","bundle_min_size":"","bundle_max_size":"","bundle_price":[],"bundled_items":[],"bundle_sell_ids":[],"acf":[],"_links":{"self":[{"href":"https:\/\/www.raschvin.com\/en\/wp-json\/wp\/v2\/product\/36440","targetHints":{"allow":["GET"]}}],"collection":[{"href":"https:\/\/www.raschvin.com\/en\/wp-json\/wp\/v2\/product"}],"about":[{"href":"https:\/\/www.raschvin.com\/en\/wp-json\/wp\/v2\/types\/product"}],"wp:featuredmedia":[{"embeddable":true,"href":"https:\/\/www.raschvin.com\/en\/wp-json\/wp\/v2\/media\/36528"}],"wp:attachment":[{"href":"https:\/\/www.raschvin.com\/en\/wp-json\/wp\/v2\/media?parent=36440"}],"wp:term":[{"taxonomy":"product_brand","embeddable":true,"href":"https:\/\/www.raschvin.com\/en\/wp-json\/wp\/v2\/product_brand?post=36440"},{"taxonomy":"product_cat","embeddable":true,"href":"https:\/\/www.raschvin.com\/en\/wp-json\/wp\/v2\/product_cat?post=36440"},{"taxonomy":"product_tag","embeddable":true,"href":"https:\/\/www.raschvin.com\/en\/wp-json\/wp\/v2\/product_tag?post=36440"}],"curies":[{"name":"wp","href":"https:\/\/api.w.org\/{rel}","templated":true}]}}