{"id":36416,"date":"2023-05-27T08:17:50","date_gmt":"2023-05-27T06:17:50","guid":{"rendered":"https:\/\/www.raschvin.com\/produkt\/la-closerie-de-camensac-haut-medoc-2017-75-cl\/"},"modified":"2025-06-30T10:39:20","modified_gmt":"2025-06-30T08:39:20","slug":"la-closerie-de-camensac-haut-medoc-2017-75-cl","status":"publish","type":"product","link":"https:\/\/www.raschvin.com\/en\/product\/la-closerie-de-camensac-haut-medoc-2017-75-cl\/","title":{"rendered":"La Closerie de Camensac Haut-M\u00e9doc 2018 75 cl."},"content":{"rendered":"<p>This is the 2nd wine for Ch\u00e2teau Camensac, 5th Cru Class\u00e9, which has shown great progress in form within the last decade. The Merlaut family (owners include Gruaud Larose) have made massive investments in the purchase and replanting of fields, production facilities and, not least, a fruitful collaboration with consulting star oenologist, Eric Boissenot. This has resulted in far better wines that are again worthy of their distinguished classification.<\/p>\n<p>The fields are located in Haut-M\u00e9doc towards the south-western corner of St. Julien with Ch. Lagrange and Ch. La Tour-Carnet as nearest neighbours. A majority of the now 86 hectares of fields are planted with more than 10,000 vines per hectare. Cabernet Sauvignon and Merlot are grown on the alluvial gravel, which appear 50\/50 in this wine.<\/p>\n<p>La Closerie de Camensac 2017 is fermented for a week in steel at 28\u00b0 and then macerated for a further three weeks, before a gentle, pneumatic pressing and subsequent aging for 12 months in barriques, of which 10% are new.<\/p>\n<p>The wine appears young but harmonious with a mixture of dense, dark fruit and red, ripe currants with discreet notes of quality oak. There is both good intensity and a firm tannin structure in the wine.<br \/>\nThe latter will be released around 2027-2029, if you want a more ripe fruit and a seamless drinking experience.<\/p>\n<p>90 points James Suckling<\/p>\n","protected":false},"excerpt":{"rendered":"<p>Grand Vin de Bordeaux &#8211; France<\/p>\n","protected":false},"featured_media":36699,"template":"","meta":{"_acf_changed":false,"rs_blank_template":"","rs_page_bg_color":"","slide_template_v7":""},"product_brand":[],"product_cat":[2789,2799],"product_tag":[],"class_list":{"0":"post-36416","1":"product","2":"type-product","3":"status-publish","4":"has-post-thumbnail","6":"product_cat-wine","7":"product_cat-red-wine","8":"pa_aargang-2018-en","9":"pa_drue-cabernet-sauvignon-en","10":"pa_drue-merlot-en","11":"pa_land-france","12":"pa_procent-13-en","13":"pa_producent-chateau-camensac-en","14":"pa_region-bordeaux-en","15":"pa_serveringstemperatur-18-20-en","16":"pa_volume-75-en","18":"first","19":"instock","20":"taxable","21":"shipping-taxable","22":"purchasable","23":"product-type-simple"},"bundled_by":[],"bundle_stock_status":"instock","bundle_stock_quantity":null,"bundle_virtual":false,"bundle_layout":"","bundle_add_to_cart_form_location":"","bundle_editable_in_cart":false,"bundle_sold_individually_context":"","bundle_item_grouping":"","bundle_min_size":"","bundle_max_size":"","bundle_price":[],"bundled_items":[],"bundle_sell_ids":[],"acf":[],"_links":{"self":[{"href":"https:\/\/www.raschvin.com\/en\/wp-json\/wp\/v2\/product\/36416","targetHints":{"allow":["GET"]}}],"collection":[{"href":"https:\/\/www.raschvin.com\/en\/wp-json\/wp\/v2\/product"}],"about":[{"href":"https:\/\/www.raschvin.com\/en\/wp-json\/wp\/v2\/types\/product"}],"wp:featuredmedia":[{"embeddable":true,"href":"https:\/\/www.raschvin.com\/en\/wp-json\/wp\/v2\/media\/36699"}],"wp:attachment":[{"href":"https:\/\/www.raschvin.com\/en\/wp-json\/wp\/v2\/media?parent=36416"}],"wp:term":[{"taxonomy":"product_brand","embeddable":true,"href":"https:\/\/www.raschvin.com\/en\/wp-json\/wp\/v2\/product_brand?post=36416"},{"taxonomy":"product_cat","embeddable":true,"href":"https:\/\/www.raschvin.com\/en\/wp-json\/wp\/v2\/product_cat?post=36416"},{"taxonomy":"product_tag","embeddable":true,"href":"https:\/\/www.raschvin.com\/en\/wp-json\/wp\/v2\/product_tag?post=36416"}],"curies":[{"name":"wp","href":"https:\/\/api.w.org\/{rel}","templated":true}]}}