{"id":36224,"date":"2023-05-25T13:18:50","date_gmt":"2023-05-25T11:18:50","guid":{"rendered":"https:\/\/www.raschvin.com\/produkt\/fanoe-snaps-ankeret-havtorn-citrus-50-cl-40\/"},"modified":"2023-05-25T13:18:50","modified_gmt":"2023-05-25T11:18:50","slug":"fanoe-snaps-ankeret-havtorn-citrus-50-cl-40","status":"publish","type":"product","link":"https:\/\/www.raschvin.com\/en\/product\/fanoe-snaps-ankeret-havtorn-citrus-50-cl-40\/","title":{"rendered":"Fan\u00f8 Snaps Ankeret \u2013 Havtorn &#038; Citrus 50 cl. 40%"},"content":{"rendered":"<p>Tasting notes: Fresh and Intense<\/p>\n<p>Suitable for most lunch dishes, where it enlivens and adds extra flavor and freshness. Enjoy tempered or as a chilled aperitif.<\/p>\n<p>Fan\u00f8 Snaps from Fan\u00f8 Spirits are based on a high-quality distillate, which is then seasoned and aged with natural and local ingredients at Fan\u00f8.<\/p>\n<p>Suitable for most lunch dishes, where it enlivens and adds extra flavor and freshness. Enjoy tempered or as a chilled aperitif. Fan\u00f8 Snaps from Fan\u00f8 Spirits are based on a high-quality distillate, which is then seasoned and aged with natural and local ingredients at Fan\u00f8.<\/p>\n<p>Fan\u00f8 Spirits was founded in 2015 by Lars Jensen Schou. Inspired by Fan\u00f8&#8217;s maritime history and the island&#8217;s numerous natural flavors, he developed Fan\u00f8 Ship&#8217;s Room. Based on a rum that is distilled in Jamaica and subsequently seasoned and aged on Fan\u00f8, Fan\u00f8 Skibsrom combines the taste of the Wadden Sea with the exotic Caribbean. Today, the range has expanded, and Fan\u00f8 Spirits also produces akvavit.<\/p>\n","protected":false},"excerpt":{"rendered":"<p>Danish Handcrafted Snaps<\/p>\n","protected":false},"featured_media":36277,"template":"","meta":{"_acf_changed":false,"rs_blank_template":"","rs_page_bg_color":"","slide_template_v7":""},"product_brand":[],"product_cat":[990,991],"product_tag":[],"class_list":{"0":"post-36224","1":"product","2":"type-product","3":"status-publish","4":"has-post-thumbnail","6":"product_cat-brandies","7":"product_cat-akvavit-snaps-en","8":"pa_land-denmark","9":"pa_procent-40-en-2","10":"pa_producent-fanoe-spirits-en","11":"pa_region-fanoe-en","12":"pa_volume-50-en","14":"first","15":"instock","16":"sale","17":"taxable","18":"shipping-taxable","19":"purchasable","20":"product-type-simple"},"bundled_by":[],"bundle_stock_status":"instock","bundle_stock_quantity":null,"bundle_virtual":false,"bundle_layout":"","bundle_add_to_cart_form_location":"","bundle_editable_in_cart":false,"bundle_sold_individually_context":"","bundle_item_grouping":"","bundle_min_size":"","bundle_max_size":"","bundle_price":[],"bundled_items":[],"bundle_sell_ids":[],"acf":[],"_links":{"self":[{"href":"https:\/\/www.raschvin.com\/en\/wp-json\/wp\/v2\/product\/36224","targetHints":{"allow":["GET"]}}],"collection":[{"href":"https:\/\/www.raschvin.com\/en\/wp-json\/wp\/v2\/product"}],"about":[{"href":"https:\/\/www.raschvin.com\/en\/wp-json\/wp\/v2\/types\/product"}],"wp:featuredmedia":[{"embeddable":true,"href":"https:\/\/www.raschvin.com\/en\/wp-json\/wp\/v2\/media\/36277"}],"wp:attachment":[{"href":"https:\/\/www.raschvin.com\/en\/wp-json\/wp\/v2\/media?parent=36224"}],"wp:term":[{"taxonomy":"product_brand","embeddable":true,"href":"https:\/\/www.raschvin.com\/en\/wp-json\/wp\/v2\/product_brand?post=36224"},{"taxonomy":"product_cat","embeddable":true,"href":"https:\/\/www.raschvin.com\/en\/wp-json\/wp\/v2\/product_cat?post=36224"},{"taxonomy":"product_tag","embeddable":true,"href":"https:\/\/www.raschvin.com\/en\/wp-json\/wp\/v2\/product_tag?post=36224"}],"curies":[{"name":"wp","href":"https:\/\/api.w.org\/{rel}","templated":true}]}}