{"id":33733,"date":"2023-03-07T12:24:18","date_gmt":"2023-03-07T11:24:18","guid":{"rendered":"https:\/\/www.raschvin.com\/produkt\/errazuriz-max-reserva-shiraz-75-cl\/"},"modified":"2023-03-07T12:24:18","modified_gmt":"2023-03-07T11:24:18","slug":"errazuriz-max-reserva-shiraz-75-cl","status":"publish","type":"product","link":"https:\/\/www.raschvin.com\/en\/product\/errazuriz-max-reserva-shiraz-75-cl\/","title":{"rendered":"Errazuriz MAX &#8211; Reserva Syrah 75 cl."},"content":{"rendered":"<p>Ruby red with violet shades. Aromas of red and black fruits such as raspberry and blueberry are accompanied by soft hints of black pepper and violets, all framed by notes of sweet spices, coffee beans and chocolate. Delicious Syrah with medium body, elegant tannins and a long, tasty finish.<\/p>\n<p>Enjoy with:<br \/>\nGrilled and fried red meat<br \/>\nStews\/Stews<br \/>\nBBQ Chicken with a simple tomato salsa<\/p>\n<p>Winemaking:<br \/>\nThe grapes were handpicked early in the morning and inspected on a double selection table, crushed and deposited in stainless steel tanks for fermentation. The wine was aged for 12 months in French oak barrels, 20% of which were new.<\/p>\n<p>Vineyards<br \/>\nThe grapes that go into Max Reserva Shiraz come primarily from our Max vineyards in the Aconcagua Valley. Located in the interior of the valley, the vineyard soils have a predominantly silty texture and are of colluvial origin. The special conditions of nutrition and drainage of the different soils help to control plant vigor and produce balanced fruit quantities with small bunches and berries. Some of the grapes for this wine come from Manzanar, our cool-climate coastal plantation in the Aconcagua Valley, 12 kilometers from the Pacific Ocean with shale-based soils.<\/p>\n<p>About Vi\u00f1a Errazuriz<br \/>\nIt was the famous Don Maximiano Err\u00e1zuriz who founded Vi\u00f1a Err\u00e1zuriz in 1870. With great visions for the future and his innovative ideas, he planted the first French grape varieties in the Aconcagua Valley. In addition to the great vinous involvement, Err\u00e1zuriz was also a politician and diplomat. He was born in Santiago in 1832, into a family of Basque origin that came to Chile in 1735. Since then, two members of the family have been presidents, two have been archbishops of Santiago and others have been diplomats, writers and businessmen who have contributed to the development of Chile. His great work was handed down to future generations in the family, and in just over a century his descendants consolidated the winery and placed their wines among the absolute best in the entire continent of South America. Today, Vi\u00f1a Errazuriz is therefore world famous for wines of very high quality.<\/p>\n<p>Environmentally conscious world class<br \/>\nVi\u00f1a Errazuriz is environmentally aware and future-oriented. In 2008, it was the first Chilean winery to introduce lightweight bottles to reduce CO2 emissions during both production and transport. Errazuriz also practices sustainable wine production, and the fields are cultivated organically as much as possible. The crowning achievement is \u2013 so far \u2013 the inauguration in 2010 of the new sustainable winery, Don Maximiano Icon Winery, in the Aconcagua Valley, as well as the official approval in 2011 as a sustainable company.<\/p>\n<p>Roughly speaking, Errazuriz divides its wines into four categories<br \/>\nEstate Reserva: The basis of the house, where the quality is already far ahead of other Chilean wine houses&#8217; &#8220;luxury editions&#8221;.<br \/>\nReserva: From specially selected fields. A further development of the Estate Reserva wines, often with slightly longer\/intense barrel ageing. Including i.a. the popular Max Reserva series.<br \/>\nSpecialties: E.g. Single Vineyard, Wild Fermented, Organic and Late Harvest<br \/>\nIcon wines: Like Vi\u00f1edo Chadwick, Se\u00f1a, Founder&#8217;s Reserve and KAI. Belongs not only to the Chilean wine elite, but also to the world elite.<\/p>\n","protected":false},"excerpt":{"rendered":"<p>Vina Errazuriz<\/p>\n","protected":false},"featured_media":33802,"template":"","meta":{"_acf_changed":false,"rs_blank_template":"","rs_page_bg_color":"","slide_template_v7":""},"product_brand":[],"product_cat":[2789,2799],"product_tag":[],"class_list":{"0":"post-33733","1":"product","2":"type-product","3":"status-publish","4":"has-post-thumbnail","6":"product_cat-wine","7":"product_cat-red-wine","8":"pa_drue-syrah-en","9":"pa_land-chile-en","10":"pa_procent-14-en","11":"pa_producent-vina-errazuriz-en","12":"pa_region-aconcagua-valley-en","13":"pa_serveringstemperatur-18-20-en","14":"pa_volume-75-en","16":"first","17":"instock","18":"taxable","19":"shipping-taxable","20":"purchasable","21":"product-type-simple"},"bundled_by":["119759","120125"],"bundle_stock_status":"instock","bundle_stock_quantity":null,"bundle_virtual":false,"bundle_layout":"","bundle_add_to_cart_form_location":"","bundle_editable_in_cart":false,"bundle_sold_individually_context":"","bundle_item_grouping":"","bundle_min_size":"","bundle_max_size":"","bundle_price":[],"bundled_items":[],"bundle_sell_ids":[],"acf":[],"_links":{"self":[{"href":"https:\/\/www.raschvin.com\/en\/wp-json\/wp\/v2\/product\/33733","targetHints":{"allow":["GET"]}}],"collection":[{"href":"https:\/\/www.raschvin.com\/en\/wp-json\/wp\/v2\/product"}],"about":[{"href":"https:\/\/www.raschvin.com\/en\/wp-json\/wp\/v2\/types\/product"}],"wp:featuredmedia":[{"embeddable":true,"href":"https:\/\/www.raschvin.com\/en\/wp-json\/wp\/v2\/media\/33802"}],"wp:attachment":[{"href":"https:\/\/www.raschvin.com\/en\/wp-json\/wp\/v2\/media?parent=33733"}],"wp:term":[{"taxonomy":"product_brand","embeddable":true,"href":"https:\/\/www.raschvin.com\/en\/wp-json\/wp\/v2\/product_brand?post=33733"},{"taxonomy":"product_cat","embeddable":true,"href":"https:\/\/www.raschvin.com\/en\/wp-json\/wp\/v2\/product_cat?post=33733"},{"taxonomy":"product_tag","embeddable":true,"href":"https:\/\/www.raschvin.com\/en\/wp-json\/wp\/v2\/product_tag?post=33733"}],"curies":[{"name":"wp","href":"https:\/\/api.w.org\/{rel}","templated":true}]}}