{"id":33727,"date":"2023-03-07T12:06:14","date_gmt":"2023-03-07T11:06:14","guid":{"rendered":"https:\/\/www.raschvin.com\/produkt\/errazuriz-estate-reserva-merlot-75-cl\/"},"modified":"2023-03-07T12:06:14","modified_gmt":"2023-03-07T11:06:14","slug":"errazuriz-estate-reserva-merlot-75-cl","status":"publish","type":"product","link":"https:\/\/www.raschvin.com\/en\/product\/errazuriz-estate-reserva-merlot-75-cl\/","title":{"rendered":"Errazuriz Estate \u2013 Reserva Merlot 75 cl."},"content":{"rendered":"<p>A brilliant ruby red color and a combination of aromas of fresh red fruits with herbal and balsamic notes characteristic of the variety, all framed by roasted coffee, caramel and oak pastries. The taste is soft, with flavors of cherries, plums and a subtle note of peppermint. A wine with a good volume and fine tannins, which gives a very smooth and pleasant mouthfeel.<\/p>\n<p>The grapes were hand picked early in the morning and double sorted, crushed and poured into stainless steel tanks to ferment. The maceration lasted 15-25 days. 75% of the wine was aged for six months in oak barrels.<\/p>\n<p>Enjoy with:<\/p>\n<p>Grilled and fried red meat<br \/>\nPizza\/pasta<br \/>\nStews\/Stews<br \/>\nMild creamy cheeses<br \/>\nRipe strong cheeses<br \/>\nEnjoy with simple pasta dishes<\/p>\n<p>The estate wines are a tribute to the Errazuriz estate, which has been home to Vi\u00f1a Err\u00e1zuriz for six generations. These Reserva wines are a fine reflection of the individual grape, which, combined with a six-month aging in French oak barrels, makes them stand out for their freshness, fruit and balance.<\/p>\n<p>The grapes come from vineyards in the Aconcagua and Maipo Valleys. The vineyards of Aconcagua are located north of Santiago, close to the Pacific coast on hills 300 meters above sea level. Both valleys have a terrific Mediterranean climate with moderately hot summer days and cool nights with a gentle night breeze that allows the grapes to develop intense and ripe flavors.<\/p>\n<p>About Vi\u00f1a Errazuriz<br \/>\nIt was the famous Don Maximiano Err\u00e1zuriz who founded Vi\u00f1a Err\u00e1zuriz in 1870. With great visions for the future and his innovative ideas, he planted the first French grape varieties in the Aconcagua Valley. In addition to the great vinous involvement, Err\u00e1zuriz was also a politician and diplomat. He was born in Santiago in 1832, into a family of Basque origin that came to Chile in 1735. Since then, two members of the family have been presidents, two have been archbishops of Santiago and others have been diplomats, writers and businessmen who have contributed to the development of Chile. His great work was handed down to future generations in the family, and in just over a century his descendants consolidated the winery and placed their wines among the absolute best in the entire continent of South America. Today, Vi\u00f1a Errazuriz is therefore world famous for wines of very high quality.<\/p>\n<p>Environmentally conscious world class<br \/>\nVi\u00f1a Errazuriz is environmentally aware and future-oriented. In 2008, it was the first Chilean winery to introduce lightweight bottles to reduce CO2 emissions during both production and transport. Errazuriz also practices sustainable wine production, and the fields are cultivated organically as much as possible. The crowning achievement is \u2013 so far \u2013 the inauguration in 2010 of the new sustainable winery, Don Maximiano Icon Winery, in the Aconcagua Valley, as well as the official approval in 2011 as a sustainable company.<\/p>\n<p>Roughly speaking, Errazuriz divides its wines into four categories<br \/>\nEstate Reserva: The basis of the house, where the quality is already far ahead of other Chilean wine houses&#8217; &#8220;luxury editions&#8221;.<br \/>\nReserva: From specially selected fields. A further development of the Estate Reserva wines, often with slightly longer\/intense barrel ageing. Including i.a. the popular Max Reserva series.<br \/>\nSpecialties: E.g. Single Vineyard, Wild Fermented, Organic and Late Harvest<br \/>\nIcon wines: Like Vi\u00f1edo Chadwick, Se\u00f1a, Founder&#8217;s Reserve and KAI. Belongs not only to the Chilean wine elite, but also to the world elite.<\/p>\n","protected":false},"excerpt":{"rendered":"<p>Vina Errazuriz \u2013 Chile<\/p>\n","protected":false},"featured_media":33886,"template":"","meta":{"_acf_changed":false,"rs_blank_template":"","rs_page_bg_color":"","slide_template_v7":""},"product_brand":[],"product_cat":[2789,2799],"product_tag":[],"class_list":{"0":"post-33727","1":"product","2":"type-product","3":"status-publish","4":"has-post-thumbnail","6":"product_cat-wine","7":"product_cat-red-wine","8":"pa_drue-merlot-en","9":"pa_drue-shiraz-en","10":"pa_procent-13-5-en","11":"pa_producent-vina-errazuriz-en","12":"pa_region-curico-valley-en","13":"pa_serveringstemperatur-18-20-en","14":"pa_volume-75-en","16":"first","17":"instock","18":"taxable","19":"shipping-taxable","20":"purchasable","21":"product-type-simple"},"bundled_by":["119866","120125"],"bundle_stock_status":"instock","bundle_stock_quantity":null,"bundle_virtual":false,"bundle_layout":"","bundle_add_to_cart_form_location":"","bundle_editable_in_cart":false,"bundle_sold_individually_context":"","bundle_item_grouping":"","bundle_min_size":"","bundle_max_size":"","bundle_price":[],"bundled_items":[],"bundle_sell_ids":[],"acf":[],"_links":{"self":[{"href":"https:\/\/www.raschvin.com\/en\/wp-json\/wp\/v2\/product\/33727","targetHints":{"allow":["GET"]}}],"collection":[{"href":"https:\/\/www.raschvin.com\/en\/wp-json\/wp\/v2\/product"}],"about":[{"href":"https:\/\/www.raschvin.com\/en\/wp-json\/wp\/v2\/types\/product"}],"wp:featuredmedia":[{"embeddable":true,"href":"https:\/\/www.raschvin.com\/en\/wp-json\/wp\/v2\/media\/33886"}],"wp:attachment":[{"href":"https:\/\/www.raschvin.com\/en\/wp-json\/wp\/v2\/media?parent=33727"}],"wp:term":[{"taxonomy":"product_brand","embeddable":true,"href":"https:\/\/www.raschvin.com\/en\/wp-json\/wp\/v2\/product_brand?post=33727"},{"taxonomy":"product_cat","embeddable":true,"href":"https:\/\/www.raschvin.com\/en\/wp-json\/wp\/v2\/product_cat?post=33727"},{"taxonomy":"product_tag","embeddable":true,"href":"https:\/\/www.raschvin.com\/en\/wp-json\/wp\/v2\/product_tag?post=33727"}],"curies":[{"name":"wp","href":"https:\/\/api.w.org\/{rel}","templated":true}]}}