{"id":33721,"date":"2023-03-07T11:25:16","date_gmt":"2023-03-07T10:25:16","guid":{"rendered":"https:\/\/www.raschvin.com\/produkt\/errazuriz-estate-reserva-carmenere-75-cl\/"},"modified":"2023-03-07T11:25:16","modified_gmt":"2023-03-07T10:25:16","slug":"errazuriz-estate-reserva-carmenere-75-cl","status":"publish","type":"product","link":"https:\/\/www.raschvin.com\/en\/product\/errazuriz-estate-reserva-carmenere-75-cl\/","title":{"rendered":"Errazuriz Estate &#8211; Reserva Carmen\u00e8re 75 cl."},"content":{"rendered":"<p>Ruby red in color with a high layer of violet hints, the nose shows red pepper notes, with some sweet notes reminiscent of figs and cranberries, all framed by toasted notes and some cloves. The taste is spicy with notes of black fruits, figs, graphite and red pepper. A wine whose structure and texture emphasize the typical appearance of the variety with fine-grained tannins, with a very smooth and pleasant taste.<\/p>\n<p>The grapes for our Estate Carmenere were selected from our vineyards in the Aconcagua Valley. The Mediterranean climate in this zone offers moderately warm summer days and fresh evening breezes. The high day-night temperature fluctuation in the weeks leading up to harvest triggers high concentrations of polyphenols, which enhance the wine&#8217;s color.<\/p>\n<p>Enjoy with:<\/p>\n<p>Grilled and fried red meat<br \/>\nPizza\/pasta<br \/>\nStews\/Stews<br \/>\nRipe strong cheeses<br \/>\nEnjoy with red meat. especially lamb, pasta and cheeses.<\/p>\n<p>About Vi\u00f1a Errazuriz<br \/>\nIt was the famous Don Maximiano Err\u00e1zuriz who founded Vi\u00f1a Err\u00e1zuriz in 1870. With great visions for the future and his innovative ideas, he planted the first French grape varieties in the Aconcagua Valley. In addition to the great vinous involvement, Err\u00e1zuriz was also a politician and diplomat. He was born in Santiago in 1832, into a family of Basque origin that came to Chile in 1735. Since then, two members of the family have been presidents, two have been archbishops of Santiago and others have been diplomats, writers and businessmen who have contributed to the development of Chile. His great work was handed down to future generations in the family, and in just over a century his descendants consolidated the winery and placed their wines among the absolute best in the entire continent of South America. Today, Vi\u00f1a Errazuriz is therefore world famous for wines of very high quality.<\/p>\n<p>Environmentally conscious world class<br \/>\nVi\u00f1a Errazuriz is environmentally aware and future-oriented. In 2008, it was the first Chilean winery to introduce lightweight bottles to reduce CO2 emissions during both production and transport. Errazuriz also practices sustainable wine production, and the fields are cultivated organically as much as possible. The crowning achievement is \u2013 so far \u2013 the inauguration in 2010 of the new sustainable winery, Don Maximiano Icon Winery, in the Aconcagua Valley, as well as the official approval in 2011 as a sustainable company.<\/p>\n<p>Roughly speaking, Errazuriz divides its wines into four categories<br \/>\nEstate Reserva: The basis of the house, where the quality is already far ahead of other Chilean wine houses&#8217; &#8220;luxury editions&#8221;.<br \/>\nReserva: From specially selected fields. A further development of the Estate Reserva wines, often with slightly longer\/intense barrel ageing. Including i.a. the popular Max Reserva series.<br \/>\nSpecialties: E.g. Single Vineyard, Wild Fermented, Organic and Late Harvest<br \/>\nIcon wines: Like Vi\u00f1edo Chadwick, Se\u00f1a, Founder&#8217;s Reserve and KAI. Belongs not only to the Chilean wine elite, but also to the world elite.<\/p>\n","protected":false},"excerpt":{"rendered":"<p>Vina Errazuriz \u2013 Chile<\/p>\n","protected":false},"featured_media":96009,"template":"","meta":{"_acf_changed":false,"rs_blank_template":"","rs_page_bg_color":"","slide_template_v7":""},"product_brand":[],"product_cat":[2789,2799],"product_tag":[],"class_list":{"0":"post-33721","1":"product","2":"type-product","3":"status-publish","4":"has-post-thumbnail","6":"product_cat-wine","7":"product_cat-red-wine","8":"pa_drue-carmenere-en","9":"pa_land-chile-en","10":"pa_procent-13-5-en","11":"pa_producent-vina-errazuriz-en","12":"pa_region-central-valley-en","13":"pa_serveringstemperatur-18-20-en","14":"pa_volume-75-en","16":"first","17":"instock","18":"taxable","19":"shipping-taxable","20":"purchasable","21":"product-type-simple"},"bundled_by":["119812","119916"],"bundle_stock_status":"instock","bundle_stock_quantity":null,"bundle_virtual":false,"bundle_layout":"","bundle_add_to_cart_form_location":"","bundle_editable_in_cart":false,"bundle_sold_individually_context":"","bundle_item_grouping":"","bundle_min_size":"","bundle_max_size":"","bundle_price":[],"bundled_items":[],"bundle_sell_ids":[],"acf":[],"_links":{"self":[{"href":"https:\/\/www.raschvin.com\/en\/wp-json\/wp\/v2\/product\/33721","targetHints":{"allow":["GET"]}}],"collection":[{"href":"https:\/\/www.raschvin.com\/en\/wp-json\/wp\/v2\/product"}],"about":[{"href":"https:\/\/www.raschvin.com\/en\/wp-json\/wp\/v2\/types\/product"}],"wp:featuredmedia":[{"embeddable":true,"href":"https:\/\/www.raschvin.com\/en\/wp-json\/wp\/v2\/media\/96009"}],"wp:attachment":[{"href":"https:\/\/www.raschvin.com\/en\/wp-json\/wp\/v2\/media?parent=33721"}],"wp:term":[{"taxonomy":"product_brand","embeddable":true,"href":"https:\/\/www.raschvin.com\/en\/wp-json\/wp\/v2\/product_brand?post=33721"},{"taxonomy":"product_cat","embeddable":true,"href":"https:\/\/www.raschvin.com\/en\/wp-json\/wp\/v2\/product_cat?post=33721"},{"taxonomy":"product_tag","embeddable":true,"href":"https:\/\/www.raschvin.com\/en\/wp-json\/wp\/v2\/product_tag?post=33721"}],"curies":[{"name":"wp","href":"https:\/\/api.w.org\/{rel}","templated":true}]}}