{"id":26463,"date":"2022-06-16T13:24:44","date_gmt":"2022-06-16T11:24:44","guid":{"rendered":"https:\/\/www.raschvin.com\/produkt\/menard-pineau-des-charentes-rose\/"},"modified":"2022-06-16T13:24:44","modified_gmt":"2022-06-16T11:24:44","slug":"menard-pineau-des-charentes-rose","status":"publish","type":"product","link":"https:\/\/www.raschvin.com\/en\/product\/menard-pineau-des-charentes-rose\/","title":{"rendered":"M\u00e9nard Pineau des Charentes &#8211; Ros\u00e9 75 cl. 17%"},"content":{"rendered":"<p>The ros\u00e9 version &#8211; a unique aperitif produced in the Cognac district north of Bordeaux.<\/p>\n<p>Freshly pressed grape juice is blended with cognac &#8211; the wine retains a fresh, fruity aroma with underlying cognac notes.<\/p>\n<p>Enjoy chilled or with ice.<\/p>\n<p>According to legend, Pineau des Charentes was created by mistake. During the wine harvest, a vintner from Charente named Pineau inadvertently emptied freshly pressed grape juice into a barrel that still contained Cognac. The cognac stopped the fermentation of the grape must, and within a few years the drink was transformed into a completely new taste direction. Pineau des Charentes was created.<br \/>\nSweet and fruity, comes from a noble red grape variety, Merlot.<br \/>\nIntense red color, shiny disc.<br \/>\nComplex nose with aromas of red fruits.<br \/>\nThe mouth elegantly mixes blackcurrants and raspberries, with a slightly bitter finish, a certain personality. A nice balance, efficient.<\/p>\n<p>This wine is soft and pleasant, but at the same time it has the strong Cognac character.<\/p>\n<p>Serve the wine at 8-10\u00baC as an aperitif or as an accompaniment to fruit desserts.<\/p>\n<p>The Menard family&#8217;s 80 hectares of vineyards are all located in Grande Champagne Premier Cru de Cognac, and this is a major reason for Menard&#8217;s high quality. The quality of the Pineau depends on the quality of the Cognac. As the Cognac is a Grande Fine Champagne, it imparts maximum softness, finesse and aroma to the Pineau. Combined with the company&#8217;s choice of grapes, as well as aging in limousine oak barrels, you better understand Menard&#8217;s always appealing quality.<\/p>\n","protected":false},"excerpt":{"rendered":"<p>Aperitif de France<\/p>\n","protected":false},"featured_media":111266,"template":"","meta":{"_acf_changed":false,"rs_blank_template":"","rs_page_bg_color":"","slide_template_v7":""},"product_brand":[],"product_cat":[2764,6190],"product_tag":[],"class_list":{"0":"post-26463","1":"product","2":"type-product","3":"status-publish","4":"has-post-thumbnail","6":"product_cat-liqueurwine","7":"product_cat-other-en","8":"pa_land-france","9":"pa_procent-17-en","10":"pa_producent-j-p-menard-en","11":"pa_region-grand-champagne-en","12":"pa_serveringstemperatur-8-10-en","13":"pa_volume-75-en","15":"first","16":"instock","17":"taxable","18":"shipping-taxable","19":"purchasable","20":"product-type-simple"},"bundled_by":[],"bundle_stock_status":"instock","bundle_stock_quantity":null,"bundle_virtual":false,"bundle_layout":"","bundle_add_to_cart_form_location":"","bundle_editable_in_cart":false,"bundle_sold_individually_context":"","bundle_item_grouping":"","bundle_min_size":"","bundle_max_size":"","bundle_price":[],"bundled_items":[],"bundle_sell_ids":[],"acf":[],"_links":{"self":[{"href":"https:\/\/www.raschvin.com\/en\/wp-json\/wp\/v2\/product\/26463","targetHints":{"allow":["GET"]}}],"collection":[{"href":"https:\/\/www.raschvin.com\/en\/wp-json\/wp\/v2\/product"}],"about":[{"href":"https:\/\/www.raschvin.com\/en\/wp-json\/wp\/v2\/types\/product"}],"wp:featuredmedia":[{"embeddable":true,"href":"https:\/\/www.raschvin.com\/en\/wp-json\/wp\/v2\/media\/111266"}],"wp:attachment":[{"href":"https:\/\/www.raschvin.com\/en\/wp-json\/wp\/v2\/media?parent=26463"}],"wp:term":[{"taxonomy":"product_brand","embeddable":true,"href":"https:\/\/www.raschvin.com\/en\/wp-json\/wp\/v2\/product_brand?post=26463"},{"taxonomy":"product_cat","embeddable":true,"href":"https:\/\/www.raschvin.com\/en\/wp-json\/wp\/v2\/product_cat?post=26463"},{"taxonomy":"product_tag","embeddable":true,"href":"https:\/\/www.raschvin.com\/en\/wp-json\/wp\/v2\/product_tag?post=26463"}],"curies":[{"name":"wp","href":"https:\/\/api.w.org\/{rel}","templated":true}]}}