{"id":25202,"date":"2024-10-16T08:51:32","date_gmt":"2024-10-16T06:51:32","guid":{"rendered":"https:\/\/www.raschvin.com\/produkt\/el-tequileno-anejo-gran-reserva\/"},"modified":"2023-04-07T15:04:47","modified_gmt":"2023-04-07T13:04:47","slug":"el-tequileno-anejo-gran-reserva","status":"publish","type":"product","link":"https:\/\/www.raschvin.com\/en\/product\/el-tequileno-anejo-gran-reserva\/","title":{"rendered":"Tequila El Tequile\u00f1o &#8211; A\u00f1ejo Gran Reserva 70 cl. 40%"},"content":{"rendered":"<p>An extremely complex a\u00f1ejo tequila from 100% agave. A very tasty tequila!<\/p>\n<p>Fragrance<br \/>\nOak, vanilla, orange and baked agave.<\/p>\n<p>Taste<br \/>\nSweet acorns, vanilla, baked agave, sweet spices, oranges, dried fruit and caramel.<\/p>\n<p>About the Product<br \/>\nEl Tequile\u00f1o A\u00f1ejo Gran Reserva is made from 100% specially selected blue agave from the highlands of Jalisco. These are combined with mineral-rich water from El Volcan Del Tequila, and distilled in copper pot stills. The tequila is then matured to perfection in American and French oak barrels. This tequila is a happy marriage of the distillery&#8217;s best a\u00f1ejo tequia and most exclusive extra a\u00f1ejo tequila, resulting in a tequila of immense depth and complexity.<\/p>\n<p>El Tequile\u00f1o A\u00f1ejo Gran Reserva is a so-called a\u00f1ejo tequila, and has therefore been aged in barrels for a minimum of 1-3 years. A\u00f1ejo tequilas are often very complex in taste, and show clear characteristics of the oak barrels in which they have been aged.<\/p>\n<p>El Tequile\u00f1o A\u00f1ejo Gran Reserva is released at an ABV of 40%.<\/p>\n<p>About El Tequileno<br \/>\nTequile\u00f1o is one of the most highly respected and popular premium tequila brands in the world. And not without reason \u2013 the distillery was founded in 1959 by Don Jorge Salles Cuervo in the city of Tequila, Mexico. The distillery took its name from the town \u2013 a name that is not entirely accidental. Because the town of Tequila is the place where the agave-based spirit was first distilled, and it is also where the drink gets its name.<\/p>\n<p>In addition to this historical heritage, Tequile\u00f1o is also special in that it is one of the very few tequila distilleries that releases its tequila under its own name. Normally in the tequila industry, the distilleries sell their tequila to independent bottlers, who then sell it under their own name. Tequile\u00f1o handles the entire process himself \u2013 from planting and harvesting the blue agave, to mixing and bottling the final tequila drink.<\/p>\n<p>Tequile\u00f1o today publishes a number of different tequilas: Under the 1959 premium line you will find classics such as blanco, reposado, cristalino and a\u00f1ejo; and for those who want a more economical and drinks-focused alternative, you will find a blanco and reposado.<\/p>\n","protected":false},"excerpt":{"rendered":"<p>Premium 100% Agave Tequila<\/p>\n","protected":false},"featured_media":29675,"template":"","meta":{"_acf_changed":false,"rs_blank_template":"","rs_page_bg_color":"","slide_template_v7":""},"product_brand":[],"product_cat":[998,1004,9168],"product_tag":[],"class_list":{"0":"post-25202","1":"product","2":"type-product","3":"status-publish","4":"has-post-thumbnail","6":"product_cat-liquor-en","7":"product_cat-tequila-mescal-en","8":"product_cat-anejo-12-36-months","9":"pa_champagne-type-anejo-en","10":"pa_land-mexico-en","11":"pa_procent-40-en-2","12":"pa_producent-el-tequileno-en","13":"pa_region-jalisco-en","14":"pa_volume-70-en-2","16":"first","17":"instock","18":"sale","19":"taxable","20":"shipping-taxable","21":"purchasable","22":"product-type-simple"},"bundled_by":[],"bundle_stock_status":"instock","bundle_stock_quantity":null,"bundle_virtual":false,"bundle_layout":"","bundle_add_to_cart_form_location":"","bundle_editable_in_cart":false,"bundle_sold_individually_context":"","bundle_item_grouping":"","bundle_min_size":"","bundle_max_size":"","bundle_price":[],"bundled_items":[],"bundle_sell_ids":[],"acf":[],"_links":{"self":[{"href":"https:\/\/www.raschvin.com\/en\/wp-json\/wp\/v2\/product\/25202","targetHints":{"allow":["GET"]}}],"collection":[{"href":"https:\/\/www.raschvin.com\/en\/wp-json\/wp\/v2\/product"}],"about":[{"href":"https:\/\/www.raschvin.com\/en\/wp-json\/wp\/v2\/types\/product"}],"wp:featuredmedia":[{"embeddable":true,"href":"https:\/\/www.raschvin.com\/en\/wp-json\/wp\/v2\/media\/29675"}],"wp:attachment":[{"href":"https:\/\/www.raschvin.com\/en\/wp-json\/wp\/v2\/media?parent=25202"}],"wp:term":[{"taxonomy":"product_brand","embeddable":true,"href":"https:\/\/www.raschvin.com\/en\/wp-json\/wp\/v2\/product_brand?post=25202"},{"taxonomy":"product_cat","embeddable":true,"href":"https:\/\/www.raschvin.com\/en\/wp-json\/wp\/v2\/product_cat?post=25202"},{"taxonomy":"product_tag","embeddable":true,"href":"https:\/\/www.raschvin.com\/en\/wp-json\/wp\/v2\/product_tag?post=25202"}],"curies":[{"name":"wp","href":"https:\/\/api.w.org\/{rel}","templated":true}]}}