{"id":25117,"date":"2024-07-03T13:30:31","date_gmt":"2024-07-03T11:30:31","guid":{"rendered":"https:\/\/www.raschvin.com\/produkt\/domaine-du-pre-semele-sancerre-blanc\/"},"modified":"2025-08-28T14:12:17","modified_gmt":"2025-08-28T12:12:17","slug":"domaine-du-pre-semele-sancerre-blanc","status":"publish","type":"product","link":"https:\/\/www.raschvin.com\/en\/product\/domaine-du-pre-semele-sancerre-blanc\/","title":{"rendered":"Domaine du Pr\u00e9 Semel\u00e9 &#8211; Sancerre Blanc &#8220;Mainbr\u00e8&#8221;  2023 75 cl."},"content":{"rendered":"<p>Julien &#038; Cl\u00e9ment Raimbault 2023<br \/>\nSancerre &#8216;Mainbr\u00e9&#8217; is Domaine du Pr\u00e9 S\u00e9mel\u00e9&#8217;s convincing vinous calling card from the catchment to the village whose fields form the basis of the wine.<\/p>\n<p>Domaine du Pr\u00e9 Semel\u00e9 is a small, family-owned vineyard located approx. 5 km north of Sancerre town, where the 4th generation is today at the helm.<br \/>\nThe new generation has given the wines a noticeable boost, and 2023 is the first vintage to be certified organic.<br \/>\nJuli\u00e9n and Cl\u00e9ment Raimbault own 20 hectares of land divided into two soil types: approx. 12 hectares of kimmeridge limestone marl (&#8216;terre blanche), the light soil with a high content of fossils and approx. 8 hectares with the darker portland with small, not so hard limestones in a calcareous clay soil (&#8216;caillotes&#8217;).<\/p>\n<p>The grapes are harvested manually so that the bunches remain intact before vinification. In this cuv\u00e9e, Sancerre Mainbr\u00e9, the grapes are macerated and gently membrane-pressed for a few hours. It is then cold-fermented with the natural yeast for 4-6 weeks on stainless steel until the wine is fermented dry, after which it is further stored in a steel tank together with the yeast until the spring after the harvest, when the wine is racked, filtered, clarified and bottled according to the lunar calendar.<\/p>\n<p>This is precise and chiseled sancerre with an elegant, fresh and crisp stature; i.e. sauvignon blanc precision with excellent purity, crisp acidity and an aromatic excess of citrus, gooseberry, grass, blackcurrant leaf and nettle.<br \/>\nEnjoy good sancerre wines like this in spacious white wine glasses at 9-13\u00b0 &#8211; either as an aperitif (coolest) or as a versatile food wine (12-13\u00b0); salad with baked goat&#8217;s cheese is the classic, but it is also good for not too heavy dishes with fish and shellfish, including sushi.<\/p>\n<p>While this is the style that the majority of sancerre fans swear by, there is also the single-field wine &#8216;le Cotelin&#8217;, which ages at oak and amphora, if you want more fullness, depth and storage capacity of your sancerre. More ambitious on all parameters, including the price&#8230;<\/p>\n","protected":false},"excerpt":{"rendered":"<p>Julien &#038; Cl\u00e9ment Raimbault &#8211; France<\/p>\n","protected":false},"featured_media":58897,"template":"","meta":{"_acf_changed":false,"rs_blank_template":"","rs_page_bg_color":"","slide_template_v7":""},"product_brand":[],"product_cat":[2793,2789],"product_tag":[],"class_list":{"0":"post-25117","1":"product","2":"type-product","3":"status-publish","4":"has-post-thumbnail","6":"product_cat-white-wine","7":"product_cat-wine","8":"pa_aargang-2023-en","9":"pa_drue-sauvignon-blanc-en","10":"pa_land-france","11":"pa_procent-13-5-en","12":"pa_producent-domaine-du-pre-semele-en","13":"pa_region-sancerre-en","14":"pa_serveringstemperatur-8-10-en","15":"pa_volume-75-en","17":"first","18":"instock","19":"taxable","20":"shipping-taxable","21":"purchasable","22":"product-type-simple"},"bundled_by":["120733"],"bundle_stock_status":"instock","bundle_stock_quantity":null,"bundle_virtual":false,"bundle_layout":"","bundle_add_to_cart_form_location":"","bundle_editable_in_cart":false,"bundle_sold_individually_context":"","bundle_item_grouping":"","bundle_min_size":"","bundle_max_size":"","bundle_price":[],"bundled_items":[],"bundle_sell_ids":[],"acf":[],"_links":{"self":[{"href":"https:\/\/www.raschvin.com\/en\/wp-json\/wp\/v2\/product\/25117","targetHints":{"allow":["GET"]}}],"collection":[{"href":"https:\/\/www.raschvin.com\/en\/wp-json\/wp\/v2\/product"}],"about":[{"href":"https:\/\/www.raschvin.com\/en\/wp-json\/wp\/v2\/types\/product"}],"wp:featuredmedia":[{"embeddable":true,"href":"https:\/\/www.raschvin.com\/en\/wp-json\/wp\/v2\/media\/58897"}],"wp:attachment":[{"href":"https:\/\/www.raschvin.com\/en\/wp-json\/wp\/v2\/media?parent=25117"}],"wp:term":[{"taxonomy":"product_brand","embeddable":true,"href":"https:\/\/www.raschvin.com\/en\/wp-json\/wp\/v2\/product_brand?post=25117"},{"taxonomy":"product_cat","embeddable":true,"href":"https:\/\/www.raschvin.com\/en\/wp-json\/wp\/v2\/product_cat?post=25117"},{"taxonomy":"product_tag","embeddable":true,"href":"https:\/\/www.raschvin.com\/en\/wp-json\/wp\/v2\/product_tag?post=25117"}],"curies":[{"name":"wp","href":"https:\/\/api.w.org\/{rel}","templated":true}]}}