{"id":24747,"date":"2022-05-30T12:03:54","date_gmt":"2022-05-30T10:03:54","guid":{"rendered":"https:\/\/www.raschvin.com\/produkt\/companero-ron-elixir-orange-70-cl\/"},"modified":"2023-03-09T07:56:04","modified_gmt":"2023-03-09T06:56:04","slug":"companero-ron-elixir-orange-70-cl","status":"publish","type":"product","link":"https:\/\/www.raschvin.com\/en\/product\/companero-ron-elixir-orange-70-cl\/","title":{"rendered":"Compa\u00f1ero \u2013 Elixir Orange 70 cl. 40%"},"content":{"rendered":"<p>Elixir Orange is the perfect blend of classic Trinidad and tropical flavors of ripe oranges and fresh coconuts. The taste has a smooth and sweet finish, which in your imagination takes you to a sandy beach on the Caribbean coast.<\/p>\n<p>Compa\u00f1ero is the Spanish word for companion, and that defines this series of products from 1423, where taste, complexity and finish are the ultimate keywords. A very nice rum liqueur, perfect for those who like sweet desserts.<br \/>\nScent: A sweet and round scent with a hint of orange and coconut.<br \/>\nTaste: It is smooth and full-bodied with delicious sweet aromas of orange and coconut.<br \/>\nTogether with Compa\u00f1ero Ron Gran Reserva, Compa\u00f1ero Ron Elixir Orange formed the beginning of the Compa\u00f1ero series, which now also includes Compa\u00f1ero Panama Extra A\u00f1ejo. Compa\u00f1ero Ron Elixir Orange is also available in a 0.05L bottle.<\/p>\n<p>Companjero<\/p>\n","protected":false},"excerpt":{"rendered":"<p>Jamaica Flavored Rum Liqueur<\/p>\n","protected":false},"featured_media":105577,"template":"","meta":{"_acf_changed":false,"rs_blank_template":"","rs_page_bg_color":"","slide_template_v7":""},"product_brand":[],"product_cat":[983,4633,989,4638],"product_tag":[],"class_list":{"0":"post-24747","1":"product","2":"type-product","3":"status-publish","4":"has-post-thumbnail","6":"product_cat-avec-en","7":"product_cat-premium-aged-en","8":"product_cat-rom-en","9":"product_cat-romliqueur-en","10":"pa_land-jamaica","11":"pa_procent-40-en-2","12":"pa_producent-1423-en","13":"pa_volume-70-en-2","15":"first","16":"instock","17":"sale","18":"taxable","19":"shipping-taxable","20":"purchasable","21":"product-type-simple"},"bundled_by":[],"bundle_stock_status":"instock","bundle_stock_quantity":null,"bundle_virtual":false,"bundle_layout":"","bundle_add_to_cart_form_location":"","bundle_editable_in_cart":false,"bundle_sold_individually_context":"","bundle_item_grouping":"","bundle_min_size":"","bundle_max_size":"","bundle_price":[],"bundled_items":[],"bundle_sell_ids":[],"acf":[],"_links":{"self":[{"href":"https:\/\/www.raschvin.com\/en\/wp-json\/wp\/v2\/product\/24747","targetHints":{"allow":["GET"]}}],"collection":[{"href":"https:\/\/www.raschvin.com\/en\/wp-json\/wp\/v2\/product"}],"about":[{"href":"https:\/\/www.raschvin.com\/en\/wp-json\/wp\/v2\/types\/product"}],"wp:featuredmedia":[{"embeddable":true,"href":"https:\/\/www.raschvin.com\/en\/wp-json\/wp\/v2\/media\/105577"}],"wp:attachment":[{"href":"https:\/\/www.raschvin.com\/en\/wp-json\/wp\/v2\/media?parent=24747"}],"wp:term":[{"taxonomy":"product_brand","embeddable":true,"href":"https:\/\/www.raschvin.com\/en\/wp-json\/wp\/v2\/product_brand?post=24747"},{"taxonomy":"product_cat","embeddable":true,"href":"https:\/\/www.raschvin.com\/en\/wp-json\/wp\/v2\/product_cat?post=24747"},{"taxonomy":"product_tag","embeddable":true,"href":"https:\/\/www.raschvin.com\/en\/wp-json\/wp\/v2\/product_tag?post=24747"}],"curies":[{"name":"wp","href":"https:\/\/api.w.org\/{rel}","templated":true}]}}