{"id":24628,"date":"2022-06-16T13:29:32","date_gmt":"2022-06-16T11:29:32","guid":{"rendered":"https:\/\/www.raschvin.com\/produkt\/cap-royal\/"},"modified":"2026-02-04T15:51:46","modified_gmt":"2026-02-04T14:51:46","slug":"cap-royal","status":"publish","type":"product","link":"https:\/\/www.raschvin.com\/en\/product\/cap-royal\/","title":{"rendered":"Cap Royal Bordeaux Sup\u00e9rieur 2019 75 cl."},"content":{"rendered":"<p>Cap Royal takes its name from the Cordouan lighthouse, France&#8217;s oldest of its kind, located where the Gironde River meets the Atlantic Ocean.<\/p>\n<p>The man behind the wine is none other than Jean-Ren\u00e9 Matignon, who on a daily basis contests the title of technical director at Ch\u00e2teau Pichon-Baron, 2.Cru Class\u00e9 in Pauillac.<\/p>\n<p>The Cap Royal project began in 2013 with the desire for a good, well-made wine at a humane price, using the very highest expertise of the industry and La Compagnie M\u00e9docaine, a main player on the Bordeaux wine scene. Monsieur Matignon has been responsible for the selection and blending of the wine as well as for the proper aging in French barriques.<\/p>\n<p>The grape blend in the wine is 2\/3 merlot and 1\/3 cabernet sauvignon. The wine is fermented in steel tanks, after which it has been left for 6-8 months in casks of varying age, which help shape the wine in the desired direction.<\/p>\n<p>In the glass we are met by a dry, rich and intense aroma of especially ripe blackcurrants with a hint of blackberry, red fruit and slightly spicy notes of oak. The taste is full-bodied but rounded, and here &#8211; somewhat unusually for Bordeaux &#8211; good concentration, although this is not an expensive wine. This is Bordeaux in a newer interpretation with density in the fruit paired with a consumer-friendly softness.<\/p>\n<p>This vintage can both be enjoyed now, but will also be able to be stored away for a handful of years.<\/p>\n<p>Should be enjoyed in large glasses at 16-18\u00b0 with game, lamb or a well-aged red steak.<\/p>\n<p>90 points J. Suckling<br \/>\n89 points Wine Enthusiast<br \/>\nGold Challenge International du Vin<\/p>\n","protected":false},"excerpt":{"rendered":"<p>Bourdeaux Rouge &#8211; France<\/p>\n","protected":false},"featured_media":19704,"template":"","meta":{"_acf_changed":false,"rs_blank_template":"","rs_page_bg_color":"","slide_template_v7":""},"product_brand":[],"product_cat":[2789,2799],"product_tag":[],"class_list":{"0":"post-24628","1":"product","2":"type-product","3":"status-publish","4":"has-post-thumbnail","6":"product_cat-wine","7":"product_cat-red-wine","8":"pa_aargang-2019-en","9":"pa_drue-cabernet-sauvignon-merlot-en","10":"pa_land-france","11":"pa_procent-13-5-en","12":"pa_producent-jean-rene-matignon-en","13":"pa_region-bordeaux-en","14":"pa_serveringstemperatur-16-18-en","15":"pa_volume-75-en","17":"first","18":"instock","19":"taxable","20":"shipping-taxable","21":"purchasable","22":"product-type-simple"},"bundled_by":["119752"],"bundle_stock_status":"instock","bundle_stock_quantity":null,"bundle_virtual":false,"bundle_layout":"","bundle_add_to_cart_form_location":"","bundle_editable_in_cart":false,"bundle_sold_individually_context":"","bundle_item_grouping":"","bundle_min_size":"","bundle_max_size":"","bundle_price":[],"bundled_items":[],"bundle_sell_ids":[],"acf":[],"_links":{"self":[{"href":"https:\/\/www.raschvin.com\/en\/wp-json\/wp\/v2\/product\/24628","targetHints":{"allow":["GET"]}}],"collection":[{"href":"https:\/\/www.raschvin.com\/en\/wp-json\/wp\/v2\/product"}],"about":[{"href":"https:\/\/www.raschvin.com\/en\/wp-json\/wp\/v2\/types\/product"}],"wp:featuredmedia":[{"embeddable":true,"href":"https:\/\/www.raschvin.com\/en\/wp-json\/wp\/v2\/media\/19704"}],"wp:attachment":[{"href":"https:\/\/www.raschvin.com\/en\/wp-json\/wp\/v2\/media?parent=24628"}],"wp:term":[{"taxonomy":"product_brand","embeddable":true,"href":"https:\/\/www.raschvin.com\/en\/wp-json\/wp\/v2\/product_brand?post=24628"},{"taxonomy":"product_cat","embeddable":true,"href":"https:\/\/www.raschvin.com\/en\/wp-json\/wp\/v2\/product_cat?post=24628"},{"taxonomy":"product_tag","embeddable":true,"href":"https:\/\/www.raschvin.com\/en\/wp-json\/wp\/v2\/product_tag?post=24628"}],"curies":[{"name":"wp","href":"https:\/\/api.w.org\/{rel}","templated":true}]}}