{"id":24022,"date":"2025-10-23T18:28:37","date_gmt":"2025-10-23T16:28:37","guid":{"rendered":"https:\/\/www.raschvin.com\/produkt\/blossa-trestjaernig-silver-m-rom-50-cl-21\/"},"modified":"2023-10-29T20:09:50","modified_gmt":"2023-10-29T19:09:50","slug":"blossa-trestjaernig-silver-m-rom-50-cl-21","status":"publish","type":"product","link":"https:\/\/www.raschvin.com\/en\/product\/blossa-trestjaernig-silver-m-rom-50-cl-21\/","title":{"rendered":"Blossa Trestj\u00e4rnig *** Silver m. Rom 50 cl. 21%"},"content":{"rendered":"<p>Blossa Trestj\u00e4rnig Silver is a winter drink that brings the Christmas spirit to the table, based on white wine, a secret recipe from 1895, Moscatelle and Mistela, which are sweetened together with the finest sugar and seasoned with Blossa&#8217;s aged spice mix. The drink is flavored with both light and dark rum, which gives Blossa Trestj\u00e4rnig a spicy aroma and an intensive character of dried fruit, rum and honey. Blossa is made according to a secret recipe from 1895 by the famous wine merchant JD Gr\u00f6nstedt &#038; Co. Blossa Trestj\u00e4rnig Silver is made with white wine added, among other things. gl\u00f6gg spices and the finest rum. Serve at room temperature or warm as an accompaniment to coffee, chocolate and Christmas sweets.<br \/>\n50 cl..<\/p>\n<p>Blossa Gl\u00f8gg is a broad Swedish series that includes the Nordics&#8217; largest brand of mulled wine. With over 5 million liters sold in the Nordics and a 100% familiarity in Sweden, Blossa is a brand you can&#8217;t avoid. Blossa is the consumers&#8217; absolute favourite, and the quality is incomparable to the classic ones. The series is based on a recipe from the latter part of the 20th century and remains a well-guarded secret.<\/p>\n","protected":false},"excerpt":{"rendered":"<p>Swedish Blossa Gl\u00f6gg Flavored With Rum<\/p>\n","protected":false},"featured_media":43435,"template":"","meta":{"_acf_changed":false,"rs_blank_template":"","rs_page_bg_color":"","slide_template_v7":""},"product_brand":[],"product_cat":[4462,4429,2789],"product_tag":[],"class_list":{"0":"post-24022","1":"product","2":"type-product","3":"status-publish","4":"has-post-thumbnail","6":"product_cat-christmas","7":"product_cat-mulled-wine","8":"product_cat-wine","9":"pa_land-sweden","10":"pa_procent-21-en","11":"pa_producent-anora-group-en","12":"pa_volume-50-en","14":"first","15":"instock","16":"taxable","17":"shipping-taxable","18":"purchasable","19":"product-type-simple"},"bundled_by":[],"bundle_stock_status":"instock","bundle_stock_quantity":null,"bundle_virtual":false,"bundle_layout":"","bundle_add_to_cart_form_location":"","bundle_editable_in_cart":false,"bundle_sold_individually_context":"","bundle_item_grouping":"","bundle_min_size":"","bundle_max_size":"","bundle_price":[],"bundled_items":[],"bundle_sell_ids":[],"acf":[],"_links":{"self":[{"href":"https:\/\/www.raschvin.com\/en\/wp-json\/wp\/v2\/product\/24022","targetHints":{"allow":["GET"]}}],"collection":[{"href":"https:\/\/www.raschvin.com\/en\/wp-json\/wp\/v2\/product"}],"about":[{"href":"https:\/\/www.raschvin.com\/en\/wp-json\/wp\/v2\/types\/product"}],"wp:featuredmedia":[{"embeddable":true,"href":"https:\/\/www.raschvin.com\/en\/wp-json\/wp\/v2\/media\/43435"}],"wp:attachment":[{"href":"https:\/\/www.raschvin.com\/en\/wp-json\/wp\/v2\/media?parent=24022"}],"wp:term":[{"taxonomy":"product_brand","embeddable":true,"href":"https:\/\/www.raschvin.com\/en\/wp-json\/wp\/v2\/product_brand?post=24022"},{"taxonomy":"product_cat","embeddable":true,"href":"https:\/\/www.raschvin.com\/en\/wp-json\/wp\/v2\/product_cat?post=24022"},{"taxonomy":"product_tag","embeddable":true,"href":"https:\/\/www.raschvin.com\/en\/wp-json\/wp\/v2\/product_tag?post=24022"}],"curies":[{"name":"wp","href":"https:\/\/api.w.org\/{rel}","templated":true}]}}