{"id":23907,"date":"2025-10-23T18:45:15","date_gmt":"2025-10-23T16:45:15","guid":{"rendered":"https:\/\/www.raschvin.com\/produkt\/blossa-vingloegg-10\/"},"modified":"2023-10-29T21:03:20","modified_gmt":"2023-10-29T20:03:20","slug":"blossa-vingloegg-10","status":"publish","type":"product","link":"https:\/\/www.raschvin.com\/en\/product\/blossa-vingloegg-10\/","title":{"rendered":"Blossa Vingl\u00f6gg &#8211; R\u00f8d 75 cl. 10%"},"content":{"rendered":"<p>A wine gl\u00f6gg that has a spicy bouquet of cardamom and cloves. The taste is balanced with sweetness and confirms the spicy notes of cardamom and cloves. Blossa gl\u00f6gg is made according to a secret recipe from 1895 by the famous wine merchant JD Gr\u00a8nstedt &#038; Co. The red vingl\u00f8gg is made from full-bodied red wine with the taste of classic Blossa Christmas spices. Should be served piping hot or at room temperature in a nice gl\u00f6gg glass, accompanied by brownies, gingerbread or other good Christmas baking.<\/p>\n<p>Blossa Gl\u00f8gg is a broad Swedish series that includes the Nordics&#8217; largest brand of mulled wine. With over 5 million liters sold in the Nordics and a 100% familiarity in Sweden, Blossa is a brand you can&#8217;t avoid. Blossa is the consumers&#8217; absolute favourite, and the quality is incomparable to the classic ones. The series is based on a recipe from the latter part of the 20th century and remains a well-guarded secret.<\/p>\n","protected":false},"excerpt":{"rendered":"<p>Classic Swedish &#8220;Gl\u00f6gg&#8221;<\/p>\n","protected":false},"featured_media":43438,"template":"","meta":{"_acf_changed":false,"rs_blank_template":"","rs_page_bg_color":"","slide_template_v7":""},"product_brand":[],"product_cat":[4462,4429,2789],"product_tag":[],"class_list":{"0":"post-23907","1":"product","2":"type-product","3":"status-publish","4":"has-post-thumbnail","6":"product_cat-christmas","7":"product_cat-mulled-wine","8":"product_cat-wine","9":"pa_land-sweden","10":"pa_procent-10-en","11":"pa_producent-anora-group-en","12":"pa_volume-75-en","14":"first","15":"instock","16":"taxable","17":"shipping-taxable","18":"purchasable","19":"product-type-simple"},"bundled_by":[],"bundle_stock_status":"instock","bundle_stock_quantity":null,"bundle_virtual":false,"bundle_layout":"","bundle_add_to_cart_form_location":"","bundle_editable_in_cart":false,"bundle_sold_individually_context":"","bundle_item_grouping":"","bundle_min_size":"","bundle_max_size":"","bundle_price":[],"bundled_items":[],"bundle_sell_ids":[],"acf":[],"_links":{"self":[{"href":"https:\/\/www.raschvin.com\/en\/wp-json\/wp\/v2\/product\/23907","targetHints":{"allow":["GET"]}}],"collection":[{"href":"https:\/\/www.raschvin.com\/en\/wp-json\/wp\/v2\/product"}],"about":[{"href":"https:\/\/www.raschvin.com\/en\/wp-json\/wp\/v2\/types\/product"}],"wp:featuredmedia":[{"embeddable":true,"href":"https:\/\/www.raschvin.com\/en\/wp-json\/wp\/v2\/media\/43438"}],"wp:attachment":[{"href":"https:\/\/www.raschvin.com\/en\/wp-json\/wp\/v2\/media?parent=23907"}],"wp:term":[{"taxonomy":"product_brand","embeddable":true,"href":"https:\/\/www.raschvin.com\/en\/wp-json\/wp\/v2\/product_brand?post=23907"},{"taxonomy":"product_cat","embeddable":true,"href":"https:\/\/www.raschvin.com\/en\/wp-json\/wp\/v2\/product_cat?post=23907"},{"taxonomy":"product_tag","embeddable":true,"href":"https:\/\/www.raschvin.com\/en\/wp-json\/wp\/v2\/product_tag?post=23907"}],"curies":[{"name":"wp","href":"https:\/\/api.w.org\/{rel}","templated":true}]}}