{"id":21473,"date":"2024-09-09T19:12:04","date_gmt":"2024-09-09T17:12:04","guid":{"rendered":"https:\/\/www.raschvin.com\/vare\/dansk-mjoed-klapoejster-mjoed\/"},"modified":"2023-09-07T20:38:16","modified_gmt":"2023-09-07T18:38:16","slug":"dansk-mjoed-klapoejster-mjoed","status":"publish","type":"product","link":"https:\/\/www.raschvin.com\/en\/product\/dansk-mjoed-klapoejster-mjoed\/","title":{"rendered":"Dansk Mj\u00f8d &#8211; Klap\u00f8jster Mj\u00f8d 75 cl. 21,8%"},"content":{"rendered":"<p>Description<br \/>\nDansk Mj\u00f8d brews on the basis of an old Danish recipe. From Norse mythology we know that mead is a drink for gods that was drunk on festive occasions. Mead is a natural product that is brewed exclusively from honey. Quite a few spices are used; it makes the best mead in our opinion. With inspiration from a Danish tradition, we have mixed this mead with schnapps. Klap\u00f8yster The mead is stronger than the traditional mead, but the sweetness and rich character of the mead is still preserved.<\/p>\n<p>Application<br \/>\nHedwin, suitable for e.g. cheese. Can be enjoyed both chilled and at room temperature.<\/p>\n<p>Contents<br \/>\nHoney added to water, hops and schnapps, which increases the alcohol percentage to 21.8%<\/p>\n","protected":false},"excerpt":{"rendered":"<p>Danish Mead<\/p>\n","protected":false},"featured_media":40597,"template":"","meta":{"_acf_changed":false,"rs_blank_template":"","rs_page_bg_color":"","slide_template_v7":""},"product_brand":[],"product_cat":[4426],"product_tag":[],"class_list":{"0":"post-21473","1":"product","2":"type-product","3":"status-publish","4":"has-post-thumbnail","6":"product_cat-mead","7":"pa_land-denmark","8":"pa_procent-21-8-en","9":"pa_producent-dansk-mjoed-en","10":"pa_region-billund-en","11":"pa_volume-75-en","13":"first","14":"instock","15":"sale","16":"taxable","17":"shipping-taxable","18":"purchasable","19":"product-type-simple"},"bundled_by":[],"bundle_stock_status":"instock","bundle_stock_quantity":null,"bundle_virtual":false,"bundle_layout":"","bundle_add_to_cart_form_location":"","bundle_editable_in_cart":false,"bundle_sold_individually_context":"","bundle_item_grouping":"","bundle_min_size":"","bundle_max_size":"","bundle_price":[],"bundled_items":[],"bundle_sell_ids":[],"acf":[],"_links":{"self":[{"href":"https:\/\/www.raschvin.com\/en\/wp-json\/wp\/v2\/product\/21473","targetHints":{"allow":["GET"]}}],"collection":[{"href":"https:\/\/www.raschvin.com\/en\/wp-json\/wp\/v2\/product"}],"about":[{"href":"https:\/\/www.raschvin.com\/en\/wp-json\/wp\/v2\/types\/product"}],"wp:featuredmedia":[{"embeddable":true,"href":"https:\/\/www.raschvin.com\/en\/wp-json\/wp\/v2\/media\/40597"}],"wp:attachment":[{"href":"https:\/\/www.raschvin.com\/en\/wp-json\/wp\/v2\/media?parent=21473"}],"wp:term":[{"taxonomy":"product_brand","embeddable":true,"href":"https:\/\/www.raschvin.com\/en\/wp-json\/wp\/v2\/product_brand?post=21473"},{"taxonomy":"product_cat","embeddable":true,"href":"https:\/\/www.raschvin.com\/en\/wp-json\/wp\/v2\/product_cat?post=21473"},{"taxonomy":"product_tag","embeddable":true,"href":"https:\/\/www.raschvin.com\/en\/wp-json\/wp\/v2\/product_tag?post=21473"}],"curies":[{"name":"wp","href":"https:\/\/api.w.org\/{rel}","templated":true}]}}