{"id":21275,"date":"2022-06-16T13:43:35","date_gmt":"2022-06-16T11:43:35","guid":{"rendered":"https:\/\/www.raschvin.com\/vare\/mas-de-boislauzon\/"},"modified":"2023-03-29T11:16:14","modified_gmt":"2023-03-29T09:16:14","slug":"mas-de-boislauzon","status":"publish","type":"product","link":"https:\/\/www.raschvin.com\/en\/product\/mas-de-boislauzon\/","title":{"rendered":"Mas de Boislauzon &#8211; C\u00f4tes-du-Rh\u00f4ne-Villages 75 cl."},"content":{"rendered":"<p>Quite different serious C\u00f4tes-du-Rh\u00f4ne-Villages than what one usually sees on the shelves, which year after year are proclaimed as &#8216;bargains&#8217; by Robert Parker. Here, the otherwise very worn phrase &#8216;mini-Chateauneuf&#8217; is exceptionally in place. And this is no coincidence: Very low yields are harvested from the 50 years + certified organic old vineyards, which come from 26 different plots; some on Chateauneuf&#8217;s northern border, others a little further north, but all with the same common denominator: a subsoil of clayey limestone with a coarse, rocky top layer.<\/p>\n<p>The grape composition is just over 50% Grenache, while the rest is divided between Syrah, Mourv\u00e8dre and a little Carignan, which after almost a month of maceration and fermentation is stored for a year in both large barrels and tanks &#8211; completely like their Mas de Boislauzon Chateuneuf &#8216;Tradition&#8217;. Simply, the maceration has not been so harsh, so this is a wine that is somewhat more kind-hearted as a young person. However, this is really &#8216;Southern Rh\u00f4nevin&#8217;, which is masculine and typical of the place &#8211; not sweet and soft!<\/p>\n<p>Aroma and taste reveal a characterful, healthy, juicy and tightly packed wine that has a balanced blend of red and dark fruit with black olives, Provence herbs and a slight medicinal undertone towards carnations. Great fullness harmonizes with the structure of the wine, so nothing seems flooded despite the wine&#8217;s considerable corpus.<\/p>\n<p>We recommend a serving temperature around 16-17 \u00b0.<\/p>\n<p>If you can keep your fingers off the wine now, you will be able to store it in a good cellar for 5-10 years.<\/p>\n<p>91 points Decanter<\/p>\n<p>Also try their Chateauneuf-Du-Pape here<\/p>\n","protected":false},"excerpt":{"rendered":"<p>Vin de France<\/p>\n","protected":false},"featured_media":17512,"template":"","meta":{"_acf_changed":false,"rs_blank_template":"","rs_page_bg_color":"","slide_template_v7":""},"product_brand":[],"product_cat":[2789,2799],"product_tag":[],"class_list":{"0":"post-21275","1":"product","2":"type-product","3":"status-publish","4":"has-post-thumbnail","6":"product_cat-wine","7":"product_cat-red-wine","8":"pa_drue-carignan-15-en","9":"pa_drue-grenache-75-en","10":"pa_drue-mourvedre-5-en","11":"pa_drue-syrah-5-en","12":"pa_land-france","13":"pa_oekologisk-organic","14":"pa_procent-14-en","15":"pa_producent-mas-de-boislauzon-en","16":"pa_region-rhone-valley-en","17":"pa_serveringstemperatur-16-17-en","18":"pa_volume-75-en","20":"first","21":"instock","22":"taxable","23":"shipping-taxable","24":"purchasable","25":"product-type-simple"},"bundled_by":["119752","119804"],"bundle_stock_status":"instock","bundle_stock_quantity":null,"bundle_virtual":false,"bundle_layout":"","bundle_add_to_cart_form_location":"","bundle_editable_in_cart":false,"bundle_sold_individually_context":"","bundle_item_grouping":"","bundle_min_size":"","bundle_max_size":"","bundle_price":[],"bundled_items":[],"bundle_sell_ids":[],"acf":[],"_links":{"self":[{"href":"https:\/\/www.raschvin.com\/en\/wp-json\/wp\/v2\/product\/21275","targetHints":{"allow":["GET"]}}],"collection":[{"href":"https:\/\/www.raschvin.com\/en\/wp-json\/wp\/v2\/product"}],"about":[{"href":"https:\/\/www.raschvin.com\/en\/wp-json\/wp\/v2\/types\/product"}],"wp:featuredmedia":[{"embeddable":true,"href":"https:\/\/www.raschvin.com\/en\/wp-json\/wp\/v2\/media\/17512"}],"wp:attachment":[{"href":"https:\/\/www.raschvin.com\/en\/wp-json\/wp\/v2\/media?parent=21275"}],"wp:term":[{"taxonomy":"product_brand","embeddable":true,"href":"https:\/\/www.raschvin.com\/en\/wp-json\/wp\/v2\/product_brand?post=21275"},{"taxonomy":"product_cat","embeddable":true,"href":"https:\/\/www.raschvin.com\/en\/wp-json\/wp\/v2\/product_cat?post=21275"},{"taxonomy":"product_tag","embeddable":true,"href":"https:\/\/www.raschvin.com\/en\/wp-json\/wp\/v2\/product_tag?post=21275"}],"curies":[{"name":"wp","href":"https:\/\/api.w.org\/{rel}","templated":true}]}}