{"id":15647,"date":"2022-05-30T11:24:54","date_gmt":"2022-05-30T09:24:54","guid":{"rendered":"https:\/\/www.raschvin.com\/vare\/havana-club-3-anos\/"},"modified":"2022-11-18T16:20:36","modified_gmt":"2022-11-18T15:20:36","slug":"havana-club-3-anos","status":"publish","type":"product","link":"https:\/\/www.raschvin.com\/en\/product\/havana-club-3-anos\/","title":{"rendered":"Havana Club &#8211; A\u00f1ejo 3 A\u00f1os 70 cl. 40%"},"content":{"rendered":"<p>Havana Club 3 A\u00f1os is the essential ingredient in classic Cuban cocktails. It is made and stored on Cuba of local sugar cane. This eased white white Rome combines the fresh, green notes of sugar cane with the fruity notes of Caribbean Rome. Havana Club 3 A\u00f1os is the most popular Rome for cocktail lovers in search of authentic Cuban mojitos and Daiquiris!<\/p>\n<p>Freshness from the continuous distillation of sugar cane and character from the storage is a winning combination! Havana Club 3 A\u00f1os has a pale, golden straw color that reveals his age: Every drip is stored for at least three years. The scent offers a rich bouquet with smooth aromas with hints of oak, molasses and sugar cane. The taste is balanced and complex, a sweet, mild and fruity taste with a light hint of citrus.<\/p>\n<p>70 cl. \/ 40%<\/p>\n","protected":false},"excerpt":{"rendered":"<p>El Ron De Cuba<\/p>\n","protected":false},"featured_media":11338,"template":"","meta":{"_acf_changed":false,"rs_blank_template":"","rs_page_bg_color":"","slide_template_v7":""},"product_brand":[],"product_cat":[983,989,4620],"product_tag":[],"class_list":{"0":"post-15647","1":"product","2":"type-product","3":"status-publish","4":"has-post-thumbnail","6":"product_cat-avec-en","7":"product_cat-rom-en","8":"product_cat-white-en","9":"pa_land-cuba-en","10":"pa_procent-40-en-2","11":"pa_producent-havana-club-en","12":"pa_volume-70-en-2","14":"first","15":"instock","16":"taxable","17":"shipping-taxable","18":"purchasable","19":"product-type-simple"},"bundled_by":[],"bundle_stock_status":"instock","bundle_stock_quantity":null,"bundle_virtual":false,"bundle_layout":"","bundle_add_to_cart_form_location":"","bundle_editable_in_cart":false,"bundle_sold_individually_context":"","bundle_item_grouping":"","bundle_min_size":"","bundle_max_size":"","bundle_price":[],"bundled_items":[],"bundle_sell_ids":[],"acf":[],"_links":{"self":[{"href":"https:\/\/www.raschvin.com\/en\/wp-json\/wp\/v2\/product\/15647","targetHints":{"allow":["GET"]}}],"collection":[{"href":"https:\/\/www.raschvin.com\/en\/wp-json\/wp\/v2\/product"}],"about":[{"href":"https:\/\/www.raschvin.com\/en\/wp-json\/wp\/v2\/types\/product"}],"wp:featuredmedia":[{"embeddable":true,"href":"https:\/\/www.raschvin.com\/en\/wp-json\/wp\/v2\/media\/11338"}],"wp:attachment":[{"href":"https:\/\/www.raschvin.com\/en\/wp-json\/wp\/v2\/media?parent=15647"}],"wp:term":[{"taxonomy":"product_brand","embeddable":true,"href":"https:\/\/www.raschvin.com\/en\/wp-json\/wp\/v2\/product_brand?post=15647"},{"taxonomy":"product_cat","embeddable":true,"href":"https:\/\/www.raschvin.com\/en\/wp-json\/wp\/v2\/product_cat?post=15647"},{"taxonomy":"product_tag","embeddable":true,"href":"https:\/\/www.raschvin.com\/en\/wp-json\/wp\/v2\/product_tag?post=15647"}],"curies":[{"name":"wp","href":"https:\/\/api.w.org\/{rel}","templated":true}]}}