{"id":15414,"date":"2022-05-30T10:49:06","date_gmt":"2022-05-30T08:49:06","guid":{"rendered":"https:\/\/www.raschvin.com\/vare\/cachaca-ypioca-ouro-100-cl-38\/"},"modified":"2022-11-05T08:23:18","modified_gmt":"2022-11-05T07:23:18","slug":"cachaca-ypioca-ouro-100-cl-38","status":"publish","type":"product","link":"https:\/\/www.raschvin.com\/en\/product\/cachaca-ypioca-ouro-100-cl-38\/","title":{"rendered":"Cachaca Ypi\u00f3ca Ouro Reserva 100 cl. 38%"},"content":{"rendered":"<p>The Brazilian brandy, Cachaca, has a lovely fullness and is an exciting alternative to the classic Rome. In addition, this Cachaca Ypi\u00f3ca Brasilizar Ouro Reserva Especial in a nice authentic wrapping.<\/p>\n<p>Ypi\u00f3ca, founded in 1846, is Brazil&#8217;s largest manufacturer of Cacha\u00e7a. Since 1846, this company has always had the heart in the right place. Ypi\u00f3ca employs approx. 15,000 employees, of whom 5,000 work exclusively from home with producing the handmade &#8216;fletcovers&#8217; to the bottles that characterize Ypi\u00f3ca.<\/p>\n","protected":false},"excerpt":{"rendered":"<p>Suger Cane Spirit &#8211; Brazil (Reserva)<\/p>\n","protected":false},"featured_media":8922,"template":"","meta":{"_acf_changed":false,"rs_blank_template":"","rs_page_bg_color":"","slide_template_v7":""},"product_brand":[],"product_cat":[4721,998],"product_tag":[],"class_list":{"0":"post-15414","1":"product","2":"type-product","3":"status-publish","4":"has-post-thumbnail","6":"product_cat-cachaca","7":"product_cat-liquor-en","8":"pa_land-brasil","9":"pa_procent-38-en","10":"pa_producent-ypioca-en","11":"pa_volume-100-en","13":"first","14":"instock","15":"sale","16":"taxable","17":"shipping-taxable","18":"purchasable","19":"product-type-simple"},"bundled_by":[],"bundle_stock_status":"instock","bundle_stock_quantity":null,"bundle_virtual":false,"bundle_layout":"","bundle_add_to_cart_form_location":"","bundle_editable_in_cart":false,"bundle_sold_individually_context":"","bundle_item_grouping":"","bundle_min_size":"","bundle_max_size":"","bundle_price":[],"bundled_items":[],"bundle_sell_ids":[],"acf":[],"_links":{"self":[{"href":"https:\/\/www.raschvin.com\/en\/wp-json\/wp\/v2\/product\/15414","targetHints":{"allow":["GET"]}}],"collection":[{"href":"https:\/\/www.raschvin.com\/en\/wp-json\/wp\/v2\/product"}],"about":[{"href":"https:\/\/www.raschvin.com\/en\/wp-json\/wp\/v2\/types\/product"}],"wp:featuredmedia":[{"embeddable":true,"href":"https:\/\/www.raschvin.com\/en\/wp-json\/wp\/v2\/media\/8922"}],"wp:attachment":[{"href":"https:\/\/www.raschvin.com\/en\/wp-json\/wp\/v2\/media?parent=15414"}],"wp:term":[{"taxonomy":"product_brand","embeddable":true,"href":"https:\/\/www.raschvin.com\/en\/wp-json\/wp\/v2\/product_brand?post=15414"},{"taxonomy":"product_cat","embeddable":true,"href":"https:\/\/www.raschvin.com\/en\/wp-json\/wp\/v2\/product_cat?post=15414"},{"taxonomy":"product_tag","embeddable":true,"href":"https:\/\/www.raschvin.com\/en\/wp-json\/wp\/v2\/product_tag?post=15414"}],"curies":[{"name":"wp","href":"https:\/\/api.w.org\/{rel}","templated":true}]}}