{"id":15142,"date":"2022-05-30T10:10:11","date_gmt":"2022-05-30T08:10:11","guid":{"rendered":"https:\/\/www.raschvin.com\/vare\/bacardi-limon\/"},"modified":"2023-04-17T09:10:38","modified_gmt":"2023-04-17T07:10:38","slug":"bacardi-limon","status":"publish","type":"product","link":"https:\/\/www.raschvin.com\/en\/product\/bacardi-limon\/","title":{"rendered":"Bacardi Lim\u00f3n 70 cl. 32%"},"content":{"rendered":"<p>The well-known and popular Bacardi Lim\u00f3n is a light Rome with the taste of citrus fruits; Lemon, lime and grapefruit. Lim\u00f3n Rome is super popular for drinks and we especially think it is delicious in a Lim\u00f3n and Sprite:<\/p>\n<p>50 ml of Bacard\u00ed Lim\u00f3n<br \/>\n100 ml of sprite<\/p>\n<p>In February 1862, the Bacard\u00ed family, led by Don Facardo Bacardi Masso, a distillery in Santiago de Cuba. Here they made their own, unique blends and developed a revolutionary ROM manufacturing method, which forever changed the way Rome was made.<\/p>\n<p>The bat is considered, in Cuba, to be a symbol of luck and one still believes in the little happiness figure on each of the bottles, helps the distillery&#8217;s success and LigDan helps them through hard times.<\/p>\n<p>In the 1960s, the revolution to Cuba and Bacard\u00ed&#8217;s assets came seized. The family went to the United States, where the brand resurrected and that day today thrives.<\/p>\n","protected":false},"excerpt":{"rendered":"<p>Lemon Flavour Spirit Drink<\/p>\n","protected":false},"featured_media":6303,"template":"","meta":{"_acf_changed":false,"rs_blank_template":"","rs_page_bg_color":"","slide_template_v7":""},"product_brand":[],"product_cat":[983,989,4641],"product_tag":[],"class_list":{"0":"post-15142","1":"product","2":"type-product","3":"status-publish","4":"has-post-thumbnail","6":"product_cat-avec-en","7":"product_cat-rom-en","8":"product_cat-flavoured-rom-en","9":"pa_land-puerto-rico-en","10":"pa_procent-32-en","11":"pa_producent-bacardi-martini-production-en","12":"pa_volume-70-en-2","14":"first","15":"instock","16":"sale","17":"taxable","18":"shipping-taxable","19":"purchasable","20":"product-type-simple"},"bundled_by":[],"bundle_stock_status":"instock","bundle_stock_quantity":null,"bundle_virtual":false,"bundle_layout":"","bundle_add_to_cart_form_location":"","bundle_editable_in_cart":false,"bundle_sold_individually_context":"","bundle_item_grouping":"","bundle_min_size":"","bundle_max_size":"","bundle_price":[],"bundled_items":[],"bundle_sell_ids":[],"acf":[],"_links":{"self":[{"href":"https:\/\/www.raschvin.com\/en\/wp-json\/wp\/v2\/product\/15142","targetHints":{"allow":["GET"]}}],"collection":[{"href":"https:\/\/www.raschvin.com\/en\/wp-json\/wp\/v2\/product"}],"about":[{"href":"https:\/\/www.raschvin.com\/en\/wp-json\/wp\/v2\/types\/product"}],"wp:featuredmedia":[{"embeddable":true,"href":"https:\/\/www.raschvin.com\/en\/wp-json\/wp\/v2\/media\/6303"}],"wp:attachment":[{"href":"https:\/\/www.raschvin.com\/en\/wp-json\/wp\/v2\/media?parent=15142"}],"wp:term":[{"taxonomy":"product_brand","embeddable":true,"href":"https:\/\/www.raschvin.com\/en\/wp-json\/wp\/v2\/product_brand?post=15142"},{"taxonomy":"product_cat","embeddable":true,"href":"https:\/\/www.raschvin.com\/en\/wp-json\/wp\/v2\/product_cat?post=15142"},{"taxonomy":"product_tag","embeddable":true,"href":"https:\/\/www.raschvin.com\/en\/wp-json\/wp\/v2\/product_tag?post=15142"}],"curies":[{"name":"wp","href":"https:\/\/api.w.org\/{rel}","templated":true}]}}