{"id":15104,"date":"2022-05-30T10:05:30","date_gmt":"2022-05-30T08:05:30","guid":{"rendered":"https:\/\/www.raschvin.com\/vare\/companero-panama-extra-anejo-5-cl\/"},"modified":"2022-11-10T12:34:49","modified_gmt":"2022-11-10T11:34:49","slug":"companero-panama-extra-anejo-5-cl","status":"publish","type":"product","link":"https:\/\/www.raschvin.com\/en\/product\/companero-panama-extra-anejo-5-cl\/","title":{"rendered":"Compa\u00f1ero &#8211; Panama Extra A\u00f1ejo 5 cl. 54%"},"content":{"rendered":"<p>Compa\u00f1ero Ron Panama Extra A\u00f1ejo is the third Rome in the Compa\u00f1ero series, which is a series of products where taste, complexity and finish are ultimate keywords.<\/p>\n<p>Despite the high alcohol percentage, the 54% alcohol is beautifully tucked away in the chocolate nodes that provide heat to this Panama-Rome.<\/p>\n<p>Fragrance: Heavy dark chocolate, hot cream and touch of citrus.<\/p>\n<p>Taste: Almost like mini muh chocolate and cocootheous. It is characterized by dish with a small tiny orange, but the chocolate is most dominant.<\/p>\n","protected":false},"excerpt":{"rendered":"<p>Premium Aged Panama Rum<\/p>\n","protected":false},"featured_media":5893,"template":"","meta":{"_acf_changed":false,"rs_blank_template":"","rs_page_bg_color":"","slide_template_v7":""},"product_brand":[],"product_cat":[983,4633,989],"product_tag":[],"class_list":{"0":"post-15104","1":"product","2":"type-product","3":"status-publish","4":"has-post-thumbnail","6":"product_cat-avec-en","7":"product_cat-premium-aged-en","8":"product_cat-rom-en","9":"pa_land-panama-en","10":"pa_procent-54-en","11":"pa_producent-1423-en","12":"pa_volume-5-en","14":"first","15":"instock","16":"taxable","17":"shipping-taxable","18":"purchasable","19":"product-type-simple"},"bundled_by":[],"bundle_stock_status":"instock","bundle_stock_quantity":null,"bundle_virtual":false,"bundle_layout":"","bundle_add_to_cart_form_location":"","bundle_editable_in_cart":false,"bundle_sold_individually_context":"","bundle_item_grouping":"","bundle_min_size":"","bundle_max_size":"","bundle_price":[],"bundled_items":[],"bundle_sell_ids":[],"acf":[],"_links":{"self":[{"href":"https:\/\/www.raschvin.com\/en\/wp-json\/wp\/v2\/product\/15104","targetHints":{"allow":["GET"]}}],"collection":[{"href":"https:\/\/www.raschvin.com\/en\/wp-json\/wp\/v2\/product"}],"about":[{"href":"https:\/\/www.raschvin.com\/en\/wp-json\/wp\/v2\/types\/product"}],"wp:featuredmedia":[{"embeddable":true,"href":"https:\/\/www.raschvin.com\/en\/wp-json\/wp\/v2\/media\/5893"}],"wp:attachment":[{"href":"https:\/\/www.raschvin.com\/en\/wp-json\/wp\/v2\/media?parent=15104"}],"wp:term":[{"taxonomy":"product_brand","embeddable":true,"href":"https:\/\/www.raschvin.com\/en\/wp-json\/wp\/v2\/product_brand?post=15104"},{"taxonomy":"product_cat","embeddable":true,"href":"https:\/\/www.raschvin.com\/en\/wp-json\/wp\/v2\/product_cat?post=15104"},{"taxonomy":"product_tag","embeddable":true,"href":"https:\/\/www.raschvin.com\/en\/wp-json\/wp\/v2\/product_tag?post=15104"}],"curies":[{"name":"wp","href":"https:\/\/api.w.org\/{rel}","templated":true}]}}