{"id":15005,"date":"2022-05-30T09:51:27","date_gmt":"2022-05-30T07:51:27","guid":{"rendered":"https:\/\/www.raschvin.com\/vare\/jose-cuervo-especial-gold-tequila\/"},"modified":"2022-11-21T18:42:48","modified_gmt":"2022-11-21T17:42:48","slug":"jose-cuervo-especial-gold-tequila","status":"publish","type":"product","link":"https:\/\/www.raschvin.com\/en\/product\/jose-cuervo-especial-gold-tequila\/","title":{"rendered":"Jos\u00e9 Cuervo Especial Gold Tequila 70 cl. 38%"},"content":{"rendered":"<p>In 1795, the King of Spain granted Jos\u00e9 Antonio de Cuervo the first concession ever to produce Tequila commercially. This particular event marked the birth of Tequila. Today, Jose Cuervo Especial Gold is the #1 selling Tequila in the world. The Jose Cuervo recipe and process has been passed down and maintained by a family of entrepreneurs, inventors and risk takers. It&#8217;s no wonder why Jose Cuervo is the most awarded family of Tequila in history.<\/p>\n<p>Legend has it that Cuervo Gold was used to make the first ever Margarita. Cuervo Gold is a blend of Reposado and younger Tequilas. The result is a well-balanced, smooth Tequila that makes the perfect Margarita, frozen or on the rocks.<br \/>\nJose Cuervo Especial Reposado Tequila has a sweet aroma with notes of agave and a hint of oak. It has a beautiful golden color. The taste is fine and sweet with notes of agave, oak and vanilla.<br \/>\nProposals:<br \/>\nWatermelon Margarita<br \/>\n&#8211; 2\u00bd dl watermelon blended without seeds<br \/>\n&#8211; juice from \u00bd lime<br \/>\n&#8211; 3 cl of tequila<br \/>\n&#8211; 3 cl Cointreau or triple sec<br \/>\n&#8211; 1 teaspoon of sugar<br \/>\n&#8211; 6 ice cubes<br \/>\n&#8211; 1 piece of watermelon for decoration<br \/>\nBlend watermelon with lime juice, tequila, cointreau, sugar and ice.<br \/>\nPour into a glass and garnish with watermelon.<\/p>\n<p>The family-owned business, Jos\u00e9 Cuervo, was founded in 1795 by Jos\u00e9 Maria Guadalupe de Cuervo. Jos\u00e9 Cuervo is the world&#8217;s first tequila producer, and for more than 250 years, the company has been producing tequila using the same traditional methods as when it all started. A careful selection of the very best agaves, careful fermentation, distillation and processing have created the world&#8217;s finest and best-selling tequila.<br \/>\nThe Mexican government has set some standards for what tequila is and how it should be made. These standards are called Normas, and every bottle of real tequila has a so-called NOM No. (Normas Oficiales Mexicanas). Jos\u00e9 Cuervo has the NOM numbers 1104 and 1122, which indicate which distillery the tequila is made at.<\/p>\n","protected":false},"excerpt":{"rendered":"<p>Blue Agave &#8211; Jalisco Mexico 38%<\/p>\n","protected":false},"featured_media":4996,"template":"","meta":{"_acf_changed":false,"rs_blank_template":"","rs_page_bg_color":"","slide_template_v7":""},"product_brand":[],"product_cat":[998,1004],"product_tag":[],"class_list":{"0":"post-15005","1":"product","2":"type-product","3":"status-publish","4":"has-post-thumbnail","6":"product_cat-liquor-en","7":"product_cat-tequila-mescal-en","8":"pa_land-mexico-en","9":"pa_procent-38-en","10":"pa_producent-jose-cuervo-tequila-en","11":"pa_region-jalisco-en","12":"pa_volume-70-en-2","14":"first","15":"instock","16":"sale","17":"taxable","18":"shipping-taxable","19":"purchasable","20":"product-type-simple"},"bundled_by":[],"bundle_stock_status":"instock","bundle_stock_quantity":null,"bundle_virtual":false,"bundle_layout":"","bundle_add_to_cart_form_location":"","bundle_editable_in_cart":false,"bundle_sold_individually_context":"","bundle_item_grouping":"","bundle_min_size":"","bundle_max_size":"","bundle_price":[],"bundled_items":[],"bundle_sell_ids":[],"acf":[],"_links":{"self":[{"href":"https:\/\/www.raschvin.com\/en\/wp-json\/wp\/v2\/product\/15005","targetHints":{"allow":["GET"]}}],"collection":[{"href":"https:\/\/www.raschvin.com\/en\/wp-json\/wp\/v2\/product"}],"about":[{"href":"https:\/\/www.raschvin.com\/en\/wp-json\/wp\/v2\/types\/product"}],"wp:featuredmedia":[{"embeddable":true,"href":"https:\/\/www.raschvin.com\/en\/wp-json\/wp\/v2\/media\/4996"}],"wp:attachment":[{"href":"https:\/\/www.raschvin.com\/en\/wp-json\/wp\/v2\/media?parent=15005"}],"wp:term":[{"taxonomy":"product_brand","embeddable":true,"href":"https:\/\/www.raschvin.com\/en\/wp-json\/wp\/v2\/product_brand?post=15005"},{"taxonomy":"product_cat","embeddable":true,"href":"https:\/\/www.raschvin.com\/en\/wp-json\/wp\/v2\/product_cat?post=15005"},{"taxonomy":"product_tag","embeddable":true,"href":"https:\/\/www.raschvin.com\/en\/wp-json\/wp\/v2\/product_tag?post=15005"}],"curies":[{"name":"wp","href":"https:\/\/api.w.org\/{rel}","templated":true}]}}