{"id":14944,"date":"2022-05-30T09:42:41","date_gmt":"2022-05-30T07:42:41","guid":{"rendered":"https:\/\/www.raschvin.com\/vare\/d-o-m-benedictine-70-cl\/"},"modified":"2022-11-14T11:42:56","modified_gmt":"2022-11-14T10:42:56","slug":"d-o-m-benedictine-70-cl","status":"publish","type":"product","link":"https:\/\/www.raschvin.com\/en\/product\/d-o-m-benedictine-70-cl\/","title":{"rendered":"D.O.M Benedictine 70 cl. 40%"},"content":{"rendered":"<p>Distilled and aged in a flamboyant palace, built in F\u00e9camp to tribute to this unique liqueur, B\u00e9n\u00e9dictine is a subtle alchemy with 27 different plants and spices.<\/p>\n<p>Some of the herbs and spices have been used since biblical time, and many still have a place in folk music. The origin of these plants is like a journey around the world: from Greece to Africa, to Indonesia, India and so much more.<\/p>\n<p>B\u00e9n\u00e9dictine chooses product ingredients from the five continents with quality as the only electoral criterion.<\/p>\n<p>VISION<br \/>\nRich, coppery with golden highlights<\/p>\n<p>NOSE<br \/>\nHerbal and spicy scent. Citrus hints of mandarin shell with subtle notes of pine<\/p>\n<p>TASTE<br \/>\nA silky and rich palate with light honey and citrus notes with soft almonds<\/p>\n","protected":false},"excerpt":{"rendered":"<p>French Premium Herb Liqueur<\/p>\n","protected":false},"featured_media":4389,"template":"","meta":{"_acf_changed":false,"rs_blank_template":"","rs_page_bg_color":"","slide_template_v7":""},"product_brand":[],"product_cat":[983,4713,988],"product_tag":[],"class_list":{"0":"post-14944","1":"product","2":"type-product","3":"status-publish","4":"has-post-thumbnail","6":"product_cat-avec-en","7":"product_cat-herbal-en","8":"product_cat-liquor","9":"pa_land-france","10":"pa_procent-40-en-2","11":"pa_producent-bacardi-limited-en","12":"pa_volume-70-en-2","14":"first","15":"instock","16":"taxable","17":"shipping-taxable","18":"purchasable","19":"product-type-simple"},"bundled_by":[],"bundle_stock_status":"instock","bundle_stock_quantity":null,"bundle_virtual":false,"bundle_layout":"","bundle_add_to_cart_form_location":"","bundle_editable_in_cart":false,"bundle_sold_individually_context":"","bundle_item_grouping":"","bundle_min_size":"","bundle_max_size":"","bundle_price":[],"bundled_items":[],"bundle_sell_ids":[],"acf":[],"_links":{"self":[{"href":"https:\/\/www.raschvin.com\/en\/wp-json\/wp\/v2\/product\/14944","targetHints":{"allow":["GET"]}}],"collection":[{"href":"https:\/\/www.raschvin.com\/en\/wp-json\/wp\/v2\/product"}],"about":[{"href":"https:\/\/www.raschvin.com\/en\/wp-json\/wp\/v2\/types\/product"}],"wp:featuredmedia":[{"embeddable":true,"href":"https:\/\/www.raschvin.com\/en\/wp-json\/wp\/v2\/media\/4389"}],"wp:attachment":[{"href":"https:\/\/www.raschvin.com\/en\/wp-json\/wp\/v2\/media?parent=14944"}],"wp:term":[{"taxonomy":"product_brand","embeddable":true,"href":"https:\/\/www.raschvin.com\/en\/wp-json\/wp\/v2\/product_brand?post=14944"},{"taxonomy":"product_cat","embeddable":true,"href":"https:\/\/www.raschvin.com\/en\/wp-json\/wp\/v2\/product_cat?post=14944"},{"taxonomy":"product_tag","embeddable":true,"href":"https:\/\/www.raschvin.com\/en\/wp-json\/wp\/v2\/product_tag?post=14944"}],"curies":[{"name":"wp","href":"https:\/\/api.w.org\/{rel}","templated":true}]}}