{"id":14927,"date":"2022-05-30T09:41:15","date_gmt":"2022-05-30T07:41:15","guid":{"rendered":"https:\/\/www.raschvin.com\/vare\/ga-jol-original-graa\/"},"modified":"2022-11-17T18:10:50","modified_gmt":"2022-11-17T17:10:50","slug":"ga-jol-original-graa","status":"publish","type":"product","link":"https:\/\/www.raschvin.com\/en\/product\/ga-jol-original-graa\/","title":{"rendered":"Ga-Jol Original Gr\u00e5 (Peber Lakrids) 70 cl. 30%"},"content":{"rendered":"<p>Gray GA-JOL vodka shot is the new &#8220;Sm\u00e5 Gr\u00e5&#8221;\/&#8221;Black pig&#8221; in a new fresh design with the classic taste of pepperoni, which was so popular in the 90s. Gray GA-JOL vodka shot has the original strong and full flavor of gingerbread mixed with premium vodka.<\/p>\n<p>Should be enjoyed at room temperature or slightly chilled.<\/p>\n<p>UNITED DRINKS<br \/>\nUnited Drinks is a family-owned spirits company that has been in existence since 1999 and owns the FISK and SURE FISK brands as well as a license to use the brands<br \/>\nGA-JOL, ANTHON BERG and N\u00d8RREGADE.<\/p>\n<p>They continuously develop new products for both the Nordic and international markets. GA-JOL, FISK and SURE FISK shots are market leaders in Denmark and are exported to a large number of countries including: Sweden, Norway, Finland, Iceland, Greenland, the Faroe Islands, the Baltics, Switzerland, France, Spain, Greece and Thailand.<\/p>\n","protected":false},"excerpt":{"rendered":"<p>Danish Licorice Shot<\/p>\n","protected":false},"featured_media":4259,"template":"","meta":{"_acf_changed":false,"rs_blank_template":"","rs_page_bg_color":"","slide_template_v7":""},"product_brand":[],"product_cat":[983,4665,988,998,1003],"product_tag":[],"class_list":{"0":"post-14927","1":"product","2":"type-product","3":"status-publish","4":"has-post-thumbnail","6":"product_cat-avec-en","7":"product_cat-licorice","8":"product_cat-liquor","9":"product_cat-liquor-en","10":"product_cat-shots-en","11":"pa_land-denmark","12":"pa_procent-30-en","13":"pa_producent-united-drinks-a-s-en","14":"pa_volume-70-en-2","16":"first","17":"instock","18":"taxable","19":"shipping-taxable","20":"purchasable","21":"product-type-simple"},"bundled_by":[],"bundle_stock_status":"instock","bundle_stock_quantity":null,"bundle_virtual":false,"bundle_layout":"","bundle_add_to_cart_form_location":"","bundle_editable_in_cart":false,"bundle_sold_individually_context":"","bundle_item_grouping":"","bundle_min_size":"","bundle_max_size":"","bundle_price":[],"bundled_items":[],"bundle_sell_ids":[],"acf":[],"_links":{"self":[{"href":"https:\/\/www.raschvin.com\/en\/wp-json\/wp\/v2\/product\/14927","targetHints":{"allow":["GET"]}}],"collection":[{"href":"https:\/\/www.raschvin.com\/en\/wp-json\/wp\/v2\/product"}],"about":[{"href":"https:\/\/www.raschvin.com\/en\/wp-json\/wp\/v2\/types\/product"}],"wp:featuredmedia":[{"embeddable":true,"href":"https:\/\/www.raschvin.com\/en\/wp-json\/wp\/v2\/media\/4259"}],"wp:attachment":[{"href":"https:\/\/www.raschvin.com\/en\/wp-json\/wp\/v2\/media?parent=14927"}],"wp:term":[{"taxonomy":"product_brand","embeddable":true,"href":"https:\/\/www.raschvin.com\/en\/wp-json\/wp\/v2\/product_brand?post=14927"},{"taxonomy":"product_cat","embeddable":true,"href":"https:\/\/www.raschvin.com\/en\/wp-json\/wp\/v2\/product_cat?post=14927"},{"taxonomy":"product_tag","embeddable":true,"href":"https:\/\/www.raschvin.com\/en\/wp-json\/wp\/v2\/product_tag?post=14927"}],"curies":[{"name":"wp","href":"https:\/\/api.w.org\/{rel}","templated":true}]}}