{"id":14699,"date":"2022-05-30T09:10:32","date_gmt":"2022-05-30T07:10:32","guid":{"rendered":"https:\/\/www.raschvin.com\/vare\/groenstedts-cognac-monopole-v-s-o-p\/"},"modified":"2022-11-18T13:34:50","modified_gmt":"2022-11-18T12:34:50","slug":"groenstedts-cognac-monopole-v-s-o-p","status":"publish","type":"product","link":"https:\/\/www.raschvin.com\/en\/product\/groenstedts-cognac-monopole-v-s-o-p\/","title":{"rendered":"Gr\u00f6nstedts Monopole V.S.O.P. Cognac 70 cl. 40%"},"content":{"rendered":"<p>First, the nose of grapes with dish character, apricots, oranges and vanilla. The taste matches the first impression, and supplemented with the impression of Apricot and Nougat.<\/p>\n<p>Gr\u00f6nstedts VSOP Cognac should be enjoyed clean at room temperature for coffee and dessert.<\/p>\n<p>The characterized for Gr\u00f6nstedts is a clean, uniform classic style of rich and soft character. Gr\u00f6nstedts was founded by Johan Daniel Gr\u00f6nstedts back in 1846. Today, Gr\u00f6nstedts is an internationally recognized brand, among other things. Due to the amazing work of Folke Andersson, Master Blender at Gr\u00f6nstedts Cognac. Folke Andersson understands about any blending&#8217;s diverse crafts, and ensures a clear uniform style in every variant.<\/p>\n<p>From grape to bottle in France.<\/p>\n","protected":false},"excerpt":{"rendered":"<p>Cognac de France<\/p>\n","protected":false},"featured_media":66201,"template":"","meta":{"_acf_changed":false,"rs_blank_template":"","rs_page_bg_color":"","slide_template_v7":""},"product_brand":[],"product_cat":[983,987,4605],"product_tag":[],"class_list":{"0":"post-14699","1":"product","2":"type-product","3":"status-publish","4":"has-post-thumbnail","6":"product_cat-avec-en","7":"product_cat-cognac-en","8":"product_cat-v-s-o-p-en","9":"pa_land-france","10":"pa_procent-40-en-2","11":"pa_producent-merlet-en","12":"pa_region-cognac-en","13":"pa_volume-70-en-2","15":"first","16":"instock","17":"taxable","18":"shipping-taxable","19":"purchasable","20":"product-type-simple"},"bundled_by":[],"bundle_stock_status":"instock","bundle_stock_quantity":null,"bundle_virtual":false,"bundle_layout":"","bundle_add_to_cart_form_location":"","bundle_editable_in_cart":false,"bundle_sold_individually_context":"","bundle_item_grouping":"","bundle_min_size":"","bundle_max_size":"","bundle_price":[],"bundled_items":[],"bundle_sell_ids":[],"acf":[],"_links":{"self":[{"href":"https:\/\/www.raschvin.com\/en\/wp-json\/wp\/v2\/product\/14699","targetHints":{"allow":["GET"]}}],"collection":[{"href":"https:\/\/www.raschvin.com\/en\/wp-json\/wp\/v2\/product"}],"about":[{"href":"https:\/\/www.raschvin.com\/en\/wp-json\/wp\/v2\/types\/product"}],"wp:featuredmedia":[{"embeddable":true,"href":"https:\/\/www.raschvin.com\/en\/wp-json\/wp\/v2\/media\/66201"}],"wp:attachment":[{"href":"https:\/\/www.raschvin.com\/en\/wp-json\/wp\/v2\/media?parent=14699"}],"wp:term":[{"taxonomy":"product_brand","embeddable":true,"href":"https:\/\/www.raschvin.com\/en\/wp-json\/wp\/v2\/product_brand?post=14699"},{"taxonomy":"product_cat","embeddable":true,"href":"https:\/\/www.raschvin.com\/en\/wp-json\/wp\/v2\/product_cat?post=14699"},{"taxonomy":"product_tag","embeddable":true,"href":"https:\/\/www.raschvin.com\/en\/wp-json\/wp\/v2\/product_tag?post=14699"}],"curies":[{"name":"wp","href":"https:\/\/api.w.org\/{rel}","templated":true}]}}