{"id":14690,"date":"2022-05-30T09:10:32","date_gmt":"2022-05-30T07:10:32","guid":{"rendered":"https:\/\/www.raschvin.com\/vare\/broendums-kryddersnaps-rabarber-ingefaer-30\/"},"modified":"2022-11-03T19:23:28","modified_gmt":"2022-11-03T18:23:28","slug":"broendums-kryddersnaps-rabarber-ingefaer-30","status":"publish","type":"product","link":"https:\/\/www.raschvin.com\/en\/product\/broendums-kryddersnaps-rabarber-ingefaer-30\/","title":{"rendered":"Br\u00f8ndums &#8211; Kryddersnaps Rabarber &#038; Ingef\u00e6r 50 cl. 30%"},"content":{"rendered":"<p>Br\u00f8ndum&#8217;s spice caps with rhubarb and ginger have a fresh, slightly acidic rhubarbers, as well as a gentle sweetness from acacia honey. The snaps have great red shades from elderberry and a final elegant touch of ginger.<\/p>\n<p>Br\u00f8ndum&#8217;s spice caps should be enjoyed chilled, but must not be frozen. This acid snaps are perfect in conspire with spice, fried herring, seafood and chicken salads, seasoned sausages, as well as salts and powerful cheeses.<\/p>\n<p>50 cl. 30%<\/p>\n<p>Br\u00f8ndum&#8217;s Snaps is the traditional and oldest existing Danish snap mark. Anthon Br\u00f8ndum helped at his father&#8217;s spirits-burner, but as a great snap-enthusiast dedicated Anthon Br\u00f8ndum his talent exclusively for mixing and manufacturing spice bags. On the basis of this, in 1840 he founded his own snap burner, A. Br\u00f8ndum &#038; Son.<\/p>\n","protected":false},"excerpt":{"rendered":"<p>Flavored Danish Snaps<\/p>\n","protected":false},"featured_media":2451,"template":"","meta":{"_acf_changed":false,"rs_blank_template":"","rs_page_bg_color":"","slide_template_v7":""},"product_brand":[],"product_cat":[990,991],"product_tag":[],"class_list":{"0":"post-14690","1":"product","2":"type-product","3":"status-publish","4":"has-post-thumbnail","6":"product_cat-brandies","7":"product_cat-akvavit-snaps-en","8":"pa_land-denmark","9":"pa_procent-30-en","10":"pa_producent-altia-en","11":"pa_volume-50-en","13":"first","14":"instock","15":"taxable","16":"shipping-taxable","17":"purchasable","18":"product-type-simple"},"bundled_by":[],"bundle_stock_status":"instock","bundle_stock_quantity":null,"bundle_virtual":false,"bundle_layout":"","bundle_add_to_cart_form_location":"","bundle_editable_in_cart":false,"bundle_sold_individually_context":"","bundle_item_grouping":"","bundle_min_size":"","bundle_max_size":"","bundle_price":[],"bundled_items":[],"bundle_sell_ids":[],"acf":[],"_links":{"self":[{"href":"https:\/\/www.raschvin.com\/en\/wp-json\/wp\/v2\/product\/14690","targetHints":{"allow":["GET"]}}],"collection":[{"href":"https:\/\/www.raschvin.com\/en\/wp-json\/wp\/v2\/product"}],"about":[{"href":"https:\/\/www.raschvin.com\/en\/wp-json\/wp\/v2\/types\/product"}],"wp:featuredmedia":[{"embeddable":true,"href":"https:\/\/www.raschvin.com\/en\/wp-json\/wp\/v2\/media\/2451"}],"wp:attachment":[{"href":"https:\/\/www.raschvin.com\/en\/wp-json\/wp\/v2\/media?parent=14690"}],"wp:term":[{"taxonomy":"product_brand","embeddable":true,"href":"https:\/\/www.raschvin.com\/en\/wp-json\/wp\/v2\/product_brand?post=14690"},{"taxonomy":"product_cat","embeddable":true,"href":"https:\/\/www.raschvin.com\/en\/wp-json\/wp\/v2\/product_cat?post=14690"},{"taxonomy":"product_tag","embeddable":true,"href":"https:\/\/www.raschvin.com\/en\/wp-json\/wp\/v2\/product_tag?post=14690"}],"curies":[{"name":"wp","href":"https:\/\/api.w.org\/{rel}","templated":true}]}}