{"id":14687,"date":"2022-05-30T09:09:22","date_gmt":"2022-05-30T07:09:22","guid":{"rendered":"https:\/\/www.raschvin.com\/vare\/prima-svenska-nubbar-10-x-5-cl-388\/"},"modified":"2022-12-02T09:01:32","modified_gmt":"2022-12-02T08:01:32","slug":"prima-svenska-nubbar-10-x-5-cl-388","status":"publish","type":"product","link":"https:\/\/www.raschvin.com\/en\/product\/prima-svenska-nubbar-10-x-5-cl-388\/","title":{"rendered":"Prima Svenska Nubbar 10&#215;5 cl. 38,8%"},"content":{"rendered":"<p>This &#8220;Svenska Nubbar&#8221; from Prima contains a selection of the most popular regional classics &#8211; with large and wide tastes.<\/p>\n<p>Svenska Nubbar consists of the following 10 different variants:<\/p>\n<p>&#8211; B\u00e4ska Droppar.<br \/>\n&#8211; Gammal Norrlands Akvavit<br \/>\n&#8211; Halland&#8217;s Fl\u00e4der.<br \/>\n&#8211; L\u00e4ck\u00f6 Slottets Aqauvit<br \/>\n&#8211; UP. Anderson.<br \/>\n&#8211; \u00d6rtag\u00e5rds Br\u00e4nnvin.<br \/>\n&#8211; Sk\u00e5ne Aquavit.<br \/>\n&#8211; Herrg\u00e5rd&#8217;s Aqauvit.<br \/>\n&#8211; \u00d6stg\u00f6ta S\u00e4des.<br \/>\n&#8211; R\u00e5ng\u00e4s.<br \/>\n10 x 5 Cl. 38.8%<\/p>\n<p>Snaps are part of the Swedish cultural history and a timeless flavoring for food, and thus the amazing Swedish snaps have now gathered under a new name &#8220;Prima Swedish Aquavit And Br\u00e4nnvin&#8221;. The name is inspired by the old sprit traditions &#8211; as a high quality alcohol was often named &#8220;Prima&#8221;. Overall, the product range consists of 13 snaps with different spices and characters.<\/p>\n","protected":false},"excerpt":{"rendered":"<p>Swedish Aquavit Giftpack<\/p>\n","protected":false},"featured_media":2436,"template":"","meta":{"_acf_changed":false,"rs_blank_template":"","rs_page_bg_color":"","slide_template_v7":""},"product_brand":[],"product_cat":[991,990,2755,2752,2759],"product_tag":[],"class_list":{"0":"post-14687","1":"product","2":"type-product","3":"status-publish","4":"has-post-thumbnail","6":"product_cat-akvavit-snaps-en","7":"product_cat-brandies","8":"product_cat-corporate-gifts","9":"product_cat-gifts","10":"product_cat-tasting-set","11":"pa_land-sweden","12":"pa_procent-38-8-en","13":"pa_producent-prima-en","14":"pa_volume-50-en","16":"first","17":"instock","18":"taxable","19":"shipping-taxable","20":"purchasable","21":"product-type-simple"},"bundled_by":[],"bundle_stock_status":"instock","bundle_stock_quantity":null,"bundle_virtual":false,"bundle_layout":"","bundle_add_to_cart_form_location":"","bundle_editable_in_cart":false,"bundle_sold_individually_context":"","bundle_item_grouping":"","bundle_min_size":"","bundle_max_size":"","bundle_price":[],"bundled_items":[],"bundle_sell_ids":[],"acf":[],"_links":{"self":[{"href":"https:\/\/www.raschvin.com\/en\/wp-json\/wp\/v2\/product\/14687","targetHints":{"allow":["GET"]}}],"collection":[{"href":"https:\/\/www.raschvin.com\/en\/wp-json\/wp\/v2\/product"}],"about":[{"href":"https:\/\/www.raschvin.com\/en\/wp-json\/wp\/v2\/types\/product"}],"wp:featuredmedia":[{"embeddable":true,"href":"https:\/\/www.raschvin.com\/en\/wp-json\/wp\/v2\/media\/2436"}],"wp:attachment":[{"href":"https:\/\/www.raschvin.com\/en\/wp-json\/wp\/v2\/media?parent=14687"}],"wp:term":[{"taxonomy":"product_brand","embeddable":true,"href":"https:\/\/www.raschvin.com\/en\/wp-json\/wp\/v2\/product_brand?post=14687"},{"taxonomy":"product_cat","embeddable":true,"href":"https:\/\/www.raschvin.com\/en\/wp-json\/wp\/v2\/product_cat?post=14687"},{"taxonomy":"product_tag","embeddable":true,"href":"https:\/\/www.raschvin.com\/en\/wp-json\/wp\/v2\/product_tag?post=14687"}],"curies":[{"name":"wp","href":"https:\/\/api.w.org\/{rel}","templated":true}]}}