{"id":14562,"date":"2022-05-30T08:56:15","date_gmt":"2022-05-30T06:56:15","guid":{"rendered":"https:\/\/www.raschvin.com\/vare\/raastoff-salty-caramel\/"},"modified":"2022-11-27T21:08:03","modified_gmt":"2022-11-27T20:08:03","slug":"raastoff-salty-caramel","status":"publish","type":"product","link":"https:\/\/www.raschvin.com\/en\/product\/raastoff-salty-caramel\/","title":{"rendered":"R\u00e5stoff Salty Caramel 70 cl. 16,4%"},"content":{"rendered":"<p>R\u00e5stoff Salty Caramel is based on pure vodka with the addition of exquisite, high-quality ingredients. It has a heavenly taste of soft butterscotch caramel with a hint of salt.<br \/>\nR\u00e5stoff Salty Caramel is made with L\u00e6s\u00f8 Sydesalt, which comes from the beautiful Danish island of L\u00e6s\u00f8. L\u00e6s\u00f8 Sydesalt is handmade in open iron pans, fired with the island&#8217;s own firewood. L\u00e6s\u00f8 Saltsyderi only makes unrefined sea salt, as was done in the old days.<br \/>\nR\u00e5stoff Salty Caramel can be enjoyed chilled, with ice cubes or mixed into cocktails and drinks. It is also perfect in hot cocoa or coffee.<\/p>\n<p>PROPOSALS<\/p>\n<p>NORDIC WHITE RUSSIAN<br \/>\n&#8211; 2 cl. Raw material Salty Caramel<br \/>\n&#8211; 2 cl. vodka<br \/>\n&#8211; 2 cl. sweet milk<br \/>\n&#8211; 2 cl. cream<br \/>\n&#8211; Ice cubes<br \/>\n&#8211; Fresh rosemary<br \/>\nCourse of action:<br \/>\nShake R\u00e5stoff Salty Caramel, vodka, whole milk and cream in a shaker and pour the mixture into a highball glass with ice cubes. Garnish with rosemary and serve. Creamy sweetness with all the familiar notes of a White Russian.<\/p>\n<p>RAW MATERIAL<\/p>\n<p>R\u00e5stoff is for the discerning consumer who appreciates pure ingredients, high quality and a refined taste. It is a series of luxury shots that can be drunk as shots or used as a mixer in drinks and cocktails.<\/p>\n","protected":false},"excerpt":{"rendered":"<p>Danish Caramel Vodka Liqueur<\/p>\n","protected":false},"featured_media":30429,"template":"","meta":{"_acf_changed":false,"rs_blank_template":"","rs_page_bg_color":"","slide_template_v7":""},"product_brand":[],"product_cat":[983,988,998,1003,4717],"product_tag":[],"class_list":{"0":"post-14562","1":"product","2":"type-product","3":"status-publish","4":"has-post-thumbnail","6":"product_cat-avec-en","7":"product_cat-liquor","8":"product_cat-liquor-en","9":"product_cat-shots-en","10":"product_cat-other-liqueurs","11":"pa_land-denmark","12":"pa_procent-16-4-en","13":"pa_producent-spritfabrikken-danmark-en","14":"pa_volume-70-en-2","16":"first","17":"instock","18":"taxable","19":"shipping-taxable","20":"purchasable","21":"product-type-simple"},"bundled_by":[],"bundle_stock_status":"instock","bundle_stock_quantity":null,"bundle_virtual":false,"bundle_layout":"","bundle_add_to_cart_form_location":"","bundle_editable_in_cart":false,"bundle_sold_individually_context":"","bundle_item_grouping":"","bundle_min_size":"","bundle_max_size":"","bundle_price":[],"bundled_items":[],"bundle_sell_ids":[],"acf":[],"_links":{"self":[{"href":"https:\/\/www.raschvin.com\/en\/wp-json\/wp\/v2\/product\/14562","targetHints":{"allow":["GET"]}}],"collection":[{"href":"https:\/\/www.raschvin.com\/en\/wp-json\/wp\/v2\/product"}],"about":[{"href":"https:\/\/www.raschvin.com\/en\/wp-json\/wp\/v2\/types\/product"}],"wp:featuredmedia":[{"embeddable":true,"href":"https:\/\/www.raschvin.com\/en\/wp-json\/wp\/v2\/media\/30429"}],"wp:attachment":[{"href":"https:\/\/www.raschvin.com\/en\/wp-json\/wp\/v2\/media?parent=14562"}],"wp:term":[{"taxonomy":"product_brand","embeddable":true,"href":"https:\/\/www.raschvin.com\/en\/wp-json\/wp\/v2\/product_brand?post=14562"},{"taxonomy":"product_cat","embeddable":true,"href":"https:\/\/www.raschvin.com\/en\/wp-json\/wp\/v2\/product_cat?post=14562"},{"taxonomy":"product_tag","embeddable":true,"href":"https:\/\/www.raschvin.com\/en\/wp-json\/wp\/v2\/product_tag?post=14562"}],"curies":[{"name":"wp","href":"https:\/\/api.w.org\/{rel}","templated":true}]}}