{"id":14547,"date":"2022-05-30T08:50:56","date_gmt":"2022-05-30T06:50:56","guid":{"rendered":"https:\/\/www.raschvin.com\/vare\/ciroc-apple\/"},"modified":"2022-11-10T10:01:57","modified_gmt":"2022-11-10T09:01:57","slug":"ciroc-apple","status":"publish","type":"product","link":"https:\/\/www.raschvin.com\/en\/product\/ciroc-apple\/","title":{"rendered":"Ciroc Vodka &#8211; Apple 70 cl. 37,5%"},"content":{"rendered":"<p>C\u00eeroc Apple is, like the original C\u00eeroc vodka, made of fine French grapes rather than grain, ensuring an ultra-premium taste and makes the spirit gluten free. Knowledge and expertise from Master Distiller&#8217;s wine-making canal is obvious in C\u00eerocs superior quality. C\u00eeroc Apple is the sixth taste added to the C\u00eeroc setup and undoubtedly maintains the brand&#8217;s remarkability. Other tasty c\u00eeroc flavors include pineapple, peach, coconut and red berry.<\/p>\n<p>Each bottle of C\u00eeroc Vodka, you buy are unusual. This vodka is unsurpassed with regard to superior quality and has won many gold medals, including one at San Francisco World Spirits Competition.<\/p>\n<p>C\u00eeroc Apple is a smooth and fresh vodka with a live green apple flavor<br \/>\nC\u00eeroc Apple has a live green apple flavor with a touch of maturity and a smooth, crispy finish. C\u00eeroc vodkas are delicious when they are enjoyed over the cliffs, or ideal for mixing for a creative cocktail. This fresh apple vodka is perfect for mixing an apple martini, an apple and soda or mixing with cranberry juice for a lovely twist on an &#8220;ocean spray&#8221;.<\/p>\n<p>C\u00eeroc vodka is synonymous with a VIP lifestyle<br \/>\nYou will find C\u00eeroc Vodka behind the bar in any club, bar or party, there is your time worth it, it has become a daily sight for those who want something a little better. Sean Combs, Alias \u200b\u200bP. Diddy, currently manages all C\u00eeroc Vodka&#8217;s lifestyle marketing campaigns. Since he joined the brand in 2007, he has made sure that C\u00eeroc becomes a well-known name associated with a luxury lifestyle.<\/p>\n<p>Buy a bottle of C\u00eeroc Apple to enjoy the delicious taste of this luxury wedka and appreciate the drink that has become a staple for the American club scene.<\/p>\n","protected":false},"excerpt":{"rendered":"<p>Premium Vodka From Fine French Grapes &#8211; Apple Flavored <\/p>\n","protected":false},"featured_media":1570,"template":"","meta":{"_acf_changed":false,"rs_blank_template":"","rs_page_bg_color":"","slide_template_v7":""},"product_brand":[],"product_cat":[4613,998,1005],"product_tag":[],"class_list":{"0":"post-14547","1":"product","2":"type-product","3":"status-publish","4":"has-post-thumbnail","6":"product_cat-flavoured-en","7":"product_cat-liquor-en","8":"product_cat-vodka-en","9":"pa_land-france","10":"pa_procent-37-5-en","11":"pa_producent-ciroc-en","12":"pa_volume-70-en-2","14":"first","15":"instock","16":"taxable","17":"shipping-taxable","18":"purchasable","19":"product-type-simple"},"bundled_by":[],"bundle_stock_status":"instock","bundle_stock_quantity":null,"bundle_virtual":false,"bundle_layout":"","bundle_add_to_cart_form_location":"","bundle_editable_in_cart":false,"bundle_sold_individually_context":"","bundle_item_grouping":"","bundle_min_size":"","bundle_max_size":"","bundle_price":[],"bundled_items":[],"bundle_sell_ids":[],"acf":[],"_links":{"self":[{"href":"https:\/\/www.raschvin.com\/en\/wp-json\/wp\/v2\/product\/14547","targetHints":{"allow":["GET"]}}],"collection":[{"href":"https:\/\/www.raschvin.com\/en\/wp-json\/wp\/v2\/product"}],"about":[{"href":"https:\/\/www.raschvin.com\/en\/wp-json\/wp\/v2\/types\/product"}],"wp:featuredmedia":[{"embeddable":true,"href":"https:\/\/www.raschvin.com\/en\/wp-json\/wp\/v2\/media\/1570"}],"wp:attachment":[{"href":"https:\/\/www.raschvin.com\/en\/wp-json\/wp\/v2\/media?parent=14547"}],"wp:term":[{"taxonomy":"product_brand","embeddable":true,"href":"https:\/\/www.raschvin.com\/en\/wp-json\/wp\/v2\/product_brand?post=14547"},{"taxonomy":"product_cat","embeddable":true,"href":"https:\/\/www.raschvin.com\/en\/wp-json\/wp\/v2\/product_cat?post=14547"},{"taxonomy":"product_tag","embeddable":true,"href":"https:\/\/www.raschvin.com\/en\/wp-json\/wp\/v2\/product_tag?post=14547"}],"curies":[{"name":"wp","href":"https:\/\/api.w.org\/{rel}","templated":true}]}}