{"id":14542,"date":"2022-05-30T08:50:56","date_gmt":"2022-05-30T06:50:56","guid":{"rendered":"https:\/\/www.raschvin.com\/vare\/ciroc-snap-frost-vodka\/"},"modified":"2022-11-10T09:57:09","modified_gmt":"2022-11-10T08:57:09","slug":"ciroc-snap-frost-vodka","status":"publish","type":"product","link":"https:\/\/www.raschvin.com\/en\/product\/ciroc-snap-frost-vodka\/","title":{"rendered":"Ciroc Vodka &#8211; Original &#8220;Snap Frost&#8221; 70 cl. 40%"},"content":{"rendered":"<p>C\u00eeroc Vodka is a modern, Ultra Premium Vodka made on French grapes harvested at the end of the year, which means that the grapes are frozen. This recognized and popular vodka is fermented in a very unique way, after which it is distilled five times. The vodka is then tapped on a super nice and exclusive bottle. The vodka has a characteristic smooth, clean and sophisticated profile, which is doing well, over ice cubes and in cocktails.<\/p>\n<p>C\u00eeroc Vodka is distilled from fine French grapes. A genuine innovation in French crafts, C\u00eeroc Vodka is distilled five times, completed in a tailor-made copper pot still in southern France. C\u00eeroc Vodka offers a taste experience that is delicious differently and elegantly smooth.<\/p>\n","protected":false},"excerpt":{"rendered":"<p>Premium Vodka From Fine French Grapes<\/p>\n","protected":false},"featured_media":1520,"template":"","meta":{"_acf_changed":false,"rs_blank_template":"","rs_page_bg_color":"","slide_template_v7":""},"product_brand":[],"product_cat":[998,4608,1005],"product_tag":[],"class_list":{"0":"post-14542","1":"product","2":"type-product","3":"status-publish","4":"has-post-thumbnail","6":"product_cat-liquor-en","7":"product_cat-plain-en","8":"product_cat-vodka-en","9":"pa_land-france","10":"pa_procent-40-en-2","11":"pa_producent-ciroc-en","12":"pa_volume-70-en-2","14":"first","15":"instock","16":"taxable","17":"shipping-taxable","18":"purchasable","19":"product-type-simple"},"bundled_by":[],"bundle_stock_status":"instock","bundle_stock_quantity":null,"bundle_virtual":false,"bundle_layout":"","bundle_add_to_cart_form_location":"","bundle_editable_in_cart":false,"bundle_sold_individually_context":"","bundle_item_grouping":"","bundle_min_size":"","bundle_max_size":"","bundle_price":[],"bundled_items":[],"bundle_sell_ids":[],"acf":[],"_links":{"self":[{"href":"https:\/\/www.raschvin.com\/en\/wp-json\/wp\/v2\/product\/14542","targetHints":{"allow":["GET"]}}],"collection":[{"href":"https:\/\/www.raschvin.com\/en\/wp-json\/wp\/v2\/product"}],"about":[{"href":"https:\/\/www.raschvin.com\/en\/wp-json\/wp\/v2\/types\/product"}],"wp:featuredmedia":[{"embeddable":true,"href":"https:\/\/www.raschvin.com\/en\/wp-json\/wp\/v2\/media\/1520"}],"wp:attachment":[{"href":"https:\/\/www.raschvin.com\/en\/wp-json\/wp\/v2\/media?parent=14542"}],"wp:term":[{"taxonomy":"product_brand","embeddable":true,"href":"https:\/\/www.raschvin.com\/en\/wp-json\/wp\/v2\/product_brand?post=14542"},{"taxonomy":"product_cat","embeddable":true,"href":"https:\/\/www.raschvin.com\/en\/wp-json\/wp\/v2\/product_cat?post=14542"},{"taxonomy":"product_tag","embeddable":true,"href":"https:\/\/www.raschvin.com\/en\/wp-json\/wp\/v2\/product_tag?post=14542"}],"curies":[{"name":"wp","href":"https:\/\/api.w.org\/{rel}","templated":true}]}}