{"id":121156,"date":"2026-04-03T08:27:58","date_gmt":"2026-04-03T06:27:58","guid":{"rendered":"https:\/\/www.raschvin.com\/?post_type=product&#038;p=121156"},"modified":"2026-04-03T08:33:20","modified_gmt":"2026-04-03T06:33:20","slug":"croze-hermitage-blanc-domaine-les-hauts-de-mercurol-2023-75-cl-kopier","status":"publish","type":"product","link":"https:\/\/www.raschvin.com\/en\/product\/croze-hermitage-blanc-domaine-les-hauts-de-mercurol-2023-75-cl-kopier\/","title":{"rendered":"Crozes Hermitage \u201dCuv\u00e9e du Michel\u201d Domaine Michel Poinard 2024 75 cl."},"content":{"rendered":"<p data-start=\"2463\" data-end=\"2986\">Crozes-Hermitage \u201cCuv\u00e9e du Michel\u201d Domaine Michel Poinard 2024 is a red wine from the Northern Rh\u00f4ne, specifically Crozes-Hermitage AOC in the Dr\u00f4me on the left bank of the Rh\u00f4ne. It is produced by Domaine Michel Poinard, owned by Famille Ch\u00e9ron, and comes from a <strong data-start=\"2727\" data-end=\"2740\">9-hectare<\/strong> estate in La Roche-de-Glun with vineyards in <strong data-start=\"2786\" data-end=\"2801\">Les Chassis<\/strong> and <strong data-start=\"2806\" data-end=\"2821\">Les Saviaux<\/strong>. The wine is made from <strong data-start=\"2845\" data-end=\"2859\">100% Syrah<\/strong> from vines around <strong data-start=\"2878\" data-end=\"2894\">35 years old<\/strong>, and the 2024 vintage is listed at <strong data-start=\"2930\" data-end=\"2947\">13.5% alcohol<\/strong>.<\/p>\n<p data-start=\"2988\" data-end=\"3673\">The style is classic Crozes-Hermitage, combining dark fruit, spice and a subtle mineral character. The nose is described as earthy and finely mineral, with dark fruit and a touch of vanilla, while the palate shows <strong data-start=\"3202\" data-end=\"3278\">blackcurrant, plum, gentle pepper, soft tannins and a long, spicy finish<\/strong>. The soils are described as deep with many rounded stones, clay-sandy topsoil in the upper part and red clay lower down. The producer states that the grapes are vinified and aged in the family cellar in Mercurol, although precise ageing details are not publicly specified for this vintage. It pairs especially well with <strong data-start=\"3599\" data-end=\"3634\">lamb, pork, veal, beef and game<\/strong>.<\/p>\n","protected":false},"excerpt":{"rendered":"<p>North Rhone &#8211; France<\/p>\n","protected":false},"featured_media":121159,"template":"","meta":{"_acf_changed":false,"rs_blank_template":"","rs_page_bg_color":"","slide_template_v7":""},"product_brand":[],"product_cat":[2789,2799],"product_tag":[],"class_list":{"0":"post-121156","1":"product","2":"type-product","3":"status-publish","4":"has-post-thumbnail","6":"product_cat-wine","7":"product_cat-red-wine","8":"pa_aargang-2024-en","9":"pa_drue-syrah-en","10":"pa_land-france","11":"pa_procent-13-5-en","12":"pa_producent-famille-cheron","13":"pa_region-cotes-du-rhone-crozes-hermitage-en","14":"pa_serveringstemperatur-18-20-en","15":"pa_volume-75-en","17":"first","18":"instock","19":"taxable","20":"shipping-taxable","21":"purchasable","22":"product-type-simple"},"bundled_by":[],"bundle_stock_status":"instock","bundle_stock_quantity":null,"bundle_virtual":false,"bundle_layout":"","bundle_add_to_cart_form_location":"","bundle_editable_in_cart":false,"bundle_sold_individually_context":"","bundle_item_grouping":"","bundle_min_size":"","bundle_max_size":"","bundle_price":[],"bundled_items":[],"bundle_sell_ids":[],"acf":[],"_links":{"self":[{"href":"https:\/\/www.raschvin.com\/en\/wp-json\/wp\/v2\/product\/121156","targetHints":{"allow":["GET"]}}],"collection":[{"href":"https:\/\/www.raschvin.com\/en\/wp-json\/wp\/v2\/product"}],"about":[{"href":"https:\/\/www.raschvin.com\/en\/wp-json\/wp\/v2\/types\/product"}],"wp:featuredmedia":[{"embeddable":true,"href":"https:\/\/www.raschvin.com\/en\/wp-json\/wp\/v2\/media\/121159"}],"wp:attachment":[{"href":"https:\/\/www.raschvin.com\/en\/wp-json\/wp\/v2\/media?parent=121156"}],"wp:term":[{"taxonomy":"product_brand","embeddable":true,"href":"https:\/\/www.raschvin.com\/en\/wp-json\/wp\/v2\/product_brand?post=121156"},{"taxonomy":"product_cat","embeddable":true,"href":"https:\/\/www.raschvin.com\/en\/wp-json\/wp\/v2\/product_cat?post=121156"},{"taxonomy":"product_tag","embeddable":true,"href":"https:\/\/www.raschvin.com\/en\/wp-json\/wp\/v2\/product_tag?post=121156"}],"curies":[{"name":"wp","href":"https:\/\/api.w.org\/{rel}","templated":true}]}}