{"id":120203,"date":"2026-03-22T10:57:51","date_gmt":"2026-03-22T09:57:51","guid":{"rendered":"https:\/\/www.raschvin.com\/?post_type=product&#038;p=120203"},"modified":"2026-03-22T11:03:53","modified_gmt":"2026-03-22T10:03:53","slug":"paul-jaboulet-condrieu-les-cassines-2020-75-cl-kopier","status":"publish","type":"product","link":"https:\/\/www.raschvin.com\/en\/product\/paul-jaboulet-condrieu-les-cassines-2020-75-cl-kopier\/","title":{"rendered":"Viognier Les Vignes d\u2019a Cot\u00e9 2024 75 cl."},"content":{"rendered":"<p data-start=\"1799\" data-end=\"2579\">Viognier IGP from Yves Cuilleron is made from grapes grown on selected parcels near the village of Chavanay, where Saint-Joseph and Condrieu are normally produced. These parcels, however, are located either at the bottom or at the top of the slopes, areas that are not classified as AOC and therefore must be labelled under the IGP Collines Rhodaniennes designation. Since both areas offer the same sandy soils mixed with deposits that are perfectly suited to Syrah, Viognier, or even Gamay, producers such as Cuilleron are also able to craft highly exciting wines from these more outlying parcels. The name \u201cLes Vignes d\u2019\u00e0 C\u00f4t\u00e9\u201d means something like \u201cthe neighbouring vineyards\u201d and refers precisely to the fact that they lie just outside the AOCs, as their immediate neighbours.<\/p>\n<p data-start=\"2581\" data-end=\"3073\">The harvest is carried out by hand, with strict selection of the grapes, which are vinified separately according to the different parcels. Fermentation takes place with the grapes\u2019 natural yeasts, followed by malolactic fermentation and ageing for 6 months on the lees (\u201csur lie\u201d). The entire vinification takes place in a combination of 1\/3 large oak casks (30 hl foudres), 1\/3 Burgundy barriques, and 1\/3 stainless steel tanks. The blending of the wines is carried out just before bottling.<\/p>\n<p data-start=\"3075\" data-end=\"3571\" data-is-last-node=\"\" data-is-only-node=\"\">Freshness, aroma, and fruit character are the priorities in this Viognier. It reveals delicate, appetising floral nuances together with exotic notes of citrus, grapefruit, apricot, and white peaches. At the same time, the wine has a fine, firm structure that makes it highly versatile for gastronomy. It is an excellent aperitif with tapas, olives, and sun-dried tomatoes, or for example with sushi. It can also handle richer dishes with salmon, turbot, or Asian-inspired fish and seafood dishes.<\/p>\n","protected":false},"excerpt":{"rendered":"<p>IGP Collines Rhodaniennes, Cave Yves Cuilleron<\/p>\n","protected":false},"featured_media":120228,"template":"","meta":{"_acf_changed":false,"rs_blank_template":"","rs_page_bg_color":"","slide_template_v7":""},"product_brand":[],"product_cat":[2793,2789],"product_tag":[],"class_list":{"0":"post-120203","1":"product","2":"type-product","3":"status-publish","4":"has-post-thumbnail","6":"product_cat-white-wine","7":"product_cat-wine","8":"pa_aargang-2024-en","9":"pa_drue-viognier-en","10":"pa_land-france","11":"pa_procent-13-5-en","12":"pa_producent-cave-yves-cuilleron","13":"pa_region-indication-geographique-protegee-vins-de-pays","14":"pa_serveringstemperatur-10-12-en-2","15":"pa_volume-75-en","17":"first","18":"instock","19":"taxable","20":"shipping-taxable","21":"purchasable","22":"product-type-simple"},"bundled_by":[],"bundle_stock_status":"instock","bundle_stock_quantity":null,"bundle_virtual":false,"bundle_layout":"","bundle_add_to_cart_form_location":"","bundle_editable_in_cart":false,"bundle_sold_individually_context":"","bundle_item_grouping":"","bundle_min_size":"","bundle_max_size":"","bundle_price":[],"bundled_items":[],"bundle_sell_ids":[],"acf":[],"_links":{"self":[{"href":"https:\/\/www.raschvin.com\/en\/wp-json\/wp\/v2\/product\/120203","targetHints":{"allow":["GET"]}}],"collection":[{"href":"https:\/\/www.raschvin.com\/en\/wp-json\/wp\/v2\/product"}],"about":[{"href":"https:\/\/www.raschvin.com\/en\/wp-json\/wp\/v2\/types\/product"}],"wp:featuredmedia":[{"embeddable":true,"href":"https:\/\/www.raschvin.com\/en\/wp-json\/wp\/v2\/media\/120228"}],"wp:attachment":[{"href":"https:\/\/www.raschvin.com\/en\/wp-json\/wp\/v2\/media?parent=120203"}],"wp:term":[{"taxonomy":"product_brand","embeddable":true,"href":"https:\/\/www.raschvin.com\/en\/wp-json\/wp\/v2\/product_brand?post=120203"},{"taxonomy":"product_cat","embeddable":true,"href":"https:\/\/www.raschvin.com\/en\/wp-json\/wp\/v2\/product_cat?post=120203"},{"taxonomy":"product_tag","embeddable":true,"href":"https:\/\/www.raschvin.com\/en\/wp-json\/wp\/v2\/product_tag?post=120203"}],"curies":[{"name":"wp","href":"https:\/\/api.w.org\/{rel}","templated":true}]}}