{"id":118404,"date":"2026-03-07T07:21:09","date_gmt":"2026-03-07T06:21:09","guid":{"rendered":"https:\/\/www.raschvin.com\/?post_type=product&#038;p=118404"},"modified":"2026-03-07T07:24:59","modified_gmt":"2026-03-07T06:24:59","slug":"old-st-croix-non-plus-ultra-very-rare-70-cl-42-kopier","status":"publish","type":"product","link":"https:\/\/www.raschvin.com\/en\/product\/old-st-croix-non-plus-ultra-very-rare-70-cl-42-kopier\/","title":{"rendered":"Old St. Croix Non Plus Ultra &#8211; La Galante 70 cl. 43,4%"},"content":{"rendered":"<p data-start=\"1300\" data-end=\"1354\"><strong data-start=\"1300\" data-end=\"1354\">Old St. Croix Non Plus Ultra La Galante 43.4% vol.<\/strong><\/p>\n<p data-start=\"1356\" data-end=\"2096\">Non Plus Ultra means \u201cnothing beyond this\u201d \u2014 a Latin phrase that, according to legend, marked the boundary of the known world. The series is part of our Ultra Premium Collection and celebrates curiosity, courage, and noble craftsmanship. Old St. Croix Non Plus Ultra \u2013 La Galante is named after Columbus\u2019 ship, Santa Maria La Galante, which carried him to St. Croix and the West Indies. The blend is based on specially selected casks from renowned distilleries in the Caribbean and Central America. It is matured in oak casks that previously held dessert and fortified wines, adding richness, roundness, and warmth. La Galante captures the flourishing essence of the West Indies and St. Croix, with a distinctive touch of orange and citrus.<\/p>\n<p data-start=\"2098\" data-end=\"2181\">Tasting notes are not an ingredients list, but a subjective description of flavour.<\/p>\n<p data-start=\"2183\" data-end=\"2347\"><strong data-start=\"2183\" data-end=\"2191\">Nose<\/strong><br data-start=\"2191\" data-end=\"2194\" \/>An enticing aroma of caramel, cr\u00e8me br\u00fbl\u00e9e, and vanilla, with notes of mahogany and the aromatic Bay Rum tree that grows wild on the West Indian islands.<\/p>\n<p data-start=\"2349\" data-end=\"2511\"><strong data-start=\"2349\" data-end=\"2359\">Palate<\/strong><br data-start=\"2359\" data-end=\"2362\" \/>Complex, full-bodied, and softly spiced, with a touch of orange, creamy vanilla, and lemon, supported by oak-cask notes from the finest quality wood.<\/p>\n<p data-start=\"2513\" data-end=\"2625\" data-is-last-node=\"\" data-is-only-node=\"\"><strong data-start=\"2513\" data-end=\"2523\">Finish<\/strong><br data-start=\"2523\" data-end=\"2526\" \/>Rich and creamy, echoing the opening flavours as they gradually fade into a long, lingering finish.<\/p>\n","protected":false},"excerpt":{"rendered":"<p>Premium Aged Spirit Drink<\/p>\n","protected":false},"featured_media":118435,"template":"","meta":{"_acf_changed":false,"rs_blank_template":"","rs_page_bg_color":"","slide_template_v7":""},"product_brand":[],"product_cat":[983,4633,989],"product_tag":[],"class_list":{"0":"post-118404","1":"product","2":"type-product","3":"status-publish","4":"has-post-thumbnail","6":"product_cat-avec-en","7":"product_cat-premium-aged-en","8":"product_cat-rom-en","9":"pa_land-germany","10":"pa_procent-43-4-en","11":"pa_producent-old-st-croix-en","12":"pa_volume-70-en-2","14":"first","15":"instock","16":"sale","17":"taxable","18":"shipping-taxable","19":"purchasable","20":"product-type-simple"},"bundled_by":[],"bundle_stock_status":"instock","bundle_stock_quantity":null,"bundle_virtual":false,"bundle_layout":"","bundle_add_to_cart_form_location":"","bundle_editable_in_cart":false,"bundle_sold_individually_context":"","bundle_item_grouping":"","bundle_min_size":"","bundle_max_size":"","bundle_price":[],"bundled_items":[],"bundle_sell_ids":[],"acf":[],"_links":{"self":[{"href":"https:\/\/www.raschvin.com\/en\/wp-json\/wp\/v2\/product\/118404","targetHints":{"allow":["GET"]}}],"collection":[{"href":"https:\/\/www.raschvin.com\/en\/wp-json\/wp\/v2\/product"}],"about":[{"href":"https:\/\/www.raschvin.com\/en\/wp-json\/wp\/v2\/types\/product"}],"wp:featuredmedia":[{"embeddable":true,"href":"https:\/\/www.raschvin.com\/en\/wp-json\/wp\/v2\/media\/118435"}],"wp:attachment":[{"href":"https:\/\/www.raschvin.com\/en\/wp-json\/wp\/v2\/media?parent=118404"}],"wp:term":[{"taxonomy":"product_brand","embeddable":true,"href":"https:\/\/www.raschvin.com\/en\/wp-json\/wp\/v2\/product_brand?post=118404"},{"taxonomy":"product_cat","embeddable":true,"href":"https:\/\/www.raschvin.com\/en\/wp-json\/wp\/v2\/product_cat?post=118404"},{"taxonomy":"product_tag","embeddable":true,"href":"https:\/\/www.raschvin.com\/en\/wp-json\/wp\/v2\/product_tag?post=118404"}],"curies":[{"name":"wp","href":"https:\/\/api.w.org\/{rel}","templated":true}]}}