{"id":109436,"date":"2025-12-10T09:04:16","date_gmt":"2025-12-10T08:04:16","guid":{"rendered":"https:\/\/www.raschvin.com\/?post_type=product&#038;p=109436"},"modified":"2025-12-10T09:09:20","modified_gmt":"2025-12-10T08:09:20","slug":"compass-box-flaming-heart-25th-anniversary-edition-70-cl-489-kopier","status":"publish","type":"product","link":"https:\/\/www.raschvin.com\/en\/product\/compass-box-flaming-heart-25th-anniversary-edition-70-cl-489-kopier\/","title":{"rendered":"Compass Box &#8211; Brulee Royale 70 cl. 49%"},"content":{"rendered":"<p>Step back in time to Versailles, where a world of innovation, alchemy &amp; indulgence unfolded deep within the palace walls. Br\u00fbl\u00e9e Royale explores that universe of sweet alchemy, layering flavours of vanilla custard, scorched sugar and freshly opened vanilla pods. A WHISKY FIT FOR ROYAL TASTES Sugar is not destroyed by fire but transformed. If you\u2019re precise, of course. Br\u00fbl\u00e9e Royale is inspired by Fran\u00e7ois Massialot, the visionary French chef who worked in the Palace of Versailles\u2019s kitchens and wrote the first recipe for what we would come to recognise as the cr\u00e8me br\u00fbl\u00e9e. Versailles in the 17th century was the dazzling epicentre of innovation in art, science and gastronomy. It was Massialot\u2019s playground and science lab, but when preparing desserts to satisfy royal appetites, the margin for error was miniscule. In pursuit of perfection, he became known for both his innovation, and his exactitude.. Caramelising sugar with a red-hot fire shovel, for example, must have required extensive practice! Just as Massialot stoked the flames at Versailles to achieve the perfect caramelised crust, our friends at Independent Stave Co.\u2019s Missouri cooperage employ computer-controlled toasting and charring techniques to coax extraordinary flavours from American white oak with great precision. FLAVOUR PROFILE Immediate Cr\u00e8me Brul\u00e9e, which opens to custard Danish and scorched sugar brittles. The palate is thick with clotted cream, honeyed malt and broiled peaches followed by custard &amp; Tarte Tatin. Pannacotta &amp; gentle nutmeg spice followed by silken jersey milk, toasted sugar and banana split. RECOMMENDATIONS Any manner of French desserts. TECHNICAL DETAILS Bottled August 2025. Blended Malt Scotch Whisky. Bottle Number: 8,556. Bottled at 49% ABV. Not chill-filtered. Our br\u00fbl\u00e9e, fit for anyone with a royal appetite, combines the silky vanilla custard notes of malt whiskies matured in ex-bourbon barrels with sweet, crackling toffee flavours delivered by custom American oak barrels.<\/p>\n","protected":false},"excerpt":{"rendered":"<p>Blended Malt Scotch Whisky<\/p>\n","protected":false},"featured_media":109480,"template":"","meta":{"_acf_changed":false,"rs_blank_template":"","rs_page_bg_color":"","slide_template_v7":""},"product_brand":[],"product_cat":[983,4647,984],"product_tag":[],"class_list":{"0":"post-109436","1":"product","2":"type-product","3":"status-publish","4":"has-post-thumbnail","6":"product_cat-avec-en","7":"product_cat-blended-malt","8":"product_cat-whisky-en","9":"pa_land-scotland","10":"pa_procent-49-en","11":"pa_producent-compass-box-en","12":"pa_volume-70-en-2","14":"first","15":"instock","16":"taxable","17":"shipping-taxable","18":"purchasable","19":"product-type-simple"},"bundled_by":[],"bundle_stock_status":"instock","bundle_stock_quantity":null,"bundle_virtual":false,"bundle_layout":"","bundle_add_to_cart_form_location":"","bundle_editable_in_cart":false,"bundle_sold_individually_context":"","bundle_item_grouping":"","bundle_min_size":"","bundle_max_size":"","bundle_price":[],"bundled_items":[],"bundle_sell_ids":[],"acf":[],"_links":{"self":[{"href":"https:\/\/www.raschvin.com\/en\/wp-json\/wp\/v2\/product\/109436","targetHints":{"allow":["GET"]}}],"collection":[{"href":"https:\/\/www.raschvin.com\/en\/wp-json\/wp\/v2\/product"}],"about":[{"href":"https:\/\/www.raschvin.com\/en\/wp-json\/wp\/v2\/types\/product"}],"wp:featuredmedia":[{"embeddable":true,"href":"https:\/\/www.raschvin.com\/en\/wp-json\/wp\/v2\/media\/109480"}],"wp:attachment":[{"href":"https:\/\/www.raschvin.com\/en\/wp-json\/wp\/v2\/media?parent=109436"}],"wp:term":[{"taxonomy":"product_brand","embeddable":true,"href":"https:\/\/www.raschvin.com\/en\/wp-json\/wp\/v2\/product_brand?post=109436"},{"taxonomy":"product_cat","embeddable":true,"href":"https:\/\/www.raschvin.com\/en\/wp-json\/wp\/v2\/product_cat?post=109436"},{"taxonomy":"product_tag","embeddable":true,"href":"https:\/\/www.raschvin.com\/en\/wp-json\/wp\/v2\/product_tag?post=109436"}],"curies":[{"name":"wp","href":"https:\/\/api.w.org\/{rel}","templated":true}]}}