{"id":106851,"date":"2025-11-22T07:40:07","date_gmt":"2025-11-22T06:40:07","guid":{"rendered":"https:\/\/www.raschvin.com\/?post_type=product&#038;p=106851"},"modified":"2025-11-22T07:43:06","modified_gmt":"2025-11-22T06:43:06","slug":"louis-jadot-marc-de-bourgogne-a-la-mascotte-70-cl-40-kopier","status":"publish","type":"product","link":"https:\/\/www.raschvin.com\/en\/product\/louis-jadot-marc-de-bourgogne-a-la-mascotte-70-cl-40-kopier\/","title":{"rendered":"Louis Jadot &#8211; Marc de Bourgogne A la Mascotte 3 cl. (Tasting Sample) 40%"},"content":{"rendered":"<p>This Marc is made from grapes sourced both from C\u00f4te de Beaune and C\u00f4te de Nuits, using both Chardonnay and Pinot Noir grapes, again from both Premier Cru and Grand Cru vineyards. It is a Marc without a vintage designation and is actually a blend, not only of different grape varieties but also of different vintages, including grapes from vintages aged between 5 and 30 years. The aging process takes place in oak barrels of various ages. In the barrels, a slow evaporation occurs, giving the Marc fine, soft notes of caramel and elegant tannins from the wood. It is perfect as a conclusion to a delightful evening meal and pairs excellently with, for example, apple pie or cheese.<\/p>\n<p>Maison Louis Jadot<br \/>\nLouis Jadot is among the most historic and prestigious wine producers in Burgundy for both white and red wines. Louis Henri Denis Jadot came to Beaune from Belgium in the late 1700s and purchased several vineyards, including the legendary monopole vineyard \u201cBeaune 1er Cru Clos des Ursules,\u201d which to this day remains one of the house&#8217;s signature wines. Maison Louis Jadot was established in 1859. The winery owns a total of 150 hectares of vineyards, 70 of which are located in the C\u00f4te d\u2019Or. Today, some mistakenly regard Louis Jadot as a n\u00e9gociant buying grapes from local growers, but up to 70% of the wines come from the house&#8217;s own vineyards. That Louis Jadot is today one of the most highly regarded wineries in Burgundy is largely due to the exceptional and acclaimed wines created and developed by the legendary and charismatic winemaker Jacques Lardi\u00e8re since 1970. He retired in 2012, passing the torch to Fr\u00e9d\u00e9ric Barnier, who, with great respect for Lardi\u00e8re&#8217;s work, has taken on the legacy and the task. The consistently high quality of the wines has, among other things, resulted in Louis Jadot&#8217;s wines being featured on 19 of France&#8217;s 27 three-star Michelin restaurants.*<\/p>\n","protected":false},"excerpt":{"rendered":"<p>Marc de France<\/p>\n","protected":false},"featured_media":103461,"template":"","meta":{"_acf_changed":false,"rs_blank_template":"","rs_page_bg_color":"","slide_template_v7":""},"product_brand":[],"product_cat":[8856,8624],"product_tag":[],"class_list":{"0":"post-106851","1":"product","2":"type-product","3":"status-publish","4":"has-post-thumbnail","6":"product_cat-armagnac-marc-sample","7":"product_cat-samples-en","8":"pa_drue-chardonnay-en","9":"pa_drue-pinot-noir-en","10":"pa_land-france","11":"pa_procent-40-en-2","12":"pa_producent-maison-louis-jadot-en","13":"pa_region-bourgogne-en","14":"pa_volume-3-en","16":"first","17":"instock","18":"taxable","19":"shipping-taxable","20":"purchasable","21":"product-type-simple"},"bundled_by":[],"bundle_stock_status":"instock","bundle_stock_quantity":null,"bundle_virtual":false,"bundle_layout":"","bundle_add_to_cart_form_location":"","bundle_editable_in_cart":false,"bundle_sold_individually_context":"","bundle_item_grouping":"","bundle_min_size":"","bundle_max_size":"","bundle_price":[],"bundled_items":[],"bundle_sell_ids":[],"acf":[],"_links":{"self":[{"href":"https:\/\/www.raschvin.com\/en\/wp-json\/wp\/v2\/product\/106851","targetHints":{"allow":["GET"]}}],"collection":[{"href":"https:\/\/www.raschvin.com\/en\/wp-json\/wp\/v2\/product"}],"about":[{"href":"https:\/\/www.raschvin.com\/en\/wp-json\/wp\/v2\/types\/product"}],"wp:featuredmedia":[{"embeddable":true,"href":"https:\/\/www.raschvin.com\/en\/wp-json\/wp\/v2\/media\/103461"}],"wp:attachment":[{"href":"https:\/\/www.raschvin.com\/en\/wp-json\/wp\/v2\/media?parent=106851"}],"wp:term":[{"taxonomy":"product_brand","embeddable":true,"href":"https:\/\/www.raschvin.com\/en\/wp-json\/wp\/v2\/product_brand?post=106851"},{"taxonomy":"product_cat","embeddable":true,"href":"https:\/\/www.raschvin.com\/en\/wp-json\/wp\/v2\/product_cat?post=106851"},{"taxonomy":"product_tag","embeddable":true,"href":"https:\/\/www.raschvin.com\/en\/wp-json\/wp\/v2\/product_tag?post=106851"}],"curies":[{"name":"wp","href":"https:\/\/api.w.org\/{rel}","templated":true}]}}