{"id":105944,"date":"2025-11-17T08:57:03","date_gmt":"2025-11-17T07:57:03","guid":{"rendered":"https:\/\/www.raschvin.com\/?post_type=product&#038;p=105944"},"modified":"2025-11-17T09:17:19","modified_gmt":"2025-11-17T08:17:19","slug":"mescal-los-danzantes-anejo-70-cl-46-kopier","status":"publish","type":"product","link":"https:\/\/www.raschvin.com\/en\/product\/mescal-los-danzantes-anejo-70-cl-46-kopier\/","title":{"rendered":"Mescal Los Danzantes A\u00f1ejo 3 cl. (Tasting Sample) 46%"},"content":{"rendered":"<p>Los Danzantes A\u00f1ejo is a mezcal from Santiago Matatl\u00e1n in Oaxaca. It is made from 100% agave (espadin), which is baked in an underground stone oven, crushed with a traditional, horse-drawn tahona and fermented with wild yeast before distillation in small copper stills. This version is aged for 16 months in 70% American and 30% French oak. It is bottled at 46% alcohol.<\/p>\n<p>Colour: Golden.<br \/>\nSmell: In the aroma you will find forest floor, caramel, baked agave and ripe fruit.<br \/>\nTasting notes: Elegant, but also powerful. Notes of caramel, vanilla, cedar and cinnamon.<\/p>\n<p>Serving suggestion: Should be enjoyed neat.<\/p>\n<p>Los Danzantes is located in Santiago Matatl\u00e1n in the state of Oaxaca. Here, Karina Abad and Joel Antonio produce mezcal with a focus on traditional craftsmanship. The brand and distillery are named after the approximately 300 stone reliefs found in the ancient city of Monte Alban, which depict a series of figures in strange poses. At first glance, it seemed to the discoverers that they were dancing, which is why they got the name (&#8220;the dancing ones&#8221;), but today the interpretation of the images is more gloomy. Now the figures are believed to be killed and mutilated prisoners. Phew!<\/p>\n<p>At Los Danzantes, it is precisely history and tradition that drive the work. The large stone wheel that crushes the baked agave hearts is pulled by a horse named Samson \u2013 and this is almost the pinnacle of the distillery&#8217;s technology! The only quirk that some would consider unconventional is Danzantes&#8217; use of barrel aging. It is one of the few mezcal distilleries that also produces both a reposado and an a\u00f1ejo.<\/p>\n","protected":false},"excerpt":{"rendered":"<p>Mescal Artesanal &#8211; Oaxaca Mexico<\/p>\n","protected":false},"featured_media":103461,"template":"","meta":{"_acf_changed":false,"rs_blank_template":"","rs_page_bg_color":"","slide_template_v7":""},"product_brand":[],"product_cat":[8624,8838],"product_tag":[],"class_list":{"0":"post-105944","1":"product","2":"type-product","3":"status-publish","4":"has-post-thumbnail","6":"product_cat-samples-en","7":"product_cat-tequila-mescal-tasting","8":"pa_land-mexico-en","9":"pa_procent-46-en","10":"pa_producent-destileria-los-danzantes-en","11":"pa_region-oaxaca-en","12":"pa_vintage-2019-en","13":"pa_volume-3-en","15":"first","16":"instock","17":"taxable","18":"shipping-taxable","19":"purchasable","20":"product-type-simple"},"bundled_by":[],"bundle_stock_status":"instock","bundle_stock_quantity":null,"bundle_virtual":false,"bundle_layout":"","bundle_add_to_cart_form_location":"","bundle_editable_in_cart":false,"bundle_sold_individually_context":"","bundle_item_grouping":"","bundle_min_size":"","bundle_max_size":"","bundle_price":[],"bundled_items":[],"bundle_sell_ids":[],"acf":[],"_links":{"self":[{"href":"https:\/\/www.raschvin.com\/en\/wp-json\/wp\/v2\/product\/105944","targetHints":{"allow":["GET"]}}],"collection":[{"href":"https:\/\/www.raschvin.com\/en\/wp-json\/wp\/v2\/product"}],"about":[{"href":"https:\/\/www.raschvin.com\/en\/wp-json\/wp\/v2\/types\/product"}],"wp:featuredmedia":[{"embeddable":true,"href":"https:\/\/www.raschvin.com\/en\/wp-json\/wp\/v2\/media\/103461"}],"wp:attachment":[{"href":"https:\/\/www.raschvin.com\/en\/wp-json\/wp\/v2\/media?parent=105944"}],"wp:term":[{"taxonomy":"product_brand","embeddable":true,"href":"https:\/\/www.raschvin.com\/en\/wp-json\/wp\/v2\/product_brand?post=105944"},{"taxonomy":"product_cat","embeddable":true,"href":"https:\/\/www.raschvin.com\/en\/wp-json\/wp\/v2\/product_cat?post=105944"},{"taxonomy":"product_tag","embeddable":true,"href":"https:\/\/www.raschvin.com\/en\/wp-json\/wp\/v2\/product_tag?post=105944"}],"curies":[{"name":"wp","href":"https:\/\/api.w.org\/{rel}","templated":true}]}}