{"id":100400,"date":"2025-10-10T06:40:08","date_gmt":"2025-10-10T04:40:08","guid":{"rendered":"https:\/\/www.raschvin.com\/?post_type=product&#038;p=100400"},"modified":"2025-10-10T06:46:29","modified_gmt":"2025-10-10T04:46:29","slug":"bornholmer-jule-akvavit-70-cl-42-kopier","status":"publish","type":"product","link":"https:\/\/www.raschvin.com\/en\/product\/bornholmer-jule-akvavit-70-cl-42-kopier\/","title":{"rendered":"Aalborg Jule Akvavit 2025 70 cl. 47%"},"content":{"rendered":"<p>Serving temperature:<br \/>\n-18 to +5\u00b0C<\/p>\n<p>AALBORG JULE AKVAVIT 2025 \u2013 No. 44<\/p>\n<p>THE STORY<br \/>\nAalborg Jule Akvavit rests on the craftsmanship principles of old times. That\u2019s why it has its strong character, high caraway content, and robust taste. The recipe has remained unchanged since its launch in December 1982, though the bottle design has varied from Christmas to Christmas.<\/p>\n<p>The alcohol strength is 47%, equivalent to 8 degrees \u201cSpendrup\u201d \u2014 the old Danish measurement for alcohol used in the late 1800s.<br \/>\nTraditionally, Aalborg Jule Akvavit has been accompanied by an elegant gift box. However, new sustainability requirements and a focus on reducing packaging mean that the box will no longer be produced. Christmas is the season of tradition \u2014 and now, a new one is born, with the beautifully designed bottle itself taking center stage on the festive table. This year\u2019s Aalborg Jule Akvavit comes in the award-winning and exceptionally elegant bottle, created to celebrate Danish design and craftsmanship.<\/p>\n<p>NO. 44 \u2013 THE ORIGINAL CHRISTMAS AQUAVIT<\/p>\n<p>We celebrate the Danish soul, tradition, and spirit \u2014 all beautifully expressed in the double meaning of The Danish Spirit. This year\u2019s design embraces Danish hygge \u2014 the warmth of the home, where we gather to enjoy each other\u2019s company, good food, and a fine aquavit.<\/p>\n<p>THE EXPERIENCE<br \/>\nAalborg Jule Akvavit is made from distillates of caraway, dill, and coriander seeds. Its aroma and taste reveal a robust character of caraway balanced by a fine aftertaste of orange, almond, and citrus.<br \/>\nA taste and quality that have repeatedly impressed the judges at the International Wines and Spirits Contest (IWSC) \u2014 most recently earning a gold medal and an impressive 95 out of 100 points. Back in 2016, Aalborg Jule Akvavit was crowned World\u2019s Best Spirit.<\/p>\n<p>FOOD PAIRING<br \/>\nAalborg Jule Akvavit pairs beautifully with almost all traditional Danish Christmas dishes \u2014 from marinated herring and salmon to roast pork, liver p\u00e2t\u00e9, and meatballs with pickles. It also makes a wonderful addition to Christmas gl\u00f8gg and can be enjoyed neat in front of the fireplace on a cold winter evening.<\/p>\n","protected":false},"excerpt":{"rendered":"<p>Christmas Aalborg Akvavit \u2013 Danish Akvavit<\/p>\n","protected":false},"featured_media":100409,"template":"","meta":{"_acf_changed":false,"rs_blank_template":"","rs_page_bg_color":"","slide_template_v7":""},"product_brand":[],"product_cat":[991,990,4462],"product_tag":[],"class_list":{"0":"post-100400","1":"product","2":"type-product","3":"status-publish","4":"has-post-thumbnail","6":"product_cat-akvavit-snaps-en","7":"product_cat-brandies","8":"product_cat-christmas","9":"pa_aargang-2025-en","10":"pa_land-denmark","11":"pa_procent-47-en","12":"pa_producent-de-danske-spritfabrikker-en","13":"pa_serveringstemperatur-18-5-en","14":"pa_volume-70-en-2","16":"first","17":"outofstock","18":"taxable","19":"shipping-taxable","20":"purchasable","21":"product-type-simple"},"bundled_by":[],"bundle_stock_status":"outofstock","bundle_stock_quantity":null,"bundle_virtual":false,"bundle_layout":"","bundle_add_to_cart_form_location":"","bundle_editable_in_cart":false,"bundle_sold_individually_context":"","bundle_item_grouping":"","bundle_min_size":"","bundle_max_size":"","bundle_price":[],"bundled_items":[],"bundle_sell_ids":[],"acf":[],"_links":{"self":[{"href":"https:\/\/www.raschvin.com\/en\/wp-json\/wp\/v2\/product\/100400","targetHints":{"allow":["GET"]}}],"collection":[{"href":"https:\/\/www.raschvin.com\/en\/wp-json\/wp\/v2\/product"}],"about":[{"href":"https:\/\/www.raschvin.com\/en\/wp-json\/wp\/v2\/types\/product"}],"wp:featuredmedia":[{"embeddable":true,"href":"https:\/\/www.raschvin.com\/en\/wp-json\/wp\/v2\/media\/100409"}],"wp:attachment":[{"href":"https:\/\/www.raschvin.com\/en\/wp-json\/wp\/v2\/media?parent=100400"}],"wp:term":[{"taxonomy":"product_brand","embeddable":true,"href":"https:\/\/www.raschvin.com\/en\/wp-json\/wp\/v2\/product_brand?post=100400"},{"taxonomy":"product_cat","embeddable":true,"href":"https:\/\/www.raschvin.com\/en\/wp-json\/wp\/v2\/product_cat?post=100400"},{"taxonomy":"product_tag","embeddable":true,"href":"https:\/\/www.raschvin.com\/en\/wp-json\/wp\/v2\/product_tag?post=100400"}],"curies":[{"name":"wp","href":"https:\/\/api.w.org\/{rel}","templated":true}]}}