{"id":100208,"date":"2025-10-09T09:00:56","date_gmt":"2025-10-09T07:00:56","guid":{"rendered":"https:\/\/www.raschvin.com\/?post_type=product&#038;p=100208"},"modified":"2025-10-09T09:05:03","modified_gmt":"2025-10-09T07:05:03","slug":"fanoe-fanniker-island-ipa-50-cl-55-kopier-2","status":"publish","type":"product","link":"https:\/\/www.raschvin.com\/en\/product\/fanoe-fanniker-island-ipa-50-cl-55-kopier-2\/","title":{"rendered":"Fan\u00f8 Citrus I Solen &#8211; Yuzu Island Radler &#8211; Collab 50 cl. 3,8%"},"content":{"rendered":"<p>When our friends from \u00c5BEN once again visited Fan\u00f8, we thought we\u2019d team up and brew something delightful, refreshing, and delicious for the coming summer months.<br \/>\nCitrus i Solen is a refreshing and zesty Radler that, thanks to its light and crisp base, allows the juicy citrus notes of yuzu and mandarin to truly shine through.<br \/>\nA thirst-quenching and highly drinkable beer that tastes absolutely perfect under the summer sun.<br \/>\nMalts: Pilsner and Dextrin Malt<br \/>\nHops: Bittering<br \/>\nBrewed with: Mandarin, Yuzu Juice<br \/>\nAroma: Yuzu and Mandarin<br \/>\nYeast: Lager<\/p>\n","protected":false},"excerpt":{"rendered":"<p>Fan\u00f8 Bryghus \u2013 Denmark<\/p>\n","protected":false},"featured_media":100259,"template":"","meta":{"_acf_changed":false,"rs_blank_template":"","rs_page_bg_color":"","slide_template_v7":""},"product_brand":[],"product_cat":[2800,7208,2815],"product_tag":[],"class_list":{"0":"post-100208","1":"product","2":"type-product","3":"status-publish","4":"has-post-thumbnail","6":"product_cat-beer","7":"product_cat-lager-en","8":"product_cat-lager-beer","9":"pa_champagne-type-radler-en","10":"pa_land-denmark","11":"pa_procent-3-8-en","12":"pa_producent-fanoe-bryghus-en","13":"pa_region-fanoe-en","14":"pa_serveringstemperatur-8-10-en","15":"pa_volume-50-en","17":"first","18":"instock","19":"taxable","20":"shipping-taxable","21":"purchasable","22":"product-type-simple"},"bundled_by":[],"bundle_stock_status":"instock","bundle_stock_quantity":null,"bundle_virtual":false,"bundle_layout":"","bundle_add_to_cart_form_location":"","bundle_editable_in_cart":false,"bundle_sold_individually_context":"","bundle_item_grouping":"","bundle_min_size":"","bundle_max_size":"","bundle_price":[],"bundled_items":[],"bundle_sell_ids":[],"acf":[],"_links":{"self":[{"href":"https:\/\/www.raschvin.com\/en\/wp-json\/wp\/v2\/product\/100208","targetHints":{"allow":["GET"]}}],"collection":[{"href":"https:\/\/www.raschvin.com\/en\/wp-json\/wp\/v2\/product"}],"about":[{"href":"https:\/\/www.raschvin.com\/en\/wp-json\/wp\/v2\/types\/product"}],"wp:featuredmedia":[{"embeddable":true,"href":"https:\/\/www.raschvin.com\/en\/wp-json\/wp\/v2\/media\/100259"}],"wp:attachment":[{"href":"https:\/\/www.raschvin.com\/en\/wp-json\/wp\/v2\/media?parent=100208"}],"wp:term":[{"taxonomy":"product_brand","embeddable":true,"href":"https:\/\/www.raschvin.com\/en\/wp-json\/wp\/v2\/product_brand?post=100208"},{"taxonomy":"product_cat","embeddable":true,"href":"https:\/\/www.raschvin.com\/en\/wp-json\/wp\/v2\/product_cat?post=100208"},{"taxonomy":"product_tag","embeddable":true,"href":"https:\/\/www.raschvin.com\/en\/wp-json\/wp\/v2\/product_tag?post=100208"}],"curies":[{"name":"wp","href":"https:\/\/api.w.org\/{rel}","templated":true}]}}